{"id":959,"date":"2015-06-01T10:24:38","date_gmt":"2015-06-01T10:24:38","guid":{"rendered":"http:\/\/bursa3radom.pl\/?page_id=959"},"modified":"2026-03-20T20:29:27","modified_gmt":"2026-03-20T20:29:27","slug":"regulamin-oplat","status":"publish","type":"page","link":"https:\/\/bursa3radom.pl\/?page_id=959","title":{"rendered":"Regulamin op\u0142at"},"content":{"rendered":"\n<div data-wp-interactive=\"core\/file\" class=\"wp-block-file\"><object data-wp-bind--hidden=\"!state.hasPdfPreview\" hidden class=\"wp-block-file__embed\" data=\"http:\/\/bursa3radom.pl\/wp-content\/uploads\/2024\/09\/Regulamin-oplat-za-burse-.pdf\" type=\"application\/pdf\" style=\"width:100%;height:200px\" aria-label=\"Osadzone z Regulamin op\u0142at za burs\u0119.\"><\/object><a id=\"wp-block-file--media-2fe45e32-5b31-49d6-b982-3835d9699b81\" href=\"http:\/\/bursa3radom.pl\/wp-content\/uploads\/2024\/09\/Regulamin-oplat-za-burse-.pdf\">Regulamin op\u0142at za burs\u0119<\/a><a href=\"http:\/\/bursa3radom.pl\/wp-content\/uploads\/2024\/09\/Regulamin-oplat-za-burse-.pdf\" class=\"wp-block-file__button wp-element-button\" download aria-describedby=\"wp-block-file--media-2fe45e32-5b31-49d6-b982-3835d9699b81\">Pobierz<\/a><\/div>\n\n\n\n<div class=\"wp-block-file\"><a id=\"wp-block-file--media-676a9026-b67f-4dc5-a8d4-f1760333cbc5\" href=\"http:\/\/bursa3radom.pl\/wp-content\/uploads\/2019\/11\/Zobowi\u0105zanie-o-p\u0142atno\u015bci-za-pobyt-ucznia.pdf\">Zobowi\u0105zanie do p\u0142atno\u015bci za pobyt ucznia<\/a><a href=\"http:\/\/bursa3radom.pl\/wp-content\/uploads\/2019\/11\/Zobowi\u0105zanie-o-p\u0142atno\u015bci-za-pobyt-ucznia.pdf\" class=\"wp-block-file__button wp-element-button\" download aria-describedby=\"wp-block-file--media-676a9026-b67f-4dc5-a8d4-f1760333cbc5\">Pobierz<\/a><\/div>\n","protected":false},"excerpt":{"rendered":"","protected":false},"author":1,"featured_media":0,"parent":0,"menu_order":0,"comment_status":"closed","ping_status":"closed","template":"","meta":{"footnotes":""},"class_list":["post-959","page","type-page","status-publish","hentry"],"_links":{"self":[{"href":"https:\/\/bursa3radom.pl\/index.php?rest_route=\/wp\/v2\/pages\/959","targetHints":{"allow":["GET"]}}],"collection":[{"href":"https:\/\/bursa3radom.pl\/index.php?rest_route=\/wp\/v2\/pages"}],"about":[{"href":"https:\/\/bursa3radom.pl\/index.php?rest_route=\/wp\/v2\/types\/page"}],"author":[{"embeddable":true,"href":"https:\/\/bursa3radom.pl\/index.php?rest_route=\/wp\/v2\/users\/1"}],"replies":[{"embeddable":true,"href":"https:\/\/bursa3radom.pl\/index.php?rest_route=%2Fwp%2Fv2%2Fcomments&post=959"}],"version-history":[{"count":11,"href":"https:\/\/bursa3radom.pl\/index.php?rest_route=\/wp\/v2\/pages\/959\/revisions"}],"predecessor-version":[{"id":5604,"href":"https:\/\/bursa3radom.pl\/index.php?rest_route=\/wp\/v2\/pages\/959\/revisions\/5604"}],"wp:attachment":[{"href":"https:\/\/bursa3radom.pl\/index.php?rest_route=%2Fwp%2Fv2%2Fmedia&parent=959"}],"curies":[{"name":"wp","href":"https:\/\/api.w.org\/{rel}","templated":true}]}}