{"id":8,"date":"2014-01-20T16:34:23","date_gmt":"2014-01-20T16:34:23","guid":{"rendered":"http:\/\/bursa3radom.pl\/?page_id=8"},"modified":"2026-03-23T16:14:34","modified_gmt":"2026-03-23T16:14:34","slug":"baza","status":"publish","type":"page","link":"https:\/\/bursa3radom.pl\/?page_id=8","title":{"rendered":"Baza"},"content":{"rendered":"<h4>\u00a0<\/h4>\n<h4 align=\"justify\"><span style=\"font-family: 'Times New Roman', serif; font-size: 12pt;\">Nasza bursa mie\u015bci si\u0119 w budynku trzykondygnacyjnym. Dysponuje 154 miejscami w pokojach trzy i czteroosobowych. Na I pi\u0119trze znajduj\u0105 si\u0119 pokoje\u00a0 dla dziewcz\u0105t a na II pi\u0119trze dla dziewcz\u0105t i ch\u0142opc\u00f3w.<br \/><\/span><\/h4>\n<p><span style=\"font-family: 'Times New Roman', serif; font-size: 12pt;\"><a href=\"http:\/\/bursa3radom.pl\/wp-content\/uploads\/2014\/01\/DSC_10671.jpg\"><img loading=\"lazy\" decoding=\"async\" class=\"size-thumbnail wp-image-297 alignleft\" src=\"http:\/\/bursa3radom.pl\/wp-content\/uploads\/2014\/01\/DSC_10671-150x150.jpg\" alt=\"DSC_1067\" width=\"150\" height=\"150\" \/><\/a><\/span><\/p>\n<h4 align=\"justify\">\u00a0<\/h4>\n<h4 align=\"justify\">\u00a0<\/h4>\n<h4 align=\"justify\"><span style=\"font-family: 'Times New Roman', serif; font-size: 12pt;\">Pokoje s\u0105 wyposa\u017cone w: tapczany, szafy ubraniowe, szafki \u017cywno\u015bciowe, st\u00f3\u0142 i krzes\u0142a, po\u015bciel ( ko\u0142dra, poduszka, narzuta, koc oraz bielizna po\u015bcielowa ) <b>Dodatkowo, m\u0142odzie\u017c mo\u017ce korzysta\u0107 z \u0142\u0105cza Wi-fi.<\/b><\/span><\/h4>\n<h4><span style=\"font-size: 12pt; font-family: 'times new roman', times;\">Bursa dysponuje r\u00f3wnie\u017c pianinem z kt\u00f3rego korzysta\u0107 mog\u0105 uczniowie szko\u0142y muzycznej.<\/span><\/h4>\n<h4>\u00a0<\/h4>\n<h4>\u00a0<\/h4>\n<h4>\u00a0<\/h4>\n<h4><span style=\"color: #2300dc; font-size: 12pt;\"><span style=\"font-family: Times New Roman, serif;\"><b>Na parterze znajduje si\u0119:<\/b><\/span><\/span><\/h4>\n<ul>\n<li><span style=\"font-family: 'Times New Roman', serif; font-size: 12pt;\">jadalnia, gdzie spo\u017cywane s\u0105 posi\u0142ki,<\/span><\/li>\n<li><span style=\"font-family: 'Times New Roman', serif; font-size: 12pt;\">\u015bwietlica sportowa, w kt\u00f3rej odbywaj\u0105 si\u0119 r\u00f3\u017cnego rodzaju rozgrywki sportowe oraz uroczysto\u015bci dla ca\u0142ej spo\u0142eczno\u015bci bursy, wyposa\u017cona w st\u00f3\u0142 do ping-ponga, football sto\u0142owy, badminton, gry stolikowe, planszowe, pi\u0142ki do gier zespo\u0142owych, skakanki.<br \/><\/span><\/li>\n<li><span style=\"font-family: 'Times New Roman', serif; font-size: 12pt;\">kasa i ksi\u0119gowo\u015b\u0107, gdzie nale\u017cy uiszcza\u0107 op\u0142aty,<\/span><\/li>\n<li><span style=\"font-family: 'Times New Roman', serif; font-size: 12pt;\"> portiernia, gdzie znajduj\u0105 si\u0119 klucze do pokoi i szafek na obuwie<\/span><\/li>\n<li><span style=\"font-family: 'Times New Roman', serif; font-size: 12pt;\">gabinet dyrektora,<\/span><\/li>\n<li><span style=\"font-size: 12pt;\"><span style=\"font-family: Times New Roman, serif;\">kuchnia dla m\u0142odzie\u017cy (czynna w weekendy), gdzie mo\u017cna przygotowywa\u0107 posi\u0142ki i przechowywa\u0107 w lod\u00f3wce produkty \u00a0\u017cywno\u015bciowe, wyposa\u017cona w <\/span><span style=\"font-family: Times New Roman, serif;\">kuchni\u0119 elektryczn\u0105, kuchenk\u0119 mikrofalowa, lod\u00f3wki, opiekacz elektryczny, urz\u0105dzenie do popcornu, frytkownic\u0119, opiekacze do kanapek, gofrownic\u0119, mikser, talerze, sztu\u0107ce, garnki, patelnie, brytfanki <\/span><\/span><\/li>\n<li><span style=\"font-family: 'Times New Roman', serif; font-size: 12pt;\">pralnia wyposa\u017cona w 2 pralki automatyczne oraz suszarki (do dyspozycji m\u0142odzie\u017cy pozostaj\u0105cej na weekendy).<br \/><\/span><\/li>\n<\/ul>\n<p><span style=\"color: #2300dc; font-size: 12pt;\"><span style=\"font-family: Times New Roman, serif;\"><b>Na I pi\u0119trze znajduje si\u0119:<\/b><\/span><\/span><\/p>\n<ul>\n<li><span style=\"color: #000000; font-size: 12pt;\"><span style=\"font-family: Times New Roman, serif;\">20 pokoi mieszkalnych dla dziewcz\u0105t<\/span><\/span><\/li>\n<li><span style=\"font-family: 'Times New Roman', serif; font-size: 12pt;\">pok\u00f3j wychowawc\u00f3w<\/span><\/li>\n<li><span style=\"color: #000000; font-size: 12pt;\"><span style=\"font-family: Times New Roman, serif;\">dwa pokoje wychowawc\u00f3w grup<\/span><\/span><\/li>\n<li><span style=\"color: #000000; font-size: 12pt;\"><span style=\"font-family: Times New Roman, serif;\">\u0142azienka dla dziewcz\u0105t <\/span><\/span><\/li>\n<li><span style=\"color: #000000; font-size: 12pt;\"><span style=\"font-family: Times New Roman, serif;\">dwa pokoje cichej nauki ( uczelnie )<\/span><\/span><\/li>\n<li><span style=\"font-family: 'Times New Roman', serif; font-size: 12pt;\"><span style=\"color: #000000;\">pracownia pomocy naukowych<\/span> <\/span><\/li>\n<\/ul>\n<p><span style=\"color: #ff0000; font-size: 12pt;\"><span style=\"font-family: Times New Roman, serif;\">Wyposa\u017cenie pracowni pomocy naukowych do dyspozycji m\u0142odzie\u017cy:<\/span><\/span><\/p>\n<ul>\n<li><span style=\"font-family: 'Times New Roman', serif; font-size: 12pt;\">bogaty ksi\u0119gozbi\u00f3r licz\u0105cy ok. 1000 wolumin\u00f3w<\/span><\/li>\n<li><span style=\"font-family: 'Times New Roman', serif; font-size: 12pt;\">2 stanowiska z komputerami pod\u0142\u0105czonymi do Internetu <\/span><\/li>\n<li><span style=\"font-family: 'Times New Roman', serif; font-size: 12pt;\">kserokopiarka<br \/><\/span><\/li>\n<li><span style=\"font-family: 'Times New Roman', serif; font-size: 12pt;\">drukarka<\/span><\/li>\n<li><span style=\"font-family: 'Times New Roman', serif; font-size: 12pt;\">mapy <\/span><\/li>\n<\/ul>\n<p><span style=\"color: #0000ff; font-size: 12pt;\"><span style=\"font-family: Times New Roman, serif;\"><b>Na II pi\u0119trze znajduje si\u0119:<\/b><\/span><\/span><\/p>\n<ul>\n<li><span style=\"font-family: 'Times New Roman', serif; font-size: 12pt;\">21 pokoi mieszkalnych (pi\u0119tro koedukacyjne)<\/span><\/li>\n<li><span style=\"font-family: 'Times New Roman', serif; font-size: 12pt;\">2 pokoje wychowawc\u00f3w <\/span><\/li>\n<li><span style=\"font-family: 'Times New Roman', serif; font-size: 12pt;\">\u0142azienka\u00a0<\/span><\/li>\n<li><span style=\"font-family: 'Times New Roman', serif; font-size: 12pt;\">2 pokoje cichej nauki ( uczelnie )<\/span><\/li>\n<li><span style=\"font-family: 'Times New Roman', serif; font-size: 12pt;\">sala telewizyjna<\/span><\/li>\n<li><span style=\"font-size: 12pt; font-family: 'times new roman', times;\">pomieszczenie, w kt\u00f3rym m\u0142odzie\u017c ucz\u0105ca si\u0119 w szkole muzycznej mo\u017ce \u0107wiczy\u0107 \u015bpiew lub gr\u0119 na instrumencie<\/span><\/li>\n<\/ul>\n<p>\u00a0<\/p>\n<p>\u00a0<\/p>\n\n\n<figure class=\"wp-block-gallery has-nested-images columns-default is-cropped wp-block-gallery-1 is-layout-flex wp-block-gallery-is-layout-flex\">\n<figure class=\"wp-block-image size-large\"><a href=\"https:\/\/bursa3radom.pl\/wp-content\/uploads\/2026\/03\/IMG_1399-1-scaled.jpg\"><img loading=\"lazy\" decoding=\"async\" width=\"1024\" height=\"768\" data-id=\"5642\" src=\"https:\/\/bursa3radom.pl\/wp-content\/uploads\/2026\/03\/IMG_1399-1-1024x768.jpg\" alt=\"\" class=\"wp-image-5642\" srcset=\"https:\/\/bursa3radom.pl\/wp-content\/uploads\/2026\/03\/IMG_1399-1-1024x768.jpg 1024w, https:\/\/bursa3radom.pl\/wp-content\/uploads\/2026\/03\/IMG_1399-1-300x225.jpg 300w, https:\/\/bursa3radom.pl\/wp-content\/uploads\/2026\/03\/IMG_1399-1-768x576.jpg 768w, https:\/\/bursa3radom.pl\/wp-content\/uploads\/2026\/03\/IMG_1399-1-1536x1152.jpg 1536w, https:\/\/bursa3radom.pl\/wp-content\/uploads\/2026\/03\/IMG_1399-1-2048x1536.jpg 2048w, https:\/\/bursa3radom.pl\/wp-content\/uploads\/2026\/03\/IMG_1399-1-100x75.jpg 100w\" sizes=\"auto, (max-width: 1024px) 100vw, 1024px\" \/><\/a><\/figure>\n\n\n\n<figure class=\"wp-block-image size-large\"><a href=\"https:\/\/bursa3radom.pl\/wp-content\/uploads\/2026\/03\/IMG_1417-3-scaled.jpg\"><img loading=\"lazy\" decoding=\"async\" width=\"1024\" height=\"768\" data-id=\"5640\" src=\"https:\/\/bursa3radom.pl\/wp-content\/uploads\/2026\/03\/IMG_1417-3-1024x768.jpg\" alt=\"\" class=\"wp-image-5640\" srcset=\"https:\/\/bursa3radom.pl\/wp-content\/uploads\/2026\/03\/IMG_1417-3-1024x768.jpg 1024w, https:\/\/bursa3radom.pl\/wp-content\/uploads\/2026\/03\/IMG_1417-3-300x225.jpg 300w, https:\/\/bursa3radom.pl\/wp-content\/uploads\/2026\/03\/IMG_1417-3-768x576.jpg 768w, https:\/\/bursa3radom.pl\/wp-content\/uploads\/2026\/03\/IMG_1417-3-1536x1152.jpg 1536w, https:\/\/bursa3radom.pl\/wp-content\/uploads\/2026\/03\/IMG_1417-3-2048x1536.jpg 2048w, https:\/\/bursa3radom.pl\/wp-content\/uploads\/2026\/03\/IMG_1417-3-100x75.jpg 100w\" sizes=\"auto, (max-width: 1024px) 100vw, 1024px\" \/><\/a><\/figure>\n\n\n\n<figure class=\"wp-block-image size-large\"><a href=\"https:\/\/bursa3radom.pl\/wp-content\/uploads\/2026\/03\/IMG_1404-3-scaled.jpg\"><img loading=\"lazy\" decoding=\"async\" width=\"1024\" height=\"768\" data-id=\"5646\" src=\"https:\/\/bursa3radom.pl\/wp-content\/uploads\/2026\/03\/IMG_1404-3-1024x768.jpg\" alt=\"\" class=\"wp-image-5646\" srcset=\"https:\/\/bursa3radom.pl\/wp-content\/uploads\/2026\/03\/IMG_1404-3-1024x768.jpg 1024w, https:\/\/bursa3radom.pl\/wp-content\/uploads\/2026\/03\/IMG_1404-3-300x225.jpg 300w, https:\/\/bursa3radom.pl\/wp-content\/uploads\/2026\/03\/IMG_1404-3-768x576.jpg 768w, https:\/\/bursa3radom.pl\/wp-content\/uploads\/2026\/03\/IMG_1404-3-1536x1152.jpg 1536w, https:\/\/bursa3radom.pl\/wp-content\/uploads\/2026\/03\/IMG_1404-3-2048x1536.jpg 2048w, https:\/\/bursa3radom.pl\/wp-content\/uploads\/2026\/03\/IMG_1404-3-100x75.jpg 100w\" sizes=\"auto, (max-width: 1024px) 100vw, 1024px\" \/><\/a><\/figure>\n\n\n\n<figure class=\"wp-block-image size-large\"><a href=\"https:\/\/bursa3radom.pl\/wp-content\/uploads\/2026\/03\/IMG_1416-3-scaled.jpg\"><img loading=\"lazy\" decoding=\"async\" width=\"1024\" height=\"768\" data-id=\"5643\" src=\"https:\/\/bursa3radom.pl\/wp-content\/uploads\/2026\/03\/IMG_1416-3-1024x768.jpg\" alt=\"\" class=\"wp-image-5643\" srcset=\"https:\/\/bursa3radom.pl\/wp-content\/uploads\/2026\/03\/IMG_1416-3-1024x768.jpg 1024w, https:\/\/bursa3radom.pl\/wp-content\/uploads\/2026\/03\/IMG_1416-3-300x225.jpg 300w, https:\/\/bursa3radom.pl\/wp-content\/uploads\/2026\/03\/IMG_1416-3-768x576.jpg 768w, https:\/\/bursa3radom.pl\/wp-content\/uploads\/2026\/03\/IMG_1416-3-1536x1152.jpg 1536w, https:\/\/bursa3radom.pl\/wp-content\/uploads\/2026\/03\/IMG_1416-3-2048x1536.jpg 2048w, https:\/\/bursa3radom.pl\/wp-content\/uploads\/2026\/03\/IMG_1416-3-100x75.jpg 100w\" sizes=\"auto, (max-width: 1024px) 100vw, 1024px\" \/><\/a><\/figure>\n\n\n\n<figure class=\"wp-block-image size-large\"><a href=\"https:\/\/bursa3radom.pl\/wp-content\/uploads\/2026\/03\/IMG_1414-3-scaled.jpg\"><img loading=\"lazy\" decoding=\"async\" width=\"1024\" height=\"768\" data-id=\"5644\" src=\"https:\/\/bursa3radom.pl\/wp-content\/uploads\/2026\/03\/IMG_1414-3-1024x768.jpg\" alt=\"\" class=\"wp-image-5644\" srcset=\"https:\/\/bursa3radom.pl\/wp-content\/uploads\/2026\/03\/IMG_1414-3-1024x768.jpg 1024w, https:\/\/bursa3radom.pl\/wp-content\/uploads\/2026\/03\/IMG_1414-3-300x225.jpg 300w, https:\/\/bursa3radom.pl\/wp-content\/uploads\/2026\/03\/IMG_1414-3-768x576.jpg 768w, https:\/\/bursa3radom.pl\/wp-content\/uploads\/2026\/03\/IMG_1414-3-1536x1152.jpg 1536w, https:\/\/bursa3radom.pl\/wp-content\/uploads\/2026\/03\/IMG_1414-3-2048x1536.jpg 2048w, https:\/\/bursa3radom.pl\/wp-content\/uploads\/2026\/03\/IMG_1414-3-100x75.jpg 100w\" sizes=\"auto, (max-width: 1024px) 100vw, 1024px\" \/><\/a><\/figure>\n\n\n\n<figure class=\"wp-block-image size-large\"><a href=\"https:\/\/bursa3radom.pl\/wp-content\/uploads\/2026\/03\/IMG_1420-1-scaled.jpg\"><img loading=\"lazy\" decoding=\"async\" width=\"1024\" height=\"768\" data-id=\"5639\" src=\"https:\/\/bursa3radom.pl\/wp-content\/uploads\/2026\/03\/IMG_1420-1-1024x768.jpg\" alt=\"\" class=\"wp-image-5639\" srcset=\"https:\/\/bursa3radom.pl\/wp-content\/uploads\/2026\/03\/IMG_1420-1-1024x768.jpg 1024w, https:\/\/bursa3radom.pl\/wp-content\/uploads\/2026\/03\/IMG_1420-1-300x225.jpg 300w, https:\/\/bursa3radom.pl\/wp-content\/uploads\/2026\/03\/IMG_1420-1-768x576.jpg 768w, https:\/\/bursa3radom.pl\/wp-content\/uploads\/2026\/03\/IMG_1420-1-1536x1152.jpg 1536w, https:\/\/bursa3radom.pl\/wp-content\/uploads\/2026\/03\/IMG_1420-1-2048x1536.jpg 2048w, https:\/\/bursa3radom.pl\/wp-content\/uploads\/2026\/03\/IMG_1420-1-100x75.jpg 100w\" sizes=\"auto, (max-width: 1024px) 100vw, 1024px\" \/><\/a><\/figure>\n\n\n\n<figure class=\"wp-block-image size-large\"><a href=\"https:\/\/bursa3radom.pl\/wp-content\/uploads\/2026\/03\/IMG_1407-5-scaled.jpg\"><img loading=\"lazy\" decoding=\"async\" width=\"1024\" height=\"768\" data-id=\"5645\" src=\"https:\/\/bursa3radom.pl\/wp-content\/uploads\/2026\/03\/IMG_1407-5-1024x768.jpg\" alt=\"\" class=\"wp-image-5645\" srcset=\"https:\/\/bursa3radom.pl\/wp-content\/uploads\/2026\/03\/IMG_1407-5-1024x768.jpg 1024w, https:\/\/bursa3radom.pl\/wp-content\/uploads\/2026\/03\/IMG_1407-5-300x225.jpg 300w, https:\/\/bursa3radom.pl\/wp-content\/uploads\/2026\/03\/IMG_1407-5-768x576.jpg 768w, https:\/\/bursa3radom.pl\/wp-content\/uploads\/2026\/03\/IMG_1407-5-1536x1152.jpg 1536w, https:\/\/bursa3radom.pl\/wp-content\/uploads\/2026\/03\/IMG_1407-5-2048x1536.jpg 2048w, https:\/\/bursa3radom.pl\/wp-content\/uploads\/2026\/03\/IMG_1407-5-100x75.jpg 100w\" sizes=\"auto, (max-width: 1024px) 100vw, 1024px\" \/><\/a><\/figure>\n\n\n\n<figure class=\"wp-block-image size-large\"><a href=\"https:\/\/bursa3radom.pl\/wp-content\/uploads\/2026\/03\/IMG_1412-2-scaled.jpg\"><img loading=\"lazy\" decoding=\"async\" width=\"1024\" height=\"768\" data-id=\"5648\" src=\"https:\/\/bursa3radom.pl\/wp-content\/uploads\/2026\/03\/IMG_1412-2-1024x768.jpg\" alt=\"\" class=\"wp-image-5648\" srcset=\"https:\/\/bursa3radom.pl\/wp-content\/uploads\/2026\/03\/IMG_1412-2-1024x768.jpg 1024w, https:\/\/bursa3radom.pl\/wp-content\/uploads\/2026\/03\/IMG_1412-2-300x225.jpg 300w, https:\/\/bursa3radom.pl\/wp-content\/uploads\/2026\/03\/IMG_1412-2-768x576.jpg 768w, https:\/\/bursa3radom.pl\/wp-content\/uploads\/2026\/03\/IMG_1412-2-1536x1152.jpg 1536w, https:\/\/bursa3radom.pl\/wp-content\/uploads\/2026\/03\/IMG_1412-2-2048x1536.jpg 2048w, https:\/\/bursa3radom.pl\/wp-content\/uploads\/2026\/03\/IMG_1412-2-100x75.jpg 100w\" sizes=\"auto, (max-width: 1024px) 100vw, 1024px\" \/><\/a><\/figure>\n\n\n\n<figure class=\"wp-block-image size-large\"><a href=\"https:\/\/bursa3radom.pl\/wp-content\/uploads\/2026\/03\/IMG_1403-3-scaled.jpg\"><img loading=\"lazy\" decoding=\"async\" width=\"1024\" height=\"768\" data-id=\"5647\" src=\"https:\/\/bursa3radom.pl\/wp-content\/uploads\/2026\/03\/IMG_1403-3-1024x768.jpg\" alt=\"\" class=\"wp-image-5647\" srcset=\"https:\/\/bursa3radom.pl\/wp-content\/uploads\/2026\/03\/IMG_1403-3-1024x768.jpg 1024w, https:\/\/bursa3radom.pl\/wp-content\/uploads\/2026\/03\/IMG_1403-3-300x225.jpg 300w, https:\/\/bursa3radom.pl\/wp-content\/uploads\/2026\/03\/IMG_1403-3-768x576.jpg 768w, https:\/\/bursa3radom.pl\/wp-content\/uploads\/2026\/03\/IMG_1403-3-1536x1152.jpg 1536w, https:\/\/bursa3radom.pl\/wp-content\/uploads\/2026\/03\/IMG_1403-3-2048x1536.jpg 2048w, https:\/\/bursa3radom.pl\/wp-content\/uploads\/2026\/03\/IMG_1403-3-100x75.jpg 100w\" sizes=\"auto, (max-width: 1024px) 100vw, 1024px\" \/><\/a><\/figure>\n\n\n\n<figure class=\"wp-block-image size-large\"><a href=\"https:\/\/bursa3radom.pl\/wp-content\/uploads\/2026\/03\/IMG_1401-1-scaled.jpg\"><img loading=\"lazy\" decoding=\"async\" width=\"1024\" height=\"768\" data-id=\"5637\" src=\"https:\/\/bursa3radom.pl\/wp-content\/uploads\/2026\/03\/IMG_1401-1-1024x768.jpg\" alt=\"\" class=\"wp-image-5637\" srcset=\"https:\/\/bursa3radom.pl\/wp-content\/uploads\/2026\/03\/IMG_1401-1-1024x768.jpg 1024w, https:\/\/bursa3radom.pl\/wp-content\/uploads\/2026\/03\/IMG_1401-1-300x225.jpg 300w, https:\/\/bursa3radom.pl\/wp-content\/uploads\/2026\/03\/IMG_1401-1-768x576.jpg 768w, https:\/\/bursa3radom.pl\/wp-content\/uploads\/2026\/03\/IMG_1401-1-1536x1152.jpg 1536w, https:\/\/bursa3radom.pl\/wp-content\/uploads\/2026\/03\/IMG_1401-1-2048x1536.jpg 2048w, https:\/\/bursa3radom.pl\/wp-content\/uploads\/2026\/03\/IMG_1401-1-100x75.jpg 100w\" sizes=\"auto, (max-width: 1024px) 100vw, 1024px\" \/><\/a><\/figure>\n\n\n\n<figure class=\"wp-block-image size-large\"><a href=\"https:\/\/bursa3radom.pl\/wp-content\/uploads\/2026\/03\/IMG_4768-1-scaled.jpg\"><img loading=\"lazy\" decoding=\"async\" width=\"1024\" height=\"768\" data-id=\"5633\" src=\"https:\/\/bursa3radom.pl\/wp-content\/uploads\/2026\/03\/IMG_4768-1-1024x768.jpg\" alt=\"\" class=\"wp-image-5633\" srcset=\"https:\/\/bursa3radom.pl\/wp-content\/uploads\/2026\/03\/IMG_4768-1-1024x768.jpg 1024w, https:\/\/bursa3radom.pl\/wp-content\/uploads\/2026\/03\/IMG_4768-1-300x225.jpg 300w, https:\/\/bursa3radom.pl\/wp-content\/uploads\/2026\/03\/IMG_4768-1-768x576.jpg 768w, https:\/\/bursa3radom.pl\/wp-content\/uploads\/2026\/03\/IMG_4768-1-1536x1152.jpg 1536w, https:\/\/bursa3radom.pl\/wp-content\/uploads\/2026\/03\/IMG_4768-1-2048x1536.jpg 2048w, https:\/\/bursa3radom.pl\/wp-content\/uploads\/2026\/03\/IMG_4768-1-100x75.jpg 100w\" sizes=\"auto, (max-width: 1024px) 100vw, 1024px\" \/><\/a><\/figure>\n\n\n\n<figure class=\"wp-block-image size-large\"><a href=\"https:\/\/bursa3radom.pl\/wp-content\/uploads\/2026\/03\/IMG_1396-1-scaled.jpg\"><img loading=\"lazy\" decoding=\"async\" width=\"1024\" height=\"768\" data-id=\"5641\" src=\"https:\/\/bursa3radom.pl\/wp-content\/uploads\/2026\/03\/IMG_1396-1-1024x768.jpg\" alt=\"\" class=\"wp-image-5641\" srcset=\"https:\/\/bursa3radom.pl\/wp-content\/uploads\/2026\/03\/IMG_1396-1-1024x768.jpg 1024w, https:\/\/bursa3radom.pl\/wp-content\/uploads\/2026\/03\/IMG_1396-1-300x225.jpg 300w, https:\/\/bursa3radom.pl\/wp-content\/uploads\/2026\/03\/IMG_1396-1-768x576.jpg 768w, https:\/\/bursa3radom.pl\/wp-content\/uploads\/2026\/03\/IMG_1396-1-1536x1152.jpg 1536w, https:\/\/bursa3radom.pl\/wp-content\/uploads\/2026\/03\/IMG_1396-1-2048x1536.jpg 2048w, https:\/\/bursa3radom.pl\/wp-content\/uploads\/2026\/03\/IMG_1396-1-100x75.jpg 100w\" sizes=\"auto, (max-width: 1024px) 100vw, 1024px\" \/><\/a><\/figure>\n<\/figure>\n\n\n\n<figure class=\"wp-block-gallery has-nested-images columns-default is-cropped wp-block-gallery-2 is-layout-flex wp-block-gallery-is-layout-flex\"><\/figure>\n","protected":false},"excerpt":{"rendered":"<p>\u00a0 Nasza bursa mie\u015bci si\u0119 w budynku trzykondygnacyjnym. Dysponuje 154 miejscami w pokojach trzy i czteroosobowych. Na I pi\u0119trze znajduj\u0105 si\u0119 pokoje\u00a0 dla dziewcz\u0105t a na II pi\u0119trze dla dziewcz\u0105t i ch\u0142opc\u00f3w. \u00a0 \u00a0 Pokoje s\u0105 wyposa\u017cone w: tapczany, szafy ubraniowe, szafki \u017cywno\u015bciowe, st\u00f3\u0142 i krzes\u0142a, po\u015bciel ( ko\u0142dra, poduszka, narzuta, koc oraz bielizna po\u015bcielowa ) Dodatkowo, m\u0142odzie\u017c mo\u017ce korzysta\u0107 z \u0142\u0105cza Wi-fi. Bursa dysponuje r\u00f3wnie\u017c pianinem z kt\u00f3rego korzysta\u0107&#8230;<\/p>\n","protected":false},"author":1,"featured_media":0,"parent":0,"menu_order":5,"comment_status":"open","ping_status":"closed","template":"","meta":{"footnotes":""},"class_list":["post-8","page","type-page","status-publish","hentry"],"_links":{"self":[{"href":"https:\/\/bursa3radom.pl\/index.php?rest_route=\/wp\/v2\/pages\/8","targetHints":{"allow":["GET"]}}],"collection":[{"href":"https:\/\/bursa3radom.pl\/index.php?rest_route=\/wp\/v2\/pages"}],"about":[{"href":"https:\/\/bursa3radom.pl\/index.php?rest_route=\/wp\/v2\/types\/page"}],"author":[{"embeddable":true,"href":"https:\/\/bursa3radom.pl\/index.php?rest_route=\/wp\/v2\/users\/1"}],"replies":[{"embeddable":true,"href":"https:\/\/bursa3radom.pl\/index.php?rest_route=%2Fwp%2Fv2%2Fcomments&post=8"}],"version-history":[{"count":44,"href":"https:\/\/bursa3radom.pl\/index.php?rest_route=\/wp\/v2\/pages\/8\/revisions"}],"predecessor-version":[{"id":5649,"href":"https:\/\/bursa3radom.pl\/index.php?rest_route=\/wp\/v2\/pages\/8\/revisions\/5649"}],"wp:attachment":[{"href":"https:\/\/bursa3radom.pl\/index.php?rest_route=%2Fwp%2Fv2%2Fmedia&parent=8"}],"curies":[{"name":"wp","href":"https:\/\/api.w.org\/{rel}","templated":true}]}}