{"id":771,"date":"2015-01-20T20:19:49","date_gmt":"2015-01-20T20:19:49","guid":{"rendered":"http:\/\/bursa3radom.pl\/?page_id=771"},"modified":"2021-04-07T18:05:09","modified_gmt":"2021-04-07T18:05:09","slug":"galeria-2","status":"publish","type":"page","link":"https:\/\/bursa3radom.pl\/?page_id=771","title":{"rendered":"Galeria 2020\/2021"},"content":{"rendered":"\n<h2 class=\"wp-block-heading\">Wiosenne porz\u0105dki przy pomniku<\/h2>\n\n\n\n<ul class=\"wp-block-gallery columns-3 is-cropped wp-block-gallery-1 is-layout-flex wp-block-gallery-is-layout-flex\"><li class=\"blocks-gallery-item\"><figure><a href=\"http:\/\/bursa3radom.pl\/wp-content\/uploads\/2021\/04\/IMG-20210401-WA0000-1-576x1024.jpg\"><img loading=\"lazy\" decoding=\"async\" width=\"576\" height=\"1024\" src=\"http:\/\/bursa3radom.pl\/wp-content\/uploads\/2021\/04\/IMG-20210401-WA0000-1-576x1024.jpg\" alt=\"\" data-id=\"3441\" data-link=\"http:\/\/bursa3radom.pl\/?attachment_id=3441\" class=\"wp-image-3441\" srcset=\"https:\/\/bursa3radom.pl\/wp-content\/uploads\/2021\/04\/IMG-20210401-WA0000-1-576x1024.jpg 576w, https:\/\/bursa3radom.pl\/wp-content\/uploads\/2021\/04\/IMG-20210401-WA0000-1-169x300.jpg 169w, https:\/\/bursa3radom.pl\/wp-content\/uploads\/2021\/04\/IMG-20210401-WA0000-1.jpg 648w\" sizes=\"auto, (max-width: 576px) 100vw, 576px\" \/><\/a><\/figure><\/li><li class=\"blocks-gallery-item\"><figure><a href=\"http:\/\/bursa3radom.pl\/wp-content\/uploads\/2021\/04\/IMG-20210401-WA0001-1-576x1024.jpg\"><img loading=\"lazy\" decoding=\"async\" width=\"576\" height=\"1024\" src=\"http:\/\/bursa3radom.pl\/wp-content\/uploads\/2021\/04\/IMG-20210401-WA0001-1-576x1024.jpg\" alt=\"\" data-id=\"3442\" data-link=\"http:\/\/bursa3radom.pl\/?attachment_id=3442\" class=\"wp-image-3442\" srcset=\"https:\/\/bursa3radom.pl\/wp-content\/uploads\/2021\/04\/IMG-20210401-WA0001-1-576x1024.jpg 576w, https:\/\/bursa3radom.pl\/wp-content\/uploads\/2021\/04\/IMG-20210401-WA0001-1-169x300.jpg 169w, https:\/\/bursa3radom.pl\/wp-content\/uploads\/2021\/04\/IMG-20210401-WA0001-1.jpg 648w\" sizes=\"auto, (max-width: 576px) 100vw, 576px\" \/><\/a><\/figure><\/li><li class=\"blocks-gallery-item\"><figure><a href=\"http:\/\/bursa3radom.pl\/wp-content\/uploads\/2021\/04\/IMG-20210401-WA0002-1-576x1024.jpg\"><img loading=\"lazy\" decoding=\"async\" width=\"576\" height=\"1024\" src=\"http:\/\/bursa3radom.pl\/wp-content\/uploads\/2021\/04\/IMG-20210401-WA0002-1-576x1024.jpg\" alt=\"\" data-id=\"3443\" data-link=\"http:\/\/bursa3radom.pl\/?attachment_id=3443\" class=\"wp-image-3443\" srcset=\"https:\/\/bursa3radom.pl\/wp-content\/uploads\/2021\/04\/IMG-20210401-WA0002-1-576x1024.jpg 576w, https:\/\/bursa3radom.pl\/wp-content\/uploads\/2021\/04\/IMG-20210401-WA0002-1-169x300.jpg 169w, https:\/\/bursa3radom.pl\/wp-content\/uploads\/2021\/04\/IMG-20210401-WA0002-1.jpg 648w\" sizes=\"auto, (max-width: 576px) 100vw, 576px\" \/><\/a><\/figure><\/li><li class=\"blocks-gallery-item\"><figure><a href=\"http:\/\/bursa3radom.pl\/wp-content\/uploads\/2021\/04\/IMG-20210401-WA0003-1-576x1024.jpg\"><img loading=\"lazy\" decoding=\"async\" width=\"576\" height=\"1024\" src=\"http:\/\/bursa3radom.pl\/wp-content\/uploads\/2021\/04\/IMG-20210401-WA0003-1-576x1024.jpg\" alt=\"\" data-id=\"3444\" data-link=\"http:\/\/bursa3radom.pl\/?attachment_id=3444\" class=\"wp-image-3444\" srcset=\"https:\/\/bursa3radom.pl\/wp-content\/uploads\/2021\/04\/IMG-20210401-WA0003-1-576x1024.jpg 576w, https:\/\/bursa3radom.pl\/wp-content\/uploads\/2021\/04\/IMG-20210401-WA0003-1-169x300.jpg 169w, https:\/\/bursa3radom.pl\/wp-content\/uploads\/2021\/04\/IMG-20210401-WA0003-1-768x1366.jpg 768w, https:\/\/bursa3radom.pl\/wp-content\/uploads\/2021\/04\/IMG-20210401-WA0003-1.jpg 899w\" sizes=\"auto, (max-width: 576px) 100vw, 576px\" \/><\/a><\/figure><\/li><\/ul>\n\n\n\n<h2 class=\"wp-block-heading\">Dzie\u0144 Komisji Edukacji Narodowej<\/h2>\n\n\n\n<p>12 pa\u017adziernika obchodzili\u015bmy w bursie Dzie\u0144 Edukacji Narodowej, zwany Dniem Nauczyciela. Grupa III pod kierunkiem p. Marioli Michalskiej przygotowa\u0142a pi\u0119kny wyst\u0119p. By\u0142y wiersze, piosenki, gra na tr\u0105bce, ciep\u0142e s\u0142owa i serdeczne \u017cyczenia. Pani Dyrektor wr\u0119czy\u0142a r\u00f3wnie\u017c nagrody wyr\u00f3znionym nauczycielom &#8211; p. Marioli Michalskiej, p. Marcie Nowak oraz p. Katarzynie T\u0119czy.   <\/p>\n\n\n\n<ul class=\"wp-block-gallery columns-3 is-cropped wp-block-gallery-2 is-layout-flex wp-block-gallery-is-layout-flex\"><li class=\"blocks-gallery-item\"><figure><a href=\"http:\/\/bursa3radom.pl\/wp-content\/uploads\/2020\/11\/received_2157139244419737-1024x683.jpeg\"><img loading=\"lazy\" decoding=\"async\" width=\"1024\" height=\"683\" src=\"http:\/\/bursa3radom.pl\/wp-content\/uploads\/2020\/11\/received_2157139244419737-1024x683.jpeg\" alt=\"\" data-id=\"3211\" data-link=\"http:\/\/bursa3radom.pl\/?attachment_id=3211\" class=\"wp-image-3211\" srcset=\"https:\/\/bursa3radom.pl\/wp-content\/uploads\/2020\/11\/received_2157139244419737-1024x683.jpeg 1024w, https:\/\/bursa3radom.pl\/wp-content\/uploads\/2020\/11\/received_2157139244419737-300x200.jpeg 300w, https:\/\/bursa3radom.pl\/wp-content\/uploads\/2020\/11\/received_2157139244419737-768x512.jpeg 768w, https:\/\/bursa3radom.pl\/wp-content\/uploads\/2020\/11\/received_2157139244419737.jpeg 2048w\" sizes=\"auto, (max-width: 1024px) 100vw, 1024px\" \/><\/a><\/figure><\/li><li class=\"blocks-gallery-item\"><figure><a href=\"http:\/\/bursa3radom.pl\/wp-content\/uploads\/2020\/11\/received_362659544993951-1024x683.jpeg\"><img loading=\"lazy\" decoding=\"async\" width=\"1024\" height=\"683\" src=\"http:\/\/bursa3radom.pl\/wp-content\/uploads\/2020\/11\/received_362659544993951-1024x683.jpeg\" alt=\"\" data-id=\"3213\" data-link=\"http:\/\/bursa3radom.pl\/?attachment_id=3213\" class=\"wp-image-3213\" srcset=\"https:\/\/bursa3radom.pl\/wp-content\/uploads\/2020\/11\/received_362659544993951-1024x683.jpeg 1024w, https:\/\/bursa3radom.pl\/wp-content\/uploads\/2020\/11\/received_362659544993951-300x200.jpeg 300w, https:\/\/bursa3radom.pl\/wp-content\/uploads\/2020\/11\/received_362659544993951-768x512.jpeg 768w, https:\/\/bursa3radom.pl\/wp-content\/uploads\/2020\/11\/received_362659544993951.jpeg 2048w\" sizes=\"auto, (max-width: 1024px) 100vw, 1024px\" \/><\/a><\/figure><\/li><li class=\"blocks-gallery-item\"><figure><a href=\"http:\/\/bursa3radom.pl\/wp-content\/uploads\/2020\/11\/received_736924083842459-1-1024x683.jpeg\"><img loading=\"lazy\" decoding=\"async\" width=\"1024\" height=\"683\" src=\"http:\/\/bursa3radom.pl\/wp-content\/uploads\/2020\/11\/received_736924083842459-1-1024x683.jpeg\" alt=\"\" data-id=\"3216\" data-link=\"http:\/\/bursa3radom.pl\/?attachment_id=3216\" class=\"wp-image-3216\" srcset=\"https:\/\/bursa3radom.pl\/wp-content\/uploads\/2020\/11\/received_736924083842459-1-1024x683.jpeg 1024w, https:\/\/bursa3radom.pl\/wp-content\/uploads\/2020\/11\/received_736924083842459-1-300x200.jpeg 300w, https:\/\/bursa3radom.pl\/wp-content\/uploads\/2020\/11\/received_736924083842459-1-768x512.jpeg 768w, https:\/\/bursa3radom.pl\/wp-content\/uploads\/2020\/11\/received_736924083842459-1.jpeg 2048w\" sizes=\"auto, (max-width: 1024px) 100vw, 1024px\" \/><\/a><\/figure><\/li><li class=\"blocks-gallery-item\"><figure><a href=\"http:\/\/bursa3radom.pl\/wp-content\/uploads\/2020\/11\/received_800707007449696-1024x683.jpeg\"><img loading=\"lazy\" decoding=\"async\" width=\"1024\" height=\"683\" src=\"http:\/\/bursa3radom.pl\/wp-content\/uploads\/2020\/11\/received_800707007449696-1024x683.jpeg\" alt=\"\" data-id=\"3218\" data-link=\"http:\/\/bursa3radom.pl\/?attachment_id=3218\" class=\"wp-image-3218\" srcset=\"https:\/\/bursa3radom.pl\/wp-content\/uploads\/2020\/11\/received_800707007449696-1024x683.jpeg 1024w, https:\/\/bursa3radom.pl\/wp-content\/uploads\/2020\/11\/received_800707007449696-300x200.jpeg 300w, https:\/\/bursa3radom.pl\/wp-content\/uploads\/2020\/11\/received_800707007449696-768x512.jpeg 768w, https:\/\/bursa3radom.pl\/wp-content\/uploads\/2020\/11\/received_800707007449696.jpeg 2048w\" sizes=\"auto, (max-width: 1024px) 100vw, 1024px\" \/><\/a><\/figure><\/li><li class=\"blocks-gallery-item\"><figure><a href=\"http:\/\/bursa3radom.pl\/wp-content\/uploads\/2020\/11\/received_1296149600738762-1024x683.jpeg\"><img loading=\"lazy\" decoding=\"async\" width=\"1024\" height=\"683\" src=\"http:\/\/bursa3radom.pl\/wp-content\/uploads\/2020\/11\/received_1296149600738762-1024x683.jpeg\" alt=\"\" data-id=\"3219\" data-link=\"http:\/\/bursa3radom.pl\/?attachment_id=3219\" class=\"wp-image-3219\" srcset=\"https:\/\/bursa3radom.pl\/wp-content\/uploads\/2020\/11\/received_1296149600738762-1024x683.jpeg 1024w, https:\/\/bursa3radom.pl\/wp-content\/uploads\/2020\/11\/received_1296149600738762-300x200.jpeg 300w, https:\/\/bursa3radom.pl\/wp-content\/uploads\/2020\/11\/received_1296149600738762-768x512.jpeg 768w, https:\/\/bursa3radom.pl\/wp-content\/uploads\/2020\/11\/received_1296149600738762.jpeg 2048w\" sizes=\"auto, (max-width: 1024px) 100vw, 1024px\" \/><\/a><\/figure><\/li><li class=\"blocks-gallery-item\"><figure><a href=\"http:\/\/bursa3radom.pl\/wp-content\/uploads\/2020\/11\/received_1886397138165013-1024x683.jpeg\"><img loading=\"lazy\" decoding=\"async\" width=\"1024\" height=\"683\" src=\"http:\/\/bursa3radom.pl\/wp-content\/uploads\/2020\/11\/received_1886397138165013-1024x683.jpeg\" alt=\"\" data-id=\"3221\" data-link=\"http:\/\/bursa3radom.pl\/?attachment_id=3221\" class=\"wp-image-3221\" srcset=\"https:\/\/bursa3radom.pl\/wp-content\/uploads\/2020\/11\/received_1886397138165013-1024x683.jpeg 1024w, https:\/\/bursa3radom.pl\/wp-content\/uploads\/2020\/11\/received_1886397138165013-300x200.jpeg 300w, https:\/\/bursa3radom.pl\/wp-content\/uploads\/2020\/11\/received_1886397138165013-768x512.jpeg 768w, https:\/\/bursa3radom.pl\/wp-content\/uploads\/2020\/11\/received_1886397138165013.jpeg 2048w\" sizes=\"auto, (max-width: 1024px) 100vw, 1024px\" \/><\/a><\/figure><\/li><li class=\"blocks-gallery-item\"><figure><a href=\"http:\/\/bursa3radom.pl\/wp-content\/uploads\/2020\/11\/received_393860318458774-1024x683.jpeg\"><img loading=\"lazy\" decoding=\"async\" width=\"1024\" height=\"683\" src=\"http:\/\/bursa3radom.pl\/wp-content\/uploads\/2020\/11\/received_393860318458774-1024x683.jpeg\" alt=\"\" data-id=\"3222\" data-link=\"http:\/\/bursa3radom.pl\/?attachment_id=3222\" class=\"wp-image-3222\" srcset=\"https:\/\/bursa3radom.pl\/wp-content\/uploads\/2020\/11\/received_393860318458774-1024x683.jpeg 1024w, https:\/\/bursa3radom.pl\/wp-content\/uploads\/2020\/11\/received_393860318458774-300x200.jpeg 300w, https:\/\/bursa3radom.pl\/wp-content\/uploads\/2020\/11\/received_393860318458774-768x512.jpeg 768w, https:\/\/bursa3radom.pl\/wp-content\/uploads\/2020\/11\/received_393860318458774.jpeg 2048w\" sizes=\"auto, (max-width: 1024px) 100vw, 1024px\" \/><\/a><\/figure><\/li><\/ul>\n\n\n\n<h2 class=\"wp-block-heading\">Otrz\u0119siny<\/h2>\n\n\n\n<p>24 wrze\u015bnia przyj\u0119li\u015bmy w swoje szeregi nowych wychowank\u00f3w Bursy. Jak co roku odby\u0142o si\u0119 uroczyste pasowanie na mieszka\u0144ca Bursy, cho\u0107 niestety tym razem w okrojonym sk\u0142adzie. Pandemia koronawirusa nie pozwoli\u0142a nam r\u00f3wnie\u017c na wsp\u00f3ln\u0105 dyskotek\u0119. Na os\u0142od\u0119 mamy wspomnienie ta\u0144ca z mopem. M\u0142odzie\u017c bra\u0142a tak\u017ce udzia\u0142 w quizie dotycz\u0105cym znajomo\u015bci zasad i funkcjonowania Bursy a na koniec nowoprzyj\u0119ci uczniowie z\u0142o\u017cyli Przysi\u0119g\u0119 Kota. Oficjalnie powitana zosta\u0142a r\u00f3wnie\u017c p. Ma\u0142gorzata Zagrodnik, wychowawczyni IV grupy.<\/p>\n\n\n\n<ul class=\"wp-block-gallery columns-3 is-cropped wp-block-gallery-3 is-layout-flex wp-block-gallery-is-layout-flex\"><li class=\"blocks-gallery-item\"><figure><a href=\"http:\/\/bursa3radom.pl\/wp-content\/uploads\/2020\/09\/received_253651005982448-1024x768.jpeg\"><img loading=\"lazy\" decoding=\"async\" width=\"1024\" height=\"768\" src=\"http:\/\/bursa3radom.pl\/wp-content\/uploads\/2020\/09\/received_253651005982448-1024x768.jpeg\" alt=\"\" data-id=\"3137\" data-link=\"http:\/\/bursa3radom.pl\/?attachment_id=3137\" class=\"wp-image-3137\" srcset=\"https:\/\/bursa3radom.pl\/wp-content\/uploads\/2020\/09\/received_253651005982448-1024x768.jpeg 1024w, https:\/\/bursa3radom.pl\/wp-content\/uploads\/2020\/09\/received_253651005982448-300x225.jpeg 300w, https:\/\/bursa3radom.pl\/wp-content\/uploads\/2020\/09\/received_253651005982448-768x576.jpeg 768w, https:\/\/bursa3radom.pl\/wp-content\/uploads\/2020\/09\/received_253651005982448-100x75.jpeg 100w\" sizes=\"auto, (max-width: 1024px) 100vw, 1024px\" \/><\/a><\/figure><\/li><li class=\"blocks-gallery-item\"><figure><a href=\"http:\/\/bursa3radom.pl\/wp-content\/uploads\/2020\/09\/received_278442286453795-768x1024.jpeg\"><img loading=\"lazy\" decoding=\"async\" width=\"768\" height=\"1024\" src=\"http:\/\/bursa3radom.pl\/wp-content\/uploads\/2020\/09\/received_278442286453795-768x1024.jpeg\" alt=\"\" data-id=\"3138\" data-link=\"http:\/\/bursa3radom.pl\/?attachment_id=3138\" class=\"wp-image-3138\" srcset=\"https:\/\/bursa3radom.pl\/wp-content\/uploads\/2020\/09\/received_278442286453795-768x1024.jpeg 768w, https:\/\/bursa3radom.pl\/wp-content\/uploads\/2020\/09\/received_278442286453795-225x300.jpeg 225w\" sizes=\"auto, (max-width: 768px) 100vw, 768px\" \/><\/a><\/figure><\/li><li class=\"blocks-gallery-item\"><figure><a href=\"http:\/\/bursa3radom.pl\/wp-content\/uploads\/2020\/09\/received_330588508038353-1024x768.jpeg\"><img loading=\"lazy\" decoding=\"async\" width=\"1024\" height=\"768\" src=\"http:\/\/bursa3radom.pl\/wp-content\/uploads\/2020\/09\/received_330588508038353-1024x768.jpeg\" alt=\"\" data-id=\"3139\" data-link=\"http:\/\/bursa3radom.pl\/?attachment_id=3139\" class=\"wp-image-3139\" srcset=\"https:\/\/bursa3radom.pl\/wp-content\/uploads\/2020\/09\/received_330588508038353-1024x768.jpeg 1024w, https:\/\/bursa3radom.pl\/wp-content\/uploads\/2020\/09\/received_330588508038353-300x225.jpeg 300w, https:\/\/bursa3radom.pl\/wp-content\/uploads\/2020\/09\/received_330588508038353-768x576.jpeg 768w, https:\/\/bursa3radom.pl\/wp-content\/uploads\/2020\/09\/received_330588508038353-100x75.jpeg 100w\" sizes=\"auto, (max-width: 1024px) 100vw, 1024px\" \/><\/a><\/figure><\/li><li class=\"blocks-gallery-item\"><figure><a href=\"http:\/\/bursa3radom.pl\/wp-content\/uploads\/2020\/09\/received_635910117107873-1024x768.jpeg\"><img loading=\"lazy\" decoding=\"async\" width=\"1024\" height=\"768\" src=\"http:\/\/bursa3radom.pl\/wp-content\/uploads\/2020\/09\/received_635910117107873-1024x768.jpeg\" alt=\"\" data-id=\"3140\" data-link=\"http:\/\/bursa3radom.pl\/?attachment_id=3140\" class=\"wp-image-3140\" srcset=\"https:\/\/bursa3radom.pl\/wp-content\/uploads\/2020\/09\/received_635910117107873-1024x768.jpeg 1024w, https:\/\/bursa3radom.pl\/wp-content\/uploads\/2020\/09\/received_635910117107873-300x225.jpeg 300w, https:\/\/bursa3radom.pl\/wp-content\/uploads\/2020\/09\/received_635910117107873-768x576.jpeg 768w, https:\/\/bursa3radom.pl\/wp-content\/uploads\/2020\/09\/received_635910117107873-100x75.jpeg 100w\" sizes=\"auto, (max-width: 1024px) 100vw, 1024px\" \/><\/a><\/figure><\/li><li class=\"blocks-gallery-item\"><figure><a href=\"http:\/\/bursa3radom.pl\/wp-content\/uploads\/2020\/09\/received_3474240372640986-1024x768.jpeg\"><img loading=\"lazy\" decoding=\"async\" width=\"1024\" height=\"768\" src=\"http:\/\/bursa3radom.pl\/wp-content\/uploads\/2020\/09\/received_3474240372640986-1024x768.jpeg\" alt=\"\" data-id=\"3141\" data-link=\"http:\/\/bursa3radom.pl\/?attachment_id=3141\" class=\"wp-image-3141\" srcset=\"https:\/\/bursa3radom.pl\/wp-content\/uploads\/2020\/09\/received_3474240372640986-1024x768.jpeg 1024w, https:\/\/bursa3radom.pl\/wp-content\/uploads\/2020\/09\/received_3474240372640986-300x225.jpeg 300w, https:\/\/bursa3radom.pl\/wp-content\/uploads\/2020\/09\/received_3474240372640986-768x576.jpeg 768w, https:\/\/bursa3radom.pl\/wp-content\/uploads\/2020\/09\/received_3474240372640986-100x75.jpeg 100w\" sizes=\"auto, (max-width: 1024px) 100vw, 1024px\" \/><\/a><\/figure><\/li><\/ul>\n\n\n\n<h2 class=\"wp-block-heading\"><\/h2>\n\n\n\n<h2 class=\"wp-block-heading\"><\/h2>\n","protected":false},"excerpt":{"rendered":"<p>Wiosenne porz\u0105dki przy pomniku Dzie\u0144 Komisji Edukacji Narodowej 12 pa\u017adziernika obchodzili\u015bmy w bursie Dzie\u0144 Edukacji Narodowej, zwany Dniem Nauczyciela. Grupa III pod kierunkiem p. Marioli Michalskiej przygotowa\u0142a pi\u0119kny wyst\u0119p. By\u0142y wiersze, piosenki, gra na tr\u0105bce, ciep\u0142e s\u0142owa i serdeczne \u017cyczenia. Pani Dyrektor wr\u0119czy\u0142a r\u00f3wnie\u017c nagrody wyr\u00f3znionym nauczycielom &#8211; p. Marioli Michalskiej, p. Marcie Nowak oraz p. Katarzynie T\u0119czy. Otrz\u0119siny 24 wrze\u015bnia przyj\u0119li\u015bmy w swoje szeregi nowych wychowank\u00f3w Bursy. Jak co&#8230;<\/p>\n","protected":false},"author":1,"featured_media":0,"parent":0,"menu_order":0,"comment_status":"closed","ping_status":"open","template":"","meta":{"footnotes":""},"class_list":["post-771","page","type-page","status-publish","hentry"],"_links":{"self":[{"href":"https:\/\/bursa3radom.pl\/index.php?rest_route=\/wp\/v2\/pages\/771","targetHints":{"allow":["GET"]}}],"collection":[{"href":"https:\/\/bursa3radom.pl\/index.php?rest_route=\/wp\/v2\/pages"}],"about":[{"href":"https:\/\/bursa3radom.pl\/index.php?rest_route=\/wp\/v2\/types\/page"}],"author":[{"embeddable":true,"href":"https:\/\/bursa3radom.pl\/index.php?rest_route=\/wp\/v2\/users\/1"}],"replies":[{"embeddable":true,"href":"https:\/\/bursa3radom.pl\/index.php?rest_route=%2Fwp%2Fv2%2Fcomments&post=771"}],"version-history":[{"count":8,"href":"https:\/\/bursa3radom.pl\/index.php?rest_route=\/wp\/v2\/pages\/771\/revisions"}],"predecessor-version":[{"id":3445,"href":"https:\/\/bursa3radom.pl\/index.php?rest_route=\/wp\/v2\/pages\/771\/revisions\/3445"}],"wp:attachment":[{"href":"https:\/\/bursa3radom.pl\/index.php?rest_route=%2Fwp%2Fv2%2Fmedia&parent=771"}],"curies":[{"name":"wp","href":"https:\/\/api.w.org\/{rel}","templated":true}]}}