{"id":5378,"date":"2025-09-24T05:39:16","date_gmt":"2025-09-24T05:39:16","guid":{"rendered":"http:\/\/bursa3radom.pl\/?page_id=5378"},"modified":"2025-09-24T05:39:16","modified_gmt":"2025-09-24T05:39:16","slug":"regulamin-zfss-w-bursie-szkolnej-nr-3-w-radomiu","status":"publish","type":"page","link":"https:\/\/bursa3radom.pl\/?page_id=5378","title":{"rendered":"Regulamin ZF\u015aS w Bursie Szkolnej Nr 3 w Radomiu"},"content":{"rendered":"\n<div data-wp-interactive=\"core\/file\" class=\"wp-block-file\"><object data-wp-bind--hidden=\"!state.hasPdfPreview\" hidden class=\"wp-block-file__embed\" data=\"http:\/\/bursa3radom.pl\/wp-content\/uploads\/2025\/09\/Regulamin-ZFSS-cz.1-1.pdf\" type=\"application\/pdf\" style=\"width:100%;height:600px\" aria-label=\"Osadzone z Regulamin ZF\u015aS cz.1.\"><\/object><a id=\"wp-block-file--media-145981f1-eae2-4d50-8c01-10426e14d0d6\" href=\"http:\/\/bursa3radom.pl\/wp-content\/uploads\/2025\/09\/Regulamin-ZFSS-cz.1-1.pdf\">Regulamin ZF\u015aS cz.1<\/a><a href=\"http:\/\/bursa3radom.pl\/wp-content\/uploads\/2025\/09\/Regulamin-ZFSS-cz.1-1.pdf\" class=\"wp-block-file__button wp-element-button\" download aria-describedby=\"wp-block-file--media-145981f1-eae2-4d50-8c01-10426e14d0d6\">Pobierz<\/a><\/div>\n\n\n\n<div data-wp-interactive=\"core\/file\" class=\"wp-block-file\"><object data-wp-bind--hidden=\"!state.hasPdfPreview\" hidden class=\"wp-block-file__embed\" data=\"http:\/\/bursa3radom.pl\/wp-content\/uploads\/2025\/09\/Regulamin-ZFSS-cz.2-zalaczniki.pdf\" type=\"application\/pdf\" style=\"width:100%;height:600px\" aria-label=\"Osadzone z Regulamin ZF\u015aS cz.2 - za\u0142\u0105czniki.\"><\/object><a id=\"wp-block-file--media-b6f934e3-9da4-430d-8b1c-d1cf2f7aa589\" href=\"http:\/\/bursa3radom.pl\/wp-content\/uploads\/2025\/09\/Regulamin-ZFSS-cz.2-zalaczniki.pdf\">Regulamin ZF\u015aS cz.2 &#8211; za\u0142\u0105czniki<\/a><a href=\"http:\/\/bursa3radom.pl\/wp-content\/uploads\/2025\/09\/Regulamin-ZFSS-cz.2-zalaczniki.pdf\" class=\"wp-block-file__button wp-element-button\" download aria-describedby=\"wp-block-file--media-b6f934e3-9da4-430d-8b1c-d1cf2f7aa589\">Pobierz<\/a><\/div>\n","protected":false},"excerpt":{"rendered":"","protected":false},"author":1,"featured_media":0,"parent":0,"menu_order":0,"comment_status":"closed","ping_status":"closed","template":"","meta":{"footnotes":""},"class_list":["post-5378","page","type-page","status-publish","hentry"],"_links":{"self":[{"href":"https:\/\/bursa3radom.pl\/index.php?rest_route=\/wp\/v2\/pages\/5378","targetHints":{"allow":["GET"]}}],"collection":[{"href":"https:\/\/bursa3radom.pl\/index.php?rest_route=\/wp\/v2\/pages"}],"about":[{"href":"https:\/\/bursa3radom.pl\/index.php?rest_route=\/wp\/v2\/types\/page"}],"author":[{"embeddable":true,"href":"https:\/\/bursa3radom.pl\/index.php?rest_route=\/wp\/v2\/users\/1"}],"replies":[{"embeddable":true,"href":"https:\/\/bursa3radom.pl\/index.php?rest_route=%2Fwp%2Fv2%2Fcomments&post=5378"}],"version-history":[{"count":1,"href":"https:\/\/bursa3radom.pl\/index.php?rest_route=\/wp\/v2\/pages\/5378\/revisions"}],"predecessor-version":[{"id":5381,"href":"https:\/\/bursa3radom.pl\/index.php?rest_route=\/wp\/v2\/pages\/5378\/revisions\/5381"}],"wp:attachment":[{"href":"https:\/\/bursa3radom.pl\/index.php?rest_route=%2Fwp%2Fv2%2Fmedia&parent=5378"}],"curies":[{"name":"wp","href":"https:\/\/api.w.org\/{rel}","templated":true}]}}