{"id":399,"date":"2014-04-15T18:14:47","date_gmt":"2014-04-15T18:14:47","guid":{"rendered":"http:\/\/bursa3radom.pl\/?page_id=399"},"modified":"2019-11-18T18:47:31","modified_gmt":"2019-11-18T18:47:31","slug":"pracownia-pomocy-naukowych","status":"publish","type":"page","link":"https:\/\/bursa3radom.pl\/?page_id=399","title":{"rendered":"Pracownia pomocy naukowych"},"content":{"rendered":"<p><strong>Pracownia pomocy naukowych <\/strong>jest dost\u0119pna dla wychowank\u00f3w w okre\u015blonych godzinach. Pracownia wyposa\u017cona jest w stanowiska komputerowe, kserokopiark\u0119 oraz drukark\u0119.<\/p>\n<p>W pracowni znajduje si\u0119 biblioteka Bursy licz\u0105ca oko\u0142o 1000 wolumin\u00f3w. S\u0105 to s\u0142owniki, encyklopedie, poradniki, pozycje z r\u00f3\u017cnych dziedzin nauki oraz wszystkie lektury szkolne. Na uwag\u0119 zas\u0142uguje ciekawy, na bie\u017c\u0105co aktualizowany, zbi\u00f3r literatury beletrystycznej, w tym bestsellery literatury m\u0142odzie\u017cowej proponowane przez m\u0142odzie\u017c.<\/p>\n<p>Tu r\u00f3wnie\u017c znajduje si\u0119 prowadzona na bie\u017c\u0105co od 1971 roku Kronika Bursy, w kt\u00f3rej dokumentowane s\u0105 najwa\u017cniejsze wydarzenia. Pracownia promuje czytelnictwo i rozwija zainteresowania m\u0142odzie\u017cy poprzez konkursy wiedzy i czytelnictwa oraz umieszczanie na tablicach bie\u017c\u0105cych informacji z dziedziny literatury, nauki i wydarze\u0144 historycznych. Mo\u017cna w niej r\u00f3wnie\u017c otrzyma\u0107 pomoc w nauce ze strony dy\u017curuj\u0105cych wychowawc\u00f3w.<\/p>\n<p align=\"justify\"><a href=\"http:\/\/bursa3radom.pl\/wp-content\/uploads\/2014\/04\/DSC_0946.jpg\"><img loading=\"lazy\" decoding=\"async\" class=\"alignleft wp-image-411 size-thumbnail\" src=\"http:\/\/bursa3radom.pl\/wp-content\/uploads\/2014\/04\/DSC_0946-150x150.jpg\" alt=\"DSC_0946\" width=\"150\" height=\"150\" \/><\/a><a href=\"http:\/\/bursa3radom.pl\/wp-content\/uploads\/2014\/04\/DSC_0921.jpg\"><img loading=\"lazy\" decoding=\"async\" class=\"alignleft wp-image-415 size-thumbnail\" src=\"http:\/\/bursa3radom.pl\/wp-content\/uploads\/2014\/04\/DSC_0921-150x150.jpg\" alt=\"DSC_0921\" width=\"150\" height=\"150\" \/><\/a><a href=\"http:\/\/bursa3radom.pl\/wp-content\/uploads\/2014\/04\/IMG_6611.jpg\"><img loading=\"lazy\" decoding=\"async\" class=\"alignleft wp-image-413 size-thumbnail\" src=\"http:\/\/bursa3radom.pl\/wp-content\/uploads\/2014\/04\/IMG_6611-150x150.jpg\" alt=\"IMG_6611\" width=\"150\" height=\"150\" \/><\/a> <img loading=\"lazy\" decoding=\"async\" class=\"alignleft wp-image-400 size-thumbnail\" src=\"http:\/\/bursa3radom.pl\/wp-content\/uploads\/2014\/04\/IMG_6609-150x150.jpg\" alt=\"IMG_6609\" width=\"150\" height=\"150\" \/><\/p>\n","protected":false},"excerpt":{"rendered":"<p>Pracownia pomocy naukowych jest dost\u0119pna dla wychowank\u00f3w w okre\u015blonych godzinach. Pracownia wyposa\u017cona jest w stanowiska komputerowe, kserokopiark\u0119 oraz drukark\u0119. W pracowni znajduje si\u0119 biblioteka Bursy licz\u0105ca oko\u0142o 1000 wolumin\u00f3w. S\u0105 to s\u0142owniki, encyklopedie, poradniki, pozycje z r\u00f3\u017cnych dziedzin nauki oraz wszystkie lektury szkolne. Na uwag\u0119 zas\u0142uguje ciekawy, na bie\u017c\u0105co aktualizowany, zbi\u00f3r literatury beletrystycznej, w tym bestsellery literatury m\u0142odzie\u017cowej proponowane przez m\u0142odzie\u017c. Tu r\u00f3wnie\u017c znajduje si\u0119 prowadzona na bie\u017c\u0105co od 1971&#8230;<\/p>\n","protected":false},"author":1,"featured_media":0,"parent":0,"menu_order":0,"comment_status":"closed","ping_status":"open","template":"","meta":{"footnotes":""},"class_list":["post-399","page","type-page","status-publish","hentry"],"_links":{"self":[{"href":"https:\/\/bursa3radom.pl\/index.php?rest_route=\/wp\/v2\/pages\/399","targetHints":{"allow":["GET"]}}],"collection":[{"href":"https:\/\/bursa3radom.pl\/index.php?rest_route=\/wp\/v2\/pages"}],"about":[{"href":"https:\/\/bursa3radom.pl\/index.php?rest_route=\/wp\/v2\/types\/page"}],"author":[{"embeddable":true,"href":"https:\/\/bursa3radom.pl\/index.php?rest_route=\/wp\/v2\/users\/1"}],"replies":[{"embeddable":true,"href":"https:\/\/bursa3radom.pl\/index.php?rest_route=%2Fwp%2Fv2%2Fcomments&post=399"}],"version-history":[{"count":16,"href":"https:\/\/bursa3radom.pl\/index.php?rest_route=\/wp\/v2\/pages\/399\/revisions"}],"predecessor-version":[{"id":2573,"href":"https:\/\/bursa3radom.pl\/index.php?rest_route=\/wp\/v2\/pages\/399\/revisions\/2573"}],"wp:attachment":[{"href":"https:\/\/bursa3radom.pl\/index.php?rest_route=%2Fwp%2Fv2%2Fmedia&parent=399"}],"curies":[{"name":"wp","href":"https:\/\/api.w.org\/{rel}","templated":true}]}}