{"id":390,"date":"2014-04-15T17:40:30","date_gmt":"2014-04-15T17:40:30","guid":{"rendered":"http:\/\/bursa3radom.pl\/?page_id=390"},"modified":"2019-11-12T09:59:40","modified_gmt":"2019-11-12T09:59:40","slug":"pracownia-kulinarna","status":"publish","type":"page","link":"https:\/\/bursa3radom.pl\/?page_id=390","title":{"rendered":"Pracownia kulinarna"},"content":{"rendered":"<p><strong>Pracownia kulinarna<\/strong> jest do dyspozycji wychowank\u00f3w pozostaj\u0105cych w bursie przez weekend. Wyposa\u017cona jest w kuchni\u0119 indukcyjn\u0105, kuchenk\u0119 mikrofalow\u0105, lod\u00f3wk\u0119, urz\u0105dzenie do popcornu, frytkownic\u0119, opiekacz do kanapek, gofrownic\u0119, mikser, sokowir\u00f3wk\u0119 oraz inne niezb\u0119dne wyposa\u017cenie tj. talerze, sztu\u0107ce, garnki, patelnie, brytfanki.<\/p>\n<p>Z pracowni korzysta m\u0142odzie\u017c w okre\u015blonych godzinach. Wychowankowie pod nadzorem wychowawcy ucz\u0105 si\u0119 piec ciasta oraz przygotowywa\u0107 r\u00f3\u017cne potrawy.<\/p>\n<p>Uczniowie maj\u0105 mo\u017cliwo\u015b\u0107 korzystania z ksi\u0105\u017cek kulinarnych, kt\u00f3re znajduj\u0105 si\u0119 w ksi\u0119gozbiorze bursy. Wymieniaj\u0105 si\u0119 mi\u0119dzy sob\u0105 w\u0142asnymi przepisami.<\/p>\n<p>M\u0142odzie\u017c ch\u0119tnie korzysta z pracowni ucz\u0105c si\u0119 samodzielno\u015bci, zaradno\u015bci, odpowiedzialno\u015bci i przygotowania do \u017cycia w rodzinie.<\/p>\n","protected":false},"excerpt":{"rendered":"<p>Pracownia kulinarna jest do dyspozycji wychowank\u00f3w pozostaj\u0105cych w bursie przez weekend. Wyposa\u017cona jest w kuchni\u0119 indukcyjn\u0105, kuchenk\u0119 mikrofalow\u0105, lod\u00f3wk\u0119, urz\u0105dzenie do popcornu, frytkownic\u0119, opiekacz do kanapek, gofrownic\u0119, mikser, sokowir\u00f3wk\u0119 oraz inne niezb\u0119dne wyposa\u017cenie tj. talerze, sztu\u0107ce, garnki, patelnie, brytfanki. Z pracowni korzysta m\u0142odzie\u017c w okre\u015blonych godzinach. Wychowankowie pod nadzorem wychowawcy ucz\u0105 si\u0119 piec ciasta oraz przygotowywa\u0107 r\u00f3\u017cne potrawy. Uczniowie maj\u0105 mo\u017cliwo\u015b\u0107 korzystania z ksi\u0105\u017cek kulinarnych, kt\u00f3re znajduj\u0105 si\u0119 w ksi\u0119gozbiorze&#8230;<\/p>\n","protected":false},"author":1,"featured_media":0,"parent":0,"menu_order":0,"comment_status":"closed","ping_status":"open","template":"","meta":{"footnotes":""},"class_list":["post-390","page","type-page","status-publish","hentry"],"_links":{"self":[{"href":"https:\/\/bursa3radom.pl\/index.php?rest_route=\/wp\/v2\/pages\/390","targetHints":{"allow":["GET"]}}],"collection":[{"href":"https:\/\/bursa3radom.pl\/index.php?rest_route=\/wp\/v2\/pages"}],"about":[{"href":"https:\/\/bursa3radom.pl\/index.php?rest_route=\/wp\/v2\/types\/page"}],"author":[{"embeddable":true,"href":"https:\/\/bursa3radom.pl\/index.php?rest_route=\/wp\/v2\/users\/1"}],"replies":[{"embeddable":true,"href":"https:\/\/bursa3radom.pl\/index.php?rest_route=%2Fwp%2Fv2%2Fcomments&post=390"}],"version-history":[{"count":4,"href":"https:\/\/bursa3radom.pl\/index.php?rest_route=\/wp\/v2\/pages\/390\/revisions"}],"predecessor-version":[{"id":2453,"href":"https:\/\/bursa3radom.pl\/index.php?rest_route=\/wp\/v2\/pages\/390\/revisions\/2453"}],"wp:attachment":[{"href":"https:\/\/bursa3radom.pl\/index.php?rest_route=%2Fwp%2Fv2%2Fmedia&parent=390"}],"curies":[{"name":"wp","href":"https:\/\/api.w.org\/{rel}","templated":true}]}}