{"id":385,"date":"2014-04-15T17:21:25","date_gmt":"2014-04-15T17:21:25","guid":{"rendered":"http:\/\/bursa3radom.pl\/?page_id=385"},"modified":"2022-09-29T17:59:13","modified_gmt":"2022-09-29T17:59:13","slug":"pracownie-2","status":"publish","type":"page","link":"https:\/\/bursa3radom.pl\/?page_id=385","title":{"rendered":"Pracownie"},"content":{"rendered":"<p align=\"center\"><span style=\"font-size: large;\"><b>Pracownia kulinarna <\/b><\/span><\/p>\n<p align=\"center\">\n<p align=\"justify\"><span style=\"font-size: 10pt;\">Pracownia kulinarna jest do dyspozycji wychowank\u00f3w od pi\u0105tku do niedzieli. Wyposa\u017cona jest w: kuchni\u0119 elektryczn\u0105, kuchenk\u0119 mikrofalow\u0105, lod\u00f3wki, opiekacz elektryczny, urz\u0105dzenie do popcornu, frytkownic\u0119, opiekacze do kanapek, gofrownic\u0119, mikser, prodi\u017c oraz podstawowe wyposa\u017cenie kuchni tj: talerze, sztu\u0107ce, garnki, patelnie, brytfanki. Z pracowni kulinarnej korzysta m\u0142odzie\u017c przygotowuj\u0105c sobie posi\u0142ki. Raz w miesi\u0105cu we wtorki w godzinach od 18 do 20 odbywaj\u0105 si\u0119 zaj\u0119cia ko\u0142a kulinarnego. Ko\u0142o zrzesza m\u0142odzie\u017c lubi\u0105c\u0105 piec i gotowa\u0107. Podstawowe produkty na zaj\u0119cia kulinarne pobierane s\u0105 z kuchni bursy, za\u015b brakuj\u0105ce m\u0142odzie\u017c przywozi z domu. Wychowankowie bior\u0105cy udzia\u0142 w zaj\u0119ciach wymieniaj\u0105 si\u0119 ciekawymi przepisami kulinarnymi oraz swoimi wypiekami, cz\u0119stuj\u0105 kole\u017canki, koleg\u00f3w i swoich wychowawc\u00f3w podczas uroczysto\u015bci odbywaj\u0105cych si\u0119 w bursie zgodnie z kalendarzem imprez. Wychowankowie korzystaj\u0105 na zaj\u0119ciach kulinarnych z ksi\u0119gozbioru o tematyce kulinarnej, znajduj\u0105cego si\u0119 w bibliotece bursy, dbaj\u0105 o wystr\u00f3j i porz\u0105dek w pracowni.<\/span><\/p>\n","protected":false},"excerpt":{"rendered":"<p>Pracownia kulinarna Pracownia kulinarna jest do dyspozycji wychowank\u00f3w od pi\u0105tku do niedzieli. Wyposa\u017cona jest w: kuchni\u0119 elektryczn\u0105, kuchenk\u0119 mikrofalow\u0105, lod\u00f3wki, opiekacz elektryczny, urz\u0105dzenie do popcornu, frytkownic\u0119, opiekacze do kanapek, gofrownic\u0119, mikser, prodi\u017c oraz podstawowe wyposa\u017cenie kuchni tj: talerze, sztu\u0107ce, garnki, patelnie, brytfanki. Z pracowni kulinarnej korzysta m\u0142odzie\u017c przygotowuj\u0105c sobie posi\u0142ki. Raz w miesi\u0105cu we wtorki w godzinach od 18 do 20 odbywaj\u0105 si\u0119 zaj\u0119cia ko\u0142a kulinarnego. Ko\u0142o zrzesza m\u0142odzie\u017c lubi\u0105c\u0105&#8230;<\/p>\n","protected":false},"author":1,"featured_media":0,"parent":0,"menu_order":0,"comment_status":"closed","ping_status":"open","template":"","meta":{"footnotes":""},"class_list":["post-385","page","type-page","status-publish","hentry"],"_links":{"self":[{"href":"https:\/\/bursa3radom.pl\/index.php?rest_route=\/wp\/v2\/pages\/385","targetHints":{"allow":["GET"]}}],"collection":[{"href":"https:\/\/bursa3radom.pl\/index.php?rest_route=\/wp\/v2\/pages"}],"about":[{"href":"https:\/\/bursa3radom.pl\/index.php?rest_route=\/wp\/v2\/types\/page"}],"author":[{"embeddable":true,"href":"https:\/\/bursa3radom.pl\/index.php?rest_route=\/wp\/v2\/users\/1"}],"replies":[{"embeddable":true,"href":"https:\/\/bursa3radom.pl\/index.php?rest_route=%2Fwp%2Fv2%2Fcomments&post=385"}],"version-history":[{"count":3,"href":"https:\/\/bursa3radom.pl\/index.php?rest_route=\/wp\/v2\/pages\/385\/revisions"}],"predecessor-version":[{"id":4083,"href":"https:\/\/bursa3radom.pl\/index.php?rest_route=\/wp\/v2\/pages\/385\/revisions\/4083"}],"wp:attachment":[{"href":"https:\/\/bursa3radom.pl\/index.php?rest_route=%2Fwp%2Fv2%2Fmedia&parent=385"}],"curies":[{"name":"wp","href":"https:\/\/api.w.org\/{rel}","templated":true}]}}