{"id":369,"date":"2014-04-12T14:16:33","date_gmt":"2014-04-12T14:16:33","guid":{"rendered":"http:\/\/bursa3radom.pl\/?page_id=369"},"modified":"2017-03-01T15:40:17","modified_gmt":"2017-03-01T15:40:17","slug":"sekcja-pomocy-w-nauce","status":"publish","type":"page","link":"https:\/\/bursa3radom.pl\/?page_id=369","title":{"rendered":"Sekcja pomocy w nauce"},"content":{"rendered":"<p>W bursie dzia\u0142a sekcja pomocy w nauce w sk\u0142ad kt\u00f3rej wchodz\u0105 przedstawiciele wszystkich grup wychowawczych.<\/p>\n<p>Zadania sekcji :<\/p>\n<p>1)\u00a0\u00a0\u00a0 organizuje pomoc kole\u017ce\u0144sk\u0105 w nauce,<\/p>\n<p>2)\u00a0\u00a0\u00a0 rozwija czytelnictwo, proponuje zakup pomocy naukowych,<\/p>\n<p>3)\u00a0\u00a0\u00a0 organizuje konkursy wiedzy,<\/p>\n<p>4)\u00a0\u00a0\u00a0 przygotowuje gazetki \u015bcienne popularyzuj\u0105ce wiedz\u0119,<\/p>\n<p>5)\u00a0\u00a0\u00a0 wnioskuje do Rady Pedagogicznej po I p\u00f3\u0142roczu ka\u017cdego roku szkolnego o przydzielenie\u00a0\u00a0 \u201e Karty Zaufania \u201d uczniom uzyskuj\u0105cym wysokie wyniki w nauce.<\/p>\n<p>&nbsp;<\/p>\n<p><strong>Regulamin \u201e Karty zaufania \u201d<\/strong><\/p>\n<p>Kart\u0119 zaufania mog\u0105 uzyska\u0107 uczniowie, kt\u00f3rzy:<\/p>\n<p>1)\u00a0\u00a0\u00a0 osi\u0105gn\u0119li \u015bredni\u0105 ocen co najmniej 4 za I p\u00f3\u0142rocze roku szkolnego<\/p>\n<p>2)\u00a0\u00a0\u00a0 otrzymali pozytywn\u0105 opini\u0119 wychowawcy grupy,<\/p>\n<p>3)\u00a0\u00a0\u00a0 nie maj\u0105 oceny niedostatecznej z \u017cadnego przedmiotu,<\/p>\n<p>4)\u00a0\u00a0\u00a0 \u201e Kart\u0119 zaufania \u201d przyznaje Rada Pedagogiczna.<\/p>\n<p>Uczniowie, kt\u00f3rzy otrzymali \u201e Kart\u0119 Zaufania\u201d maja nast\u0119puj\u0105ce przywileje:<\/p>\n<p>1)\u00a0\u00a0\u00a0 nie obowi\u0105zuje ich czas nauki w\u0142asnej w bursie,<\/p>\n<p>2)\u00a0\u00a0\u00a0 mog\u0105 bez ogranicze\u0144 dysponowa\u0107 w\u0142asnym czasem po zaj\u0119ciach szkolnych.<\/p>\n<p>Utrata \u201e Karty zaufania \u201d nast\u0119puje w przypadku wyra\u017anego pogorszenia si\u0119 ocen, absencji szkolnej lub \u0142amania regulaminu Bursy w II p\u00f3\u0142roczu roku szkolnego.<\/p>\n<p>&nbsp;<\/p>\n<p>Uzgodnione z Rad\u0105 Pedagogiczn\u0105<\/p>\n<p>i M\u0142odzie\u017cow\u0105 Rad\u0105 Bursy<\/p>\n","protected":false},"excerpt":{"rendered":"<p>W bursie dzia\u0142a sekcja pomocy w nauce w sk\u0142ad kt\u00f3rej wchodz\u0105 przedstawiciele wszystkich grup wychowawczych. Zadania sekcji : 1)\u00a0\u00a0\u00a0 organizuje pomoc kole\u017ce\u0144sk\u0105 w nauce, 2)\u00a0\u00a0\u00a0 rozwija czytelnictwo, proponuje zakup pomocy naukowych, 3)\u00a0\u00a0\u00a0 organizuje konkursy wiedzy, 4)\u00a0\u00a0\u00a0 przygotowuje gazetki \u015bcienne popularyzuj\u0105ce wiedz\u0119, 5)\u00a0\u00a0\u00a0 wnioskuje do Rady Pedagogicznej po I p\u00f3\u0142roczu ka\u017cdego roku szkolnego o przydzielenie\u00a0\u00a0 \u201e Karty Zaufania \u201d uczniom uzyskuj\u0105cym wysokie wyniki w nauce. &nbsp; Regulamin \u201e Karty zaufania \u201d&#8230;<\/p>\n","protected":false},"author":1,"featured_media":0,"parent":0,"menu_order":0,"comment_status":"closed","ping_status":"open","template":"","meta":{"footnotes":""},"class_list":["post-369","page","type-page","status-publish","hentry"],"_links":{"self":[{"href":"https:\/\/bursa3radom.pl\/index.php?rest_route=\/wp\/v2\/pages\/369","targetHints":{"allow":["GET"]}}],"collection":[{"href":"https:\/\/bursa3radom.pl\/index.php?rest_route=\/wp\/v2\/pages"}],"about":[{"href":"https:\/\/bursa3radom.pl\/index.php?rest_route=\/wp\/v2\/types\/page"}],"author":[{"embeddable":true,"href":"https:\/\/bursa3radom.pl\/index.php?rest_route=\/wp\/v2\/users\/1"}],"replies":[{"embeddable":true,"href":"https:\/\/bursa3radom.pl\/index.php?rest_route=%2Fwp%2Fv2%2Fcomments&post=369"}],"version-history":[{"count":2,"href":"https:\/\/bursa3radom.pl\/index.php?rest_route=\/wp\/v2\/pages\/369\/revisions"}],"predecessor-version":[{"id":1726,"href":"https:\/\/bursa3radom.pl\/index.php?rest_route=\/wp\/v2\/pages\/369\/revisions\/1726"}],"wp:attachment":[{"href":"https:\/\/bursa3radom.pl\/index.php?rest_route=%2Fwp%2Fv2%2Fmedia&parent=369"}],"curies":[{"name":"wp","href":"https:\/\/api.w.org\/{rel}","templated":true}]}}