{"id":348,"date":"2014-04-12T13:56:04","date_gmt":"2014-04-12T13:56:04","guid":{"rendered":"http:\/\/bursa3radom.pl\/?page_id=348"},"modified":"2023-11-07T15:44:51","modified_gmt":"2023-11-07T15:44:51","slug":"sekcja-sportowa","status":"publish","type":"page","link":"https:\/\/bursa3radom.pl\/?page_id=348","title":{"rendered":"Sekcja sportowa"},"content":{"rendered":"<p><strong>Sekcja sportowa<\/strong> w Bursie stwarza wychowankom mo\u017cliwo\u015b\u0107 rozwijania zainteresowa\u0144 sportowych i rekreacyjnych. Kreuje aktywne i atrakcyjne sp\u0119dzanie wolnego czasu. Rozwija t\u0119\u017cyzn\u0119 fizyczn\u0105, uczy zasad fair-play, umiej\u0119tno\u015bci pracy w grupie.<\/p>\n<p>Cz\u0142onkowie sekcji, kt\u00f3rzy s\u0105 przedstawicielami grup wychowawczych s\u0105 dobrze zorientowani w potrzebach wychowank\u00f3w. Ka\u017cdego roku sekcja sportowa przygotowywuje kalendarz rozgrywek oraz przeprowadza rozgrywki sportowe i turnieje.<\/p>\n<p>Baz\u0119 sekcji stanowi \u015bwietlica sportowa wyposa\u017cona w urz\u0105dzenia do \u0107wicze\u0144, st\u00f3\u0142 do ping-ponga, futballu sto\u0142owego, XBox oraz sprz\u0119t sportowy.<\/p>\n<p>Sekcja jest organizatorem \u201eDNIA SPORTU\u201d organizowanego co roku w czerwcu.<\/p>\n","protected":false},"excerpt":{"rendered":"<p>Sekcja sportowa w Bursie stwarza wychowankom mo\u017cliwo\u015b\u0107 rozwijania zainteresowa\u0144 sportowych i rekreacyjnych. Kreuje aktywne i atrakcyjne sp\u0119dzanie wolnego czasu. Rozwija t\u0119\u017cyzn\u0119 fizyczn\u0105, uczy zasad fair-play, umiej\u0119tno\u015bci pracy w grupie. Cz\u0142onkowie sekcji, kt\u00f3rzy s\u0105 przedstawicielami grup wychowawczych s\u0105 dobrze zorientowani w potrzebach wychowank\u00f3w. Ka\u017cdego roku sekcja sportowa przygotowywuje kalendarz rozgrywek oraz przeprowadza rozgrywki sportowe i turnieje. Baz\u0119 sekcji stanowi \u015bwietlica sportowa wyposa\u017cona w urz\u0105dzenia do \u0107wicze\u0144, st\u00f3\u0142 do ping-ponga, futballu sto\u0142owego,&#8230;<\/p>\n","protected":false},"author":1,"featured_media":0,"parent":0,"menu_order":0,"comment_status":"closed","ping_status":"open","template":"","meta":{"footnotes":""},"class_list":["post-348","page","type-page","status-publish","hentry"],"_links":{"self":[{"href":"https:\/\/bursa3radom.pl\/index.php?rest_route=\/wp\/v2\/pages\/348","targetHints":{"allow":["GET"]}}],"collection":[{"href":"https:\/\/bursa3radom.pl\/index.php?rest_route=\/wp\/v2\/pages"}],"about":[{"href":"https:\/\/bursa3radom.pl\/index.php?rest_route=\/wp\/v2\/types\/page"}],"author":[{"embeddable":true,"href":"https:\/\/bursa3radom.pl\/index.php?rest_route=\/wp\/v2\/users\/1"}],"replies":[{"embeddable":true,"href":"https:\/\/bursa3radom.pl\/index.php?rest_route=%2Fwp%2Fv2%2Fcomments&post=348"}],"version-history":[{"count":9,"href":"https:\/\/bursa3radom.pl\/index.php?rest_route=\/wp\/v2\/pages\/348\/revisions"}],"predecessor-version":[{"id":4623,"href":"https:\/\/bursa3radom.pl\/index.php?rest_route=\/wp\/v2\/pages\/348\/revisions\/4623"}],"wp:attachment":[{"href":"https:\/\/bursa3radom.pl\/index.php?rest_route=%2Fwp%2Fv2%2Fmedia&parent=348"}],"curies":[{"name":"wp","href":"https:\/\/api.w.org\/{rel}","templated":true}]}}