{"id":339,"date":"2014-04-12T13:49:27","date_gmt":"2014-04-12T13:49:27","guid":{"rendered":"http:\/\/bursa3radom.pl\/?page_id=339"},"modified":"2024-09-05T11:57:35","modified_gmt":"2024-09-05T11:57:35","slug":"sekcja-higieniczna","status":"publish","type":"page","link":"https:\/\/bursa3radom.pl\/?page_id=339","title":{"rendered":"Sekcja higieniczna"},"content":{"rendered":"<p><strong>Sekcja higieniczna<\/strong> ma na celu wdra\u017canie wychowank\u00f3w do utrzymania \u0142adu i porz\u0105dku w pokojach sypialnych i ich estetycznego wygl\u0105du. Propaguje zdrowy styl \u017cycia poprzez rozpowszechnianie broszurek oraz redagowaniu gazetek tematycznych dotycz\u0105cych nast\u0119puj\u0105cych zagadnie\u0144: higieny osobistej, racjonalnego od\u017cywiania, zapobiegania chorobom i uzale\u017cnieniom.<\/p>\n<p>Wa\u017cnym zadaniem sekcji jest wdra\u017canie wychowank\u00f3w do utrzymania \u0142adu i porz\u0105dku w pokojach sypialnych i ich estetycznego wygl\u0105du.<\/p>\n","protected":false},"excerpt":{"rendered":"<p>Sekcja higieniczna ma na celu wdra\u017canie wychowank\u00f3w do utrzymania \u0142adu i porz\u0105dku w pokojach sypialnych i ich estetycznego wygl\u0105du. Propaguje zdrowy styl \u017cycia poprzez rozpowszechnianie broszurek oraz redagowaniu gazetek tematycznych dotycz\u0105cych nast\u0119puj\u0105cych zagadnie\u0144: higieny osobistej, racjonalnego od\u017cywiania, zapobiegania chorobom i uzale\u017cnieniom. Wa\u017cnym zadaniem sekcji jest wdra\u017canie wychowank\u00f3w do utrzymania \u0142adu i porz\u0105dku w pokojach sypialnych i ich estetycznego wygl\u0105du.<\/p>\n","protected":false},"author":1,"featured_media":0,"parent":0,"menu_order":0,"comment_status":"closed","ping_status":"open","template":"","meta":{"footnotes":""},"class_list":["post-339","page","type-page","status-publish","hentry"],"_links":{"self":[{"href":"https:\/\/bursa3radom.pl\/index.php?rest_route=\/wp\/v2\/pages\/339","targetHints":{"allow":["GET"]}}],"collection":[{"href":"https:\/\/bursa3radom.pl\/index.php?rest_route=\/wp\/v2\/pages"}],"about":[{"href":"https:\/\/bursa3radom.pl\/index.php?rest_route=\/wp\/v2\/types\/page"}],"author":[{"embeddable":true,"href":"https:\/\/bursa3radom.pl\/index.php?rest_route=\/wp\/v2\/users\/1"}],"replies":[{"embeddable":true,"href":"https:\/\/bursa3radom.pl\/index.php?rest_route=%2Fwp%2Fv2%2Fcomments&post=339"}],"version-history":[{"count":5,"href":"https:\/\/bursa3radom.pl\/index.php?rest_route=\/wp\/v2\/pages\/339\/revisions"}],"predecessor-version":[{"id":5019,"href":"https:\/\/bursa3radom.pl\/index.php?rest_route=\/wp\/v2\/pages\/339\/revisions\/5019"}],"wp:attachment":[{"href":"https:\/\/bursa3radom.pl\/index.php?rest_route=%2Fwp%2Fv2%2Fmedia&parent=339"}],"curies":[{"name":"wp","href":"https:\/\/api.w.org\/{rel}","templated":true}]}}