{"id":2304,"date":"2019-01-27T21:25:29","date_gmt":"2019-01-27T21:25:29","guid":{"rendered":"http:\/\/bursa3radom.pl\/?page_id=2304"},"modified":"2019-01-27T21:43:54","modified_gmt":"2019-01-27T21:43:54","slug":"konkurs-okno-bozonarodzeniowe","status":"publish","type":"page","link":"https:\/\/bursa3radom.pl\/?page_id=2304","title":{"rendered":"Konkurs  ,,Okno bo\u017conarodzeniowe\u201d"},"content":{"rendered":"<p>Do og\u0142oszonego konkursu na wystr\u00f3j \u015bwi\u0105teczny okna zg\u0142osi\u0142a si\u0119 m\u0142odzie\u017c z sze\u015bciu pokoi. Komisja dokona\u0142a oceny dekoracji wg ustalonych w regulaminie konkursu kryteri\u00f3w. Wszyscy uczestnicy spe\u0142nili wymagania i wykazali si\u0119 du\u017cym zaanga\u017cowaniem oraz zmys\u0142em artystycznym. Pierwsze miejsce zaj\u0119\u0142y jednog\u0142o\u015bnie dziewcz\u0119ta z grupy IV z pokoju 108, kt\u00f3re uj\u0119\u0142y dodatkowo komisj\u0119 upieczonym samodzielnie \u015bwi\u0105tecznym ciastem i od\u015bpiewan\u0105, w przebraniach \u015bwi\u0105tecznych, kol\u0119d\u0105.<\/p>\n\n\t\t<style type=\"text\/css\">\n\t\t\t#gallery-1 {\n\t\t\t\tmargin: auto;\n\t\t\t}\n\t\t\t#gallery-1 .gallery-item {\n\t\t\t\tfloat: left;\n\t\t\t\tmargin-top: 10px;\n\t\t\t\ttext-align: center;\n\t\t\t\twidth: 33%;\n\t\t\t}\n\t\t\t#gallery-1 img {\n\t\t\t\tborder: 2px solid #cfcfcf;\n\t\t\t}\n\t\t\t#gallery-1 .gallery-caption {\n\t\t\t\tmargin-left: 0;\n\t\t\t}\n\t\t\t\/* see gallery_shortcode() in wp-includes\/media.php *\/\n\t\t<\/style>\n\t\t<div id='gallery-1' class='gallery galleryid-2304 gallery-columns-3 gallery-size-thumbnail'><dl class='gallery-item'>\n\t\t\t<dt class='gallery-icon landscape'>\n\t\t\t\t<a href='https:\/\/bursa3radom.pl\/wp-content\/uploads\/2019\/01\/P1090076.jpg'><img loading=\"lazy\" decoding=\"async\" width=\"150\" height=\"150\" src=\"https:\/\/bursa3radom.pl\/wp-content\/uploads\/2019\/01\/P1090076-150x150.jpg\" class=\"attachment-thumbnail size-thumbnail\" alt=\"\" \/><\/a>\n\t\t\t<\/dt><\/dl><dl class='gallery-item'>\n\t\t\t<dt class='gallery-icon landscape'>\n\t\t\t\t<a href='https:\/\/bursa3radom.pl\/wp-content\/uploads\/2019\/01\/P1090079.jpg'><img loading=\"lazy\" decoding=\"async\" width=\"150\" height=\"150\" src=\"https:\/\/bursa3radom.pl\/wp-content\/uploads\/2019\/01\/P1090079-150x150.jpg\" class=\"attachment-thumbnail size-thumbnail\" alt=\"\" \/><\/a>\n\t\t\t<\/dt><\/dl><dl class='gallery-item'>\n\t\t\t<dt class='gallery-icon landscape'>\n\t\t\t\t<a href='https:\/\/bursa3radom.pl\/wp-content\/uploads\/2019\/01\/P1090087.jpg'><img loading=\"lazy\" decoding=\"async\" width=\"150\" height=\"150\" src=\"https:\/\/bursa3radom.pl\/wp-content\/uploads\/2019\/01\/P1090087-150x150.jpg\" class=\"attachment-thumbnail size-thumbnail\" alt=\"\" \/><\/a>\n\t\t\t<\/dt><\/dl><br style=\"clear: both\" \/><dl class='gallery-item'>\n\t\t\t<dt class='gallery-icon landscape'>\n\t\t\t\t<a href='https:\/\/bursa3radom.pl\/wp-content\/uploads\/2019\/01\/P1090091.jpg'><img loading=\"lazy\" decoding=\"async\" width=\"150\" height=\"150\" src=\"https:\/\/bursa3radom.pl\/wp-content\/uploads\/2019\/01\/P1090091-150x150.jpg\" class=\"attachment-thumbnail size-thumbnail\" alt=\"\" \/><\/a>\n\t\t\t<\/dt><\/dl><dl class='gallery-item'>\n\t\t\t<dt class='gallery-icon landscape'>\n\t\t\t\t<a href='https:\/\/bursa3radom.pl\/wp-content\/uploads\/2019\/01\/P1090094.jpg'><img loading=\"lazy\" decoding=\"async\" width=\"150\" height=\"150\" src=\"https:\/\/bursa3radom.pl\/wp-content\/uploads\/2019\/01\/P1090094-150x150.jpg\" class=\"attachment-thumbnail size-thumbnail\" alt=\"\" \/><\/a>\n\t\t\t<\/dt><\/dl><dl class='gallery-item'>\n\t\t\t<dt class='gallery-icon landscape'>\n\t\t\t\t<a href='https:\/\/bursa3radom.pl\/wp-content\/uploads\/2019\/01\/P1090099.jpg'><img loading=\"lazy\" decoding=\"async\" width=\"150\" height=\"150\" src=\"https:\/\/bursa3radom.pl\/wp-content\/uploads\/2019\/01\/P1090099-150x150.jpg\" class=\"attachment-thumbnail size-thumbnail\" alt=\"\" \/><\/a>\n\t\t\t<\/dt><\/dl><br style=\"clear: both\" \/><dl class='gallery-item'>\n\t\t\t<dt class='gallery-icon landscape'>\n\t\t\t\t<a href='https:\/\/bursa3radom.pl\/wp-content\/uploads\/2019\/01\/P1090104.jpg'><img loading=\"lazy\" decoding=\"async\" width=\"150\" height=\"150\" src=\"https:\/\/bursa3radom.pl\/wp-content\/uploads\/2019\/01\/P1090104-150x150.jpg\" class=\"attachment-thumbnail size-thumbnail\" alt=\"\" \/><\/a>\n\t\t\t<\/dt><\/dl>\n\t\t\t<br style='clear: both' \/>\n\t\t<\/div>\n\n<p><a href=\"http:\/\/bursa3radom.pl\/?page_id=2142\">Powr\u00f3t<\/a><\/p>\n","protected":false},"excerpt":{"rendered":"<p>Do og\u0142oszonego konkursu na wystr\u00f3j \u015bwi\u0105teczny okna zg\u0142osi\u0142a si\u0119 m\u0142odzie\u017c z sze\u015bciu pokoi. Komisja dokona\u0142a oceny dekoracji wg ustalonych w regulaminie konkursu kryteri\u00f3w. Wszyscy uczestnicy spe\u0142nili wymagania i wykazali si\u0119 du\u017cym zaanga\u017cowaniem oraz zmys\u0142em artystycznym. Pierwsze miejsce zaj\u0119\u0142y jednog\u0142o\u015bnie dziewcz\u0119ta z grupy IV z pokoju 108, kt\u00f3re uj\u0119\u0142y dodatkowo komisj\u0119 upieczonym samodzielnie \u015bwi\u0105tecznym ciastem i od\u015bpiewan\u0105, w przebraniach \u015bwi\u0105tecznych, kol\u0119d\u0105. Powr\u00f3t<\/p>\n","protected":false},"author":1,"featured_media":0,"parent":2142,"menu_order":0,"comment_status":"closed","ping_status":"open","template":"","meta":{"footnotes":""},"class_list":["post-2304","page","type-page","status-publish","hentry"],"_links":{"self":[{"href":"https:\/\/bursa3radom.pl\/index.php?rest_route=\/wp\/v2\/pages\/2304","targetHints":{"allow":["GET"]}}],"collection":[{"href":"https:\/\/bursa3radom.pl\/index.php?rest_route=\/wp\/v2\/pages"}],"about":[{"href":"https:\/\/bursa3radom.pl\/index.php?rest_route=\/wp\/v2\/types\/page"}],"author":[{"embeddable":true,"href":"https:\/\/bursa3radom.pl\/index.php?rest_route=\/wp\/v2\/users\/1"}],"replies":[{"embeddable":true,"href":"https:\/\/bursa3radom.pl\/index.php?rest_route=%2Fwp%2Fv2%2Fcomments&post=2304"}],"version-history":[{"count":2,"href":"https:\/\/bursa3radom.pl\/index.php?rest_route=\/wp\/v2\/pages\/2304\/revisions"}],"predecessor-version":[{"id":2333,"href":"https:\/\/bursa3radom.pl\/index.php?rest_route=\/wp\/v2\/pages\/2304\/revisions\/2333"}],"up":[{"embeddable":true,"href":"https:\/\/bursa3radom.pl\/index.php?rest_route=\/wp\/v2\/pages\/2142"}],"wp:attachment":[{"href":"https:\/\/bursa3radom.pl\/index.php?rest_route=%2Fwp%2Fv2%2Fmedia&parent=2304"}],"curies":[{"name":"wp","href":"https:\/\/api.w.org\/{rel}","templated":true}]}}