{"id":2241,"date":"2019-01-27T20:57:29","date_gmt":"2019-01-27T20:57:29","guid":{"rendered":"http:\/\/bursa3radom.pl\/?page_id=2241"},"modified":"2019-01-27T21:38:19","modified_gmt":"2019-01-27T21:38:19","slug":"ksiega-bicia-rekordow","status":"publish","type":"page","link":"https:\/\/bursa3radom.pl\/?page_id=2241","title":{"rendered":"Ksi\u0119ga bicia rekord\u00f3w"},"content":{"rendered":"<p>Z okazji 100-lecia Niepodleg\u0142ej m\u0142odzie\u017c zaproponowa\u0142a za\u0142o\u017cenie ,, Ksi\u0119gi bicia rekord\u00f3w\u201d. Pierwszym rekordem mia\u0142o by\u0107 wykonanie w czasie wolnym w ci\u0105gu trzech dni co najmniej 100 kotylion\u00f3w. Uda\u0142o si\u0119. Wykonano 150 kotylion\u00f3w, kt\u00f3re ka\u017cdy z mieszka\u0144c\u00f3w i pracownik\u00f3w bursy przypi\u0105\u0142 sobie w dniu obchod\u00f3w \u015awi\u0119ta 11 Listopada.<\/p>\n<p>&nbsp;<\/p>\n\n\t\t<style type=\"text\/css\">\n\t\t\t#gallery-1 {\n\t\t\t\tmargin: auto;\n\t\t\t}\n\t\t\t#gallery-1 .gallery-item {\n\t\t\t\tfloat: left;\n\t\t\t\tmargin-top: 10px;\n\t\t\t\ttext-align: center;\n\t\t\t\twidth: 33%;\n\t\t\t}\n\t\t\t#gallery-1 img {\n\t\t\t\tborder: 2px solid #cfcfcf;\n\t\t\t}\n\t\t\t#gallery-1 .gallery-caption {\n\t\t\t\tmargin-left: 0;\n\t\t\t}\n\t\t\t\/* see gallery_shortcode() in wp-includes\/media.php *\/\n\t\t<\/style>\n\t\t<div id='gallery-1' class='gallery galleryid-2241 gallery-columns-3 gallery-size-thumbnail'><dl class='gallery-item'>\n\t\t\t<dt class='gallery-icon landscape'>\n\t\t\t\t<a href='https:\/\/bursa3radom.pl\/wp-content\/uploads\/2019\/01\/P1090070.jpg'><img loading=\"lazy\" decoding=\"async\" width=\"150\" height=\"150\" src=\"https:\/\/bursa3radom.pl\/wp-content\/uploads\/2019\/01\/P1090070-150x150.jpg\" class=\"attachment-thumbnail size-thumbnail\" alt=\"\" \/><\/a>\n\t\t\t<\/dt><\/dl><dl class='gallery-item'>\n\t\t\t<dt class='gallery-icon landscape'>\n\t\t\t\t<a href='https:\/\/bursa3radom.pl\/wp-content\/uploads\/2019\/01\/P1090068.jpg'><img loading=\"lazy\" decoding=\"async\" width=\"150\" height=\"150\" src=\"https:\/\/bursa3radom.pl\/wp-content\/uploads\/2019\/01\/P1090068-150x150.jpg\" class=\"attachment-thumbnail size-thumbnail\" alt=\"\" \/><\/a>\n\t\t\t<\/dt><\/dl><dl class='gallery-item'>\n\t\t\t<dt class='gallery-icon landscape'>\n\t\t\t\t<a href='https:\/\/bursa3radom.pl\/wp-content\/uploads\/2019\/01\/P1090066.jpg'><img loading=\"lazy\" decoding=\"async\" width=\"150\" height=\"150\" src=\"https:\/\/bursa3radom.pl\/wp-content\/uploads\/2019\/01\/P1090066-150x150.jpg\" class=\"attachment-thumbnail size-thumbnail\" alt=\"\" \/><\/a>\n\t\t\t<\/dt><\/dl><br style=\"clear: both\" \/>\n\t\t<\/div>\n\n<p><a href=\"http:\/\/bursa3radom.pl\/?page_id=2142\">Powr\u00f3t<\/a><\/p>\n","protected":false},"excerpt":{"rendered":"<p>Z okazji 100-lecia Niepodleg\u0142ej m\u0142odzie\u017c zaproponowa\u0142a za\u0142o\u017cenie ,, Ksi\u0119gi bicia rekord\u00f3w\u201d. Pierwszym rekordem mia\u0142o by\u0107 wykonanie w czasie wolnym w ci\u0105gu trzech dni co najmniej 100 kotylion\u00f3w. Uda\u0142o si\u0119. Wykonano 150 kotylion\u00f3w, kt\u00f3re ka\u017cdy z mieszka\u0144c\u00f3w i pracownik\u00f3w bursy przypi\u0105\u0142 sobie w dniu obchod\u00f3w \u015awi\u0119ta 11 Listopada. &nbsp; Powr\u00f3t<\/p>\n","protected":false},"author":1,"featured_media":0,"parent":2142,"menu_order":0,"comment_status":"closed","ping_status":"open","template":"","meta":{"footnotes":""},"class_list":["post-2241","page","type-page","status-publish","hentry"],"_links":{"self":[{"href":"https:\/\/bursa3radom.pl\/index.php?rest_route=\/wp\/v2\/pages\/2241","targetHints":{"allow":["GET"]}}],"collection":[{"href":"https:\/\/bursa3radom.pl\/index.php?rest_route=\/wp\/v2\/pages"}],"about":[{"href":"https:\/\/bursa3radom.pl\/index.php?rest_route=\/wp\/v2\/types\/page"}],"author":[{"embeddable":true,"href":"https:\/\/bursa3radom.pl\/index.php?rest_route=\/wp\/v2\/users\/1"}],"replies":[{"embeddable":true,"href":"https:\/\/bursa3radom.pl\/index.php?rest_route=%2Fwp%2Fv2%2Fcomments&post=2241"}],"version-history":[{"count":2,"href":"https:\/\/bursa3radom.pl\/index.php?rest_route=\/wp\/v2\/pages\/2241\/revisions"}],"predecessor-version":[{"id":2328,"href":"https:\/\/bursa3radom.pl\/index.php?rest_route=\/wp\/v2\/pages\/2241\/revisions\/2328"}],"up":[{"embeddable":true,"href":"https:\/\/bursa3radom.pl\/index.php?rest_route=\/wp\/v2\/pages\/2142"}],"wp:attachment":[{"href":"https:\/\/bursa3radom.pl\/index.php?rest_route=%2Fwp%2Fv2%2Fmedia&parent=2241"}],"curies":[{"name":"wp","href":"https:\/\/api.w.org\/{rel}","templated":true}]}}