{"id":2231,"date":"2019-01-27T20:51:29","date_gmt":"2019-01-27T20:51:29","guid":{"rendered":"http:\/\/bursa3radom.pl\/?page_id=2231"},"modified":"2019-01-27T21:37:09","modified_gmt":"2019-01-27T21:37:09","slug":"turniej-ping-pong","status":"publish","type":"page","link":"https:\/\/bursa3radom.pl\/?page_id=2231","title":{"rendered":"Turniej ping \u2013 pong"},"content":{"rendered":"<p>W I p\u00f3\u0142roczu opiekunowie sekcji sportowej: mgr M. Nowak i mgr W. Chmielewski odbyli szereg zaj\u0119\u0107 na sali gimnastycznej ZSSOSiU (pi\u0142ka siatkowa) oraz na boisku \u201e Orlik \u201d VII LO im. K. Baczy\u0144skiego (pi\u0142ka no\u017cna ).<\/p>\n<p>Na prze\u0142omie X \/XI w \u015bwietlicy sportowej bursy rozegrano oddzielnie dwa turnieje ping \u2013 pong dla dziewcz\u0105t i ch\u0142opc\u00f3w. Zwyci\u0119\u017cy\u0142 w\u015br\u00f3d ch\u0142opc\u00f3w K. Kr\u0119\u017cel z gr I, a w\u015br\u00f3d dziewcz\u0105t A. Kope\u0107 z gr III.<\/p>\n\n\t\t<style type=\"text\/css\">\n\t\t\t#gallery-1 {\n\t\t\t\tmargin: auto;\n\t\t\t}\n\t\t\t#gallery-1 .gallery-item {\n\t\t\t\tfloat: left;\n\t\t\t\tmargin-top: 10px;\n\t\t\t\ttext-align: center;\n\t\t\t\twidth: 33%;\n\t\t\t}\n\t\t\t#gallery-1 img {\n\t\t\t\tborder: 2px solid #cfcfcf;\n\t\t\t}\n\t\t\t#gallery-1 .gallery-caption {\n\t\t\t\tmargin-left: 0;\n\t\t\t}\n\t\t\t\/* see gallery_shortcode() in wp-includes\/media.php *\/\n\t\t<\/style>\n\t\t<div id='gallery-1' class='gallery galleryid-2231 gallery-columns-3 gallery-size-thumbnail'><dl class='gallery-item'>\n\t\t\t<dt class='gallery-icon landscape'>\n\t\t\t\t<a href='https:\/\/bursa3radom.pl\/wp-content\/uploads\/2019\/01\/DSC_0217.jpg'><img loading=\"lazy\" decoding=\"async\" width=\"150\" height=\"150\" src=\"https:\/\/bursa3radom.pl\/wp-content\/uploads\/2019\/01\/DSC_0217-150x150.jpg\" class=\"attachment-thumbnail size-thumbnail\" alt=\"\" \/><\/a>\n\t\t\t<\/dt><\/dl><dl class='gallery-item'>\n\t\t\t<dt class='gallery-icon landscape'>\n\t\t\t\t<a href='https:\/\/bursa3radom.pl\/wp-content\/uploads\/2019\/01\/DSC_0225.jpg'><img loading=\"lazy\" decoding=\"async\" width=\"150\" height=\"150\" src=\"https:\/\/bursa3radom.pl\/wp-content\/uploads\/2019\/01\/DSC_0225-150x150.jpg\" class=\"attachment-thumbnail size-thumbnail\" alt=\"\" \/><\/a>\n\t\t\t<\/dt><\/dl><dl class='gallery-item'>\n\t\t\t<dt class='gallery-icon landscape'>\n\t\t\t\t<a href='https:\/\/bursa3radom.pl\/wp-content\/uploads\/2019\/01\/DSC_0227.jpg'><img loading=\"lazy\" decoding=\"async\" width=\"150\" height=\"150\" src=\"https:\/\/bursa3radom.pl\/wp-content\/uploads\/2019\/01\/DSC_0227-150x150.jpg\" class=\"attachment-thumbnail size-thumbnail\" alt=\"\" \/><\/a>\n\t\t\t<\/dt><\/dl><br style=\"clear: both\" \/><dl class='gallery-item'>\n\t\t\t<dt class='gallery-icon landscape'>\n\t\t\t\t<a href='https:\/\/bursa3radom.pl\/wp-content\/uploads\/2019\/01\/DSC_0230.jpg'><img loading=\"lazy\" decoding=\"async\" width=\"150\" height=\"150\" src=\"https:\/\/bursa3radom.pl\/wp-content\/uploads\/2019\/01\/DSC_0230-150x150.jpg\" class=\"attachment-thumbnail size-thumbnail\" alt=\"\" \/><\/a>\n\t\t\t<\/dt><\/dl><dl class='gallery-item'>\n\t\t\t<dt class='gallery-icon landscape'>\n\t\t\t\t<a href='https:\/\/bursa3radom.pl\/wp-content\/uploads\/2019\/01\/DSC_0242.jpg'><img loading=\"lazy\" decoding=\"async\" width=\"150\" height=\"150\" src=\"https:\/\/bursa3radom.pl\/wp-content\/uploads\/2019\/01\/DSC_0242-150x150.jpg\" class=\"attachment-thumbnail size-thumbnail\" alt=\"\" \/><\/a>\n\t\t\t<\/dt><\/dl><dl class='gallery-item'>\n\t\t\t<dt class='gallery-icon landscape'>\n\t\t\t\t<a href='https:\/\/bursa3radom.pl\/wp-content\/uploads\/2019\/01\/DSC_0258.jpg'><img loading=\"lazy\" decoding=\"async\" width=\"150\" height=\"150\" src=\"https:\/\/bursa3radom.pl\/wp-content\/uploads\/2019\/01\/DSC_0258-150x150.jpg\" class=\"attachment-thumbnail size-thumbnail\" alt=\"\" \/><\/a>\n\t\t\t<\/dt><\/dl><br style=\"clear: both\" \/><dl class='gallery-item'>\n\t\t\t<dt class='gallery-icon portrait'>\n\t\t\t\t<a href='https:\/\/bursa3radom.pl\/wp-content\/uploads\/2019\/01\/DSC_0262.jpg'><img loading=\"lazy\" decoding=\"async\" width=\"150\" height=\"150\" src=\"https:\/\/bursa3radom.pl\/wp-content\/uploads\/2019\/01\/DSC_0262-150x150.jpg\" class=\"attachment-thumbnail size-thumbnail\" alt=\"\" \/><\/a>\n\t\t\t<\/dt><\/dl>\n\t\t\t<br style='clear: both' \/>\n\t\t<\/div>\n\n<p><a title=\"Rok szkolny 2018\/2019\" href=\"http:\/\/bursa3radom.pl\/?page_id=2142\">Powr\u00f3t<\/a><\/p>\n","protected":false},"excerpt":{"rendered":"<p>W I p\u00f3\u0142roczu opiekunowie sekcji sportowej: mgr M. Nowak i mgr W. Chmielewski odbyli szereg zaj\u0119\u0107 na sali gimnastycznej ZSSOSiU (pi\u0142ka siatkowa) oraz na boisku \u201e Orlik \u201d VII LO im. K. Baczy\u0144skiego (pi\u0142ka no\u017cna ). Na prze\u0142omie X \/XI w \u015bwietlicy sportowej bursy rozegrano oddzielnie dwa turnieje ping \u2013 pong dla dziewcz\u0105t i ch\u0142opc\u00f3w. Zwyci\u0119\u017cy\u0142 w\u015br\u00f3d ch\u0142opc\u00f3w K. Kr\u0119\u017cel z gr I, a w\u015br\u00f3d dziewcz\u0105t A. Kope\u0107 z gr&#8230;<\/p>\n","protected":false},"author":1,"featured_media":0,"parent":2142,"menu_order":0,"comment_status":"closed","ping_status":"open","template":"","meta":{"footnotes":""},"class_list":["post-2231","page","type-page","status-publish","hentry"],"_links":{"self":[{"href":"https:\/\/bursa3radom.pl\/index.php?rest_route=\/wp\/v2\/pages\/2231","targetHints":{"allow":["GET"]}}],"collection":[{"href":"https:\/\/bursa3radom.pl\/index.php?rest_route=\/wp\/v2\/pages"}],"about":[{"href":"https:\/\/bursa3radom.pl\/index.php?rest_route=\/wp\/v2\/types\/page"}],"author":[{"embeddable":true,"href":"https:\/\/bursa3radom.pl\/index.php?rest_route=\/wp\/v2\/users\/1"}],"replies":[{"embeddable":true,"href":"https:\/\/bursa3radom.pl\/index.php?rest_route=%2Fwp%2Fv2%2Fcomments&post=2231"}],"version-history":[{"count":2,"href":"https:\/\/bursa3radom.pl\/index.php?rest_route=\/wp\/v2\/pages\/2231\/revisions"}],"predecessor-version":[{"id":2327,"href":"https:\/\/bursa3radom.pl\/index.php?rest_route=\/wp\/v2\/pages\/2231\/revisions\/2327"}],"up":[{"embeddable":true,"href":"https:\/\/bursa3radom.pl\/index.php?rest_route=\/wp\/v2\/pages\/2142"}],"wp:attachment":[{"href":"https:\/\/bursa3radom.pl\/index.php?rest_route=%2Fwp%2Fv2%2Fmedia&parent=2231"}],"curies":[{"name":"wp","href":"https:\/\/api.w.org\/{rel}","templated":true}]}}