{"id":2173,"date":"2018-12-15T13:50:55","date_gmt":"2018-12-15T13:50:55","guid":{"rendered":"http:\/\/bursa3radom.pl\/?page_id=2173"},"modified":"2018-12-15T14:34:50","modified_gmt":"2018-12-15T14:34:50","slug":"otrzesiny-20182019","status":"publish","type":"page","link":"https:\/\/bursa3radom.pl\/?page_id=2173","title":{"rendered":"Otrz\u0119siny 2018\/2019"},"content":{"rendered":"<p><strong>\u201eOtrz\u0119siny klas I\u201d- pasowanie na mieszka\u0144ca Bursy<\/strong><\/p>\n<p>Dnia 20 wrze\u015bnia odby\u0142y si\u0119 \u201e Otrz\u0119siny klas pierwszych\u201d \u2013 pasowanie na mieszka\u0144ca Bursy. To pierwsza impreza w tym roku szkolnym, ze wzgl\u0119du na sprzyjaj\u0105ce warunki atmosferyczne zorganizowana zosta\u0142a na terenie rekreacyjnym przy bursie. Zwyczaj \u201e Otrz\u0119sin\u201d jest symbolicznym przyj\u0119ciem nowych koleg\u00f3w i kole\u017canek naszej Bursy do\u00a0grona kole\u017ce\u0144skiego przez starszych wychowank\u00f3w. Nowi wychowankowie brali udzia\u0142 w\u00a0r\u00f3\u017cnych pr\u00f3bach m\u0105dro\u015bci, t\u0119\u017cyzny fizycznej, kreatywno\u015bci, ciemno\u015bci. Musieli wypi\u0107 mleko, zata\u0144czy\u0107 z mopem, z zawi\u0105zanymi oczami narysowa\u0107 portret wychowawcy.<\/p>\n<p>Ostatnim elementem imprezy by\u0142o wsp\u00f3lne za\u015bpiewanie piosenki \u201eWlaz\u0142 kotek na p\u0142otek\u201d, z\u0142o\u017cenie przez pierwszak\u00f3w \u201ePrzysi\u0119gi kota\u201d, po kt\u00f3rej zostali pasowani przez p. Dyrektor na mieszka\u0144c\u00f3w Bursy.<\/p>\n<p>M\u00f3wi\u0105c kr\u00f3tko by\u0142o \u015bmiesznie i kreatywnie. Po zako\u0144czeniu \u201e Otrz\u0119sin\u201d odby\u0142a si\u0119 dyskoteka poprowadzona przez DJ- Arka.<\/p>\n\n\t\t<style type=\"text\/css\">\n\t\t\t#gallery-1 {\n\t\t\t\tmargin: auto;\n\t\t\t}\n\t\t\t#gallery-1 .gallery-item {\n\t\t\t\tfloat: left;\n\t\t\t\tmargin-top: 10px;\n\t\t\t\ttext-align: center;\n\t\t\t\twidth: 33%;\n\t\t\t}\n\t\t\t#gallery-1 img {\n\t\t\t\tborder: 2px solid #cfcfcf;\n\t\t\t}\n\t\t\t#gallery-1 .gallery-caption {\n\t\t\t\tmargin-left: 0;\n\t\t\t}\n\t\t\t\/* see gallery_shortcode() in wp-includes\/media.php *\/\n\t\t<\/style>\n\t\t<div id='gallery-1' class='gallery galleryid-2173 gallery-columns-3 gallery-size-thumbnail'><dl class='gallery-item'>\n\t\t\t<dt class='gallery-icon landscape'>\n\t\t\t\t<a href='https:\/\/bursa3radom.pl\/wp-content\/uploads\/2018\/12\/IMG_0738.1.jpg'><img loading=\"lazy\" decoding=\"async\" width=\"150\" height=\"150\" src=\"https:\/\/bursa3radom.pl\/wp-content\/uploads\/2018\/12\/IMG_0738.1-150x150.jpg\" class=\"attachment-thumbnail size-thumbnail\" alt=\"\" \/><\/a>\n\t\t\t<\/dt><\/dl><dl class='gallery-item'>\n\t\t\t<dt class='gallery-icon landscape'>\n\t\t\t\t<a href='https:\/\/bursa3radom.pl\/wp-content\/uploads\/2018\/12\/IMG_0741.1.jpg'><img loading=\"lazy\" decoding=\"async\" width=\"150\" height=\"150\" src=\"https:\/\/bursa3radom.pl\/wp-content\/uploads\/2018\/12\/IMG_0741.1-150x150.jpg\" class=\"attachment-thumbnail size-thumbnail\" alt=\"\" \/><\/a>\n\t\t\t<\/dt><\/dl><dl class='gallery-item'>\n\t\t\t<dt class='gallery-icon landscape'>\n\t\t\t\t<a href='https:\/\/bursa3radom.pl\/wp-content\/uploads\/2018\/12\/IMG_0748.1.jpg'><img loading=\"lazy\" decoding=\"async\" width=\"150\" height=\"150\" src=\"https:\/\/bursa3radom.pl\/wp-content\/uploads\/2018\/12\/IMG_0748.1-150x150.jpg\" class=\"attachment-thumbnail size-thumbnail\" alt=\"\" \/><\/a>\n\t\t\t<\/dt><\/dl><br style=\"clear: both\" \/><dl class='gallery-item'>\n\t\t\t<dt class='gallery-icon landscape'>\n\t\t\t\t<a href='https:\/\/bursa3radom.pl\/wp-content\/uploads\/2018\/12\/IMG_0749.1.jpg'><img loading=\"lazy\" decoding=\"async\" width=\"150\" height=\"150\" src=\"https:\/\/bursa3radom.pl\/wp-content\/uploads\/2018\/12\/IMG_0749.1-150x150.jpg\" class=\"attachment-thumbnail size-thumbnail\" alt=\"\" \/><\/a>\n\t\t\t<\/dt><\/dl><dl class='gallery-item'>\n\t\t\t<dt class='gallery-icon landscape'>\n\t\t\t\t<a href='https:\/\/bursa3radom.pl\/wp-content\/uploads\/2018\/12\/IMG_0773.1.jpg'><img loading=\"lazy\" decoding=\"async\" width=\"150\" height=\"150\" src=\"https:\/\/bursa3radom.pl\/wp-content\/uploads\/2018\/12\/IMG_0773.1-150x150.jpg\" class=\"attachment-thumbnail size-thumbnail\" alt=\"\" \/><\/a>\n\t\t\t<\/dt><\/dl><dl class='gallery-item'>\n\t\t\t<dt class='gallery-icon landscape'>\n\t\t\t\t<a href='https:\/\/bursa3radom.pl\/wp-content\/uploads\/2018\/12\/IMG_0778.1.jpg'><img loading=\"lazy\" decoding=\"async\" width=\"150\" height=\"150\" src=\"https:\/\/bursa3radom.pl\/wp-content\/uploads\/2018\/12\/IMG_0778.1-150x150.jpg\" class=\"attachment-thumbnail size-thumbnail\" alt=\"\" \/><\/a>\n\t\t\t<\/dt><\/dl><br style=\"clear: both\" \/><dl class='gallery-item'>\n\t\t\t<dt class='gallery-icon landscape'>\n\t\t\t\t<a href='https:\/\/bursa3radom.pl\/wp-content\/uploads\/2018\/12\/IMG_0794.1.jpg'><img loading=\"lazy\" decoding=\"async\" width=\"150\" height=\"150\" src=\"https:\/\/bursa3radom.pl\/wp-content\/uploads\/2018\/12\/IMG_0794.1-150x150.jpg\" class=\"attachment-thumbnail size-thumbnail\" alt=\"\" \/><\/a>\n\t\t\t<\/dt><\/dl><dl class='gallery-item'>\n\t\t\t<dt class='gallery-icon landscape'>\n\t\t\t\t<a href='https:\/\/bursa3radom.pl\/wp-content\/uploads\/2018\/12\/IMG_0838.1.jpg'><img loading=\"lazy\" decoding=\"async\" width=\"150\" height=\"150\" src=\"https:\/\/bursa3radom.pl\/wp-content\/uploads\/2018\/12\/IMG_0838.1-150x150.jpg\" class=\"attachment-thumbnail size-thumbnail\" alt=\"\" \/><\/a>\n\t\t\t<\/dt><\/dl><dl class='gallery-item'>\n\t\t\t<dt class='gallery-icon portrait'>\n\t\t\t\t<a href='https:\/\/bursa3radom.pl\/wp-content\/uploads\/2018\/12\/IMG_0851.1.jpg'><img loading=\"lazy\" decoding=\"async\" width=\"150\" height=\"150\" src=\"https:\/\/bursa3radom.pl\/wp-content\/uploads\/2018\/12\/IMG_0851.1-150x150.jpg\" class=\"attachment-thumbnail size-thumbnail\" alt=\"\" \/><\/a>\n\t\t\t<\/dt><\/dl><br style=\"clear: both\" \/><dl class='gallery-item'>\n\t\t\t<dt class='gallery-icon portrait'>\n\t\t\t\t<a href='https:\/\/bursa3radom.pl\/wp-content\/uploads\/2018\/12\/IMG_0855.jpg'><img loading=\"lazy\" decoding=\"async\" width=\"150\" height=\"150\" src=\"https:\/\/bursa3radom.pl\/wp-content\/uploads\/2018\/12\/IMG_0855-150x150.jpg\" class=\"attachment-thumbnail size-thumbnail\" alt=\"\" \/><\/a>\n\t\t\t<\/dt><\/dl>\n\t\t\t<br style='clear: both' \/>\n\t\t<\/div>\n\n<p><a href=\"http:\/\/bursa3radom.pl\/?page_id=2142\">Powr\u00f3t<\/a><\/p>\n","protected":false},"excerpt":{"rendered":"<p>\u201eOtrz\u0119siny klas I\u201d- pasowanie na mieszka\u0144ca Bursy Dnia 20 wrze\u015bnia odby\u0142y si\u0119 \u201e Otrz\u0119siny klas pierwszych\u201d \u2013 pasowanie na mieszka\u0144ca Bursy. To pierwsza impreza w tym roku szkolnym, ze wzgl\u0119du na sprzyjaj\u0105ce warunki atmosferyczne zorganizowana zosta\u0142a na terenie rekreacyjnym przy bursie. Zwyczaj \u201e Otrz\u0119sin\u201d jest symbolicznym przyj\u0119ciem nowych koleg\u00f3w i kole\u017canek naszej Bursy do\u00a0grona kole\u017ce\u0144skiego przez starszych wychowank\u00f3w. Nowi wychowankowie brali udzia\u0142 w\u00a0r\u00f3\u017cnych pr\u00f3bach m\u0105dro\u015bci, t\u0119\u017cyzny fizycznej, kreatywno\u015bci, ciemno\u015bci. Musieli&#8230;<\/p>\n","protected":false},"author":1,"featured_media":0,"parent":2142,"menu_order":0,"comment_status":"closed","ping_status":"open","template":"","meta":{"footnotes":""},"class_list":["post-2173","page","type-page","status-publish","hentry"],"_links":{"self":[{"href":"https:\/\/bursa3radom.pl\/index.php?rest_route=\/wp\/v2\/pages\/2173","targetHints":{"allow":["GET"]}}],"collection":[{"href":"https:\/\/bursa3radom.pl\/index.php?rest_route=\/wp\/v2\/pages"}],"about":[{"href":"https:\/\/bursa3radom.pl\/index.php?rest_route=\/wp\/v2\/types\/page"}],"author":[{"embeddable":true,"href":"https:\/\/bursa3radom.pl\/index.php?rest_route=\/wp\/v2\/users\/1"}],"replies":[{"embeddable":true,"href":"https:\/\/bursa3radom.pl\/index.php?rest_route=%2Fwp%2Fv2%2Fcomments&post=2173"}],"version-history":[{"count":1,"href":"https:\/\/bursa3radom.pl\/index.php?rest_route=\/wp\/v2\/pages\/2173\/revisions"}],"predecessor-version":[{"id":2184,"href":"https:\/\/bursa3radom.pl\/index.php?rest_route=\/wp\/v2\/pages\/2173\/revisions\/2184"}],"up":[{"embeddable":true,"href":"https:\/\/bursa3radom.pl\/index.php?rest_route=\/wp\/v2\/pages\/2142"}],"wp:attachment":[{"href":"https:\/\/bursa3radom.pl\/index.php?rest_route=%2Fwp%2Fv2%2Fmedia&parent=2173"}],"curies":[{"name":"wp","href":"https:\/\/api.w.org\/{rel}","templated":true}]}}