{"id":2097,"date":"2018-06-19T21:12:08","date_gmt":"2018-06-19T21:12:08","guid":{"rendered":"http:\/\/bursa3radom.pl\/?page_id=2097"},"modified":"2018-06-19T21:12:08","modified_gmt":"2018-06-19T21:12:08","slug":"quiz-savoir-vivreu","status":"publish","type":"page","link":"https:\/\/bursa3radom.pl\/?page_id=2097","title":{"rendered":"Quiz savoir-vivre\u2019u"},"content":{"rendered":"<p><strong>Quiz savoir-vivre\u2019u<\/strong> odby\u0142 si\u0119 w tym roku szkolnym 22 maja. Uczestnicy konkursu walczyli o tytu\u0142 ,, Mistrza bon-tonu\u201d kr\u0119c\u0105c ko\u0142em fortuny. Ka\u017cdemu z czterech kolor\u00f3w p\u00f3l ko\u0142a przypisana by\u0142a dziedzina \u017cycia z zasad dobrych manier m.in.<\/p>\n<p>&#8211; nakrywania do sto\u0142u i jedzenia , &#8211; wygl\u0105du, prezencji,<\/p>\n<p>&#8211; form towarzyskich( w rodzinie, w szkole, w pracy, na przyj\u0119ciu),<\/p>\n<p>&#8211; komunikacji ( w tym telefonicznej i internetowej).<\/p>\n<p>Reprezentanci grup dzielnie walczyli o zwyci\u0119stwo odpowiadaj\u0105c na pytania.<\/p>\n<p>Wygra\u0142a Aneta, przedstawicielka grupy III. Zako\u0144czenie konkursu zwie\u0144czy\u0142o rozwi\u0105zanie przez widowni\u0119 has\u0142a: <strong>,, Cz\u0142owieka tworzy charakter i maniery\u201d.<\/strong><\/p>\n\n\t\t<style type=\"text\/css\">\n\t\t\t#gallery-1 {\n\t\t\t\tmargin: auto;\n\t\t\t}\n\t\t\t#gallery-1 .gallery-item {\n\t\t\t\tfloat: left;\n\t\t\t\tmargin-top: 10px;\n\t\t\t\ttext-align: center;\n\t\t\t\twidth: 33%;\n\t\t\t}\n\t\t\t#gallery-1 img {\n\t\t\t\tborder: 2px solid #cfcfcf;\n\t\t\t}\n\t\t\t#gallery-1 .gallery-caption {\n\t\t\t\tmargin-left: 0;\n\t\t\t}\n\t\t\t\/* see gallery_shortcode() in wp-includes\/media.php *\/\n\t\t<\/style>\n\t\t<div id='gallery-1' class='gallery galleryid-2097 gallery-columns-3 gallery-size-thumbnail'><dl class='gallery-item'>\n\t\t\t<dt class='gallery-icon landscape'>\n\t\t\t\t<a href='https:\/\/bursa3radom.pl\/wp-content\/uploads\/2018\/06\/P1080801.jpg'><img loading=\"lazy\" decoding=\"async\" width=\"150\" height=\"150\" src=\"https:\/\/bursa3radom.pl\/wp-content\/uploads\/2018\/06\/P1080801-150x150.jpg\" class=\"attachment-thumbnail size-thumbnail\" alt=\"\" aria-describedby=\"gallery-1-2098\" \/><\/a>\n\t\t\t<\/dt>\n\t\t\t\t<dd class='wp-caption-text gallery-caption' id='gallery-1-2098'>\n\t\t\t\tQuiz savoir-vivre\u2019u\n\t\t\t\t<\/dd><\/dl><dl class='gallery-item'>\n\t\t\t<dt class='gallery-icon landscape'>\n\t\t\t\t<a href='https:\/\/bursa3radom.pl\/wp-content\/uploads\/2018\/06\/P1080806.jpg'><img loading=\"lazy\" decoding=\"async\" width=\"150\" height=\"150\" src=\"https:\/\/bursa3radom.pl\/wp-content\/uploads\/2018\/06\/P1080806-150x150.jpg\" class=\"attachment-thumbnail size-thumbnail\" alt=\"\" \/><\/a>\n\t\t\t<\/dt><\/dl><dl class='gallery-item'>\n\t\t\t<dt class='gallery-icon landscape'>\n\t\t\t\t<a href='https:\/\/bursa3radom.pl\/wp-content\/uploads\/2018\/06\/P1080813.jpg'><img loading=\"lazy\" decoding=\"async\" width=\"150\" height=\"150\" src=\"https:\/\/bursa3radom.pl\/wp-content\/uploads\/2018\/06\/P1080813-150x150.jpg\" class=\"attachment-thumbnail size-thumbnail\" alt=\"\" \/><\/a>\n\t\t\t<\/dt><\/dl><br style=\"clear: both\" \/><dl class='gallery-item'>\n\t\t\t<dt class='gallery-icon landscape'>\n\t\t\t\t<a href='https:\/\/bursa3radom.pl\/wp-content\/uploads\/2018\/06\/P1080821.jpg'><img loading=\"lazy\" decoding=\"async\" width=\"150\" height=\"150\" src=\"https:\/\/bursa3radom.pl\/wp-content\/uploads\/2018\/06\/P1080821-150x150.jpg\" class=\"attachment-thumbnail size-thumbnail\" alt=\"\" \/><\/a>\n\t\t\t<\/dt><\/dl><dl class='gallery-item'>\n\t\t\t<dt class='gallery-icon landscape'>\n\t\t\t\t<a href='https:\/\/bursa3radom.pl\/wp-content\/uploads\/2018\/06\/P1080845.jpg'><img loading=\"lazy\" decoding=\"async\" width=\"150\" height=\"150\" src=\"https:\/\/bursa3radom.pl\/wp-content\/uploads\/2018\/06\/P1080845-150x150.jpg\" class=\"attachment-thumbnail size-thumbnail\" alt=\"\" \/><\/a>\n\t\t\t<\/dt><\/dl><dl class='gallery-item'>\n\t\t\t<dt class='gallery-icon landscape'>\n\t\t\t\t<a href='https:\/\/bursa3radom.pl\/wp-content\/uploads\/2018\/06\/P1080849.jpg'><img loading=\"lazy\" decoding=\"async\" width=\"150\" height=\"150\" src=\"https:\/\/bursa3radom.pl\/wp-content\/uploads\/2018\/06\/P1080849-150x150.jpg\" class=\"attachment-thumbnail size-thumbnail\" alt=\"\" \/><\/a>\n\t\t\t<\/dt><\/dl><br style=\"clear: both\" \/><dl class='gallery-item'>\n\t\t\t<dt class='gallery-icon landscape'>\n\t\t\t\t<a href='https:\/\/bursa3radom.pl\/wp-content\/uploads\/2018\/06\/P1080851.jpg'><img loading=\"lazy\" decoding=\"async\" width=\"150\" height=\"150\" src=\"https:\/\/bursa3radom.pl\/wp-content\/uploads\/2018\/06\/P1080851-150x150.jpg\" class=\"attachment-thumbnail size-thumbnail\" alt=\"\" \/><\/a>\n\t\t\t<\/dt><\/dl><dl class='gallery-item'>\n\t\t\t<dt class='gallery-icon landscape'>\n\t\t\t\t<a href='https:\/\/bursa3radom.pl\/wp-content\/uploads\/2018\/06\/P1080858.jpg'><img loading=\"lazy\" decoding=\"async\" width=\"150\" height=\"150\" src=\"https:\/\/bursa3radom.pl\/wp-content\/uploads\/2018\/06\/P1080858-150x150.jpg\" class=\"attachment-thumbnail size-thumbnail\" alt=\"\" \/><\/a>\n\t\t\t<\/dt><\/dl>\n\t\t\t<br style='clear: both' \/>\n\t\t<\/div>\n\n","protected":false},"excerpt":{"rendered":"<p>Quiz savoir-vivre\u2019u odby\u0142 si\u0119 w tym roku szkolnym 22 maja. Uczestnicy konkursu walczyli o tytu\u0142 ,, Mistrza bon-tonu\u201d kr\u0119c\u0105c ko\u0142em fortuny. Ka\u017cdemu z czterech kolor\u00f3w p\u00f3l ko\u0142a przypisana by\u0142a dziedzina \u017cycia z zasad dobrych manier m.in. &#8211; nakrywania do sto\u0142u i jedzenia , &#8211; wygl\u0105du, prezencji, &#8211; form towarzyskich( w rodzinie, w szkole, w pracy, na przyj\u0119ciu), &#8211; komunikacji ( w tym telefonicznej i internetowej). Reprezentanci grup dzielnie walczyli o&#8230;<\/p>\n","protected":false},"author":1,"featured_media":0,"parent":1926,"menu_order":0,"comment_status":"closed","ping_status":"open","template":"","meta":{"footnotes":""},"class_list":["post-2097","page","type-page","status-publish","hentry"],"_links":{"self":[{"href":"https:\/\/bursa3radom.pl\/index.php?rest_route=\/wp\/v2\/pages\/2097","targetHints":{"allow":["GET"]}}],"collection":[{"href":"https:\/\/bursa3radom.pl\/index.php?rest_route=\/wp\/v2\/pages"}],"about":[{"href":"https:\/\/bursa3radom.pl\/index.php?rest_route=\/wp\/v2\/types\/page"}],"author":[{"embeddable":true,"href":"https:\/\/bursa3radom.pl\/index.php?rest_route=\/wp\/v2\/users\/1"}],"replies":[{"embeddable":true,"href":"https:\/\/bursa3radom.pl\/index.php?rest_route=%2Fwp%2Fv2%2Fcomments&post=2097"}],"version-history":[{"count":1,"href":"https:\/\/bursa3radom.pl\/index.php?rest_route=\/wp\/v2\/pages\/2097\/revisions"}],"predecessor-version":[{"id":2106,"href":"https:\/\/bursa3radom.pl\/index.php?rest_route=\/wp\/v2\/pages\/2097\/revisions\/2106"}],"up":[{"embeddable":true,"href":"https:\/\/bursa3radom.pl\/index.php?rest_route=\/wp\/v2\/pages\/1926"}],"wp:attachment":[{"href":"https:\/\/bursa3radom.pl\/index.php?rest_route=%2Fwp%2Fv2%2Fmedia&parent=2097"}],"curies":[{"name":"wp","href":"https:\/\/api.w.org\/{rel}","templated":true}]}}