{"id":2051,"date":"2018-03-27T19:39:02","date_gmt":"2018-03-27T19:39:02","guid":{"rendered":"http:\/\/bursa3radom.pl\/?page_id=2051"},"modified":"2018-03-27T19:39:02","modified_gmt":"2018-03-27T19:39:02","slug":"konkurs-kulinarny-na-na-najsmaczniejsze-nalesniki","status":"publish","type":"page","link":"https:\/\/bursa3radom.pl\/?page_id=2051","title":{"rendered":"Konkurs kulinarny na \u201e Na najsmaczniejsze nale\u015bniki.\u201d"},"content":{"rendered":"<p>Dnia 28.02.2018r. w godz. od 13.00 \u2013 17.00 w Bursie Szkolnej nr.3 w Radomiu odby\u0142 si\u0119 konkurs kulinarny na \u201e Na najsmaczniejsze nale\u015bniki.\u201d<\/p>\n<p>Organizatorzy konkursu to sekcja gospodarcza pod kierunkiem pani Aleksandry Krawulskiej i pani Marioli Michalskiej.<\/p>\n<p>Celem konkursu by\u0142o rozwijanie w\u0142asnej kreatywno\u015bci, talent\u00f3w oraz aktywny udzia\u0142 m\u0142odzie\u017cy w \u017cyciu Bursy, zdrowa rywalizacja. Wymy\u015blenie receptury, kt\u00f3ra spotka si\u0119 z uznaniem Jury.<\/p>\n<p>Warunkiem uczestnictwa by\u0142o wykonanie nale\u015bnik\u00f3w przez 2 \u2013 osobowe zespo\u0142y wy\u0142onione z ka\u017cdej grupy wychowawczej. Uczestnicy konkursu zobowi\u0105zani byli do podania receptury wg kt\u00f3rej nale\u015bniki zosta\u0142y sporz\u0105dzone. M\u0142odzie\u017c otrzyma\u0142a produkty do przygotowania nale\u015bnik\u00f3w od organizatora konkursu oraz mia\u0142a zapewniony drobny sprz\u0119t ( miski, patelnie, trzepaczki, mikser). Wychowankowie piekli nale\u015bniki w kuchni m\u0142odzie\u017cowej pod nadzorem opiekuna sekcji gospodarczej.<\/p>\n<p>Rozstrzygni\u0119cie konkursu odby\u0142o si\u0119 dnia 28.02.2018r. o godz.17.30 w Bursie Szkolnej Nr3 w \u015bwietlicy na parterze.<\/p>\n<p>Wypieki oceni\u0142a komisja konkursowa.<\/p>\n<p>Komisja dokona\u0142a wyboru najlepszego dania oceniaj\u0105c:<\/p>\n<p>&#8211; oryginalno\u015b\u0107 receptury ,<\/p>\n<p>&#8211; kolor, walory smakowe nale\u015bnika,<\/p>\n<p>&#8211; dekoracja i spos\u00f3b podania.<\/p>\n<p>-struktura w przekroju nale\u015bnika,<\/p>\n<p>-osobiste odczucia cz\u0142onk\u00f3w komisji po degustacji.<\/p>\n<p>W konkursie zwyci\u0119\u017cyli ch\u0142opcy z grupy I otrzymuj\u0105c 178 pkt.<\/p>\n<p>Dla zwyci\u0119zc\u00f3w konkursu przewidziano nagrody.<\/p>\n<p>Komisja konkursowa gratulowa\u0142a wszystkim uczestnikom za smaczne, wspania\u0142e wypieki.<\/p>\n<p>Wszyscy zostali obdarowani owocami i warzywami.<\/p>\n\n\t\t<style type=\"text\/css\">\n\t\t\t#gallery-1 {\n\t\t\t\tmargin: auto;\n\t\t\t}\n\t\t\t#gallery-1 .gallery-item {\n\t\t\t\tfloat: left;\n\t\t\t\tmargin-top: 10px;\n\t\t\t\ttext-align: center;\n\t\t\t\twidth: 33%;\n\t\t\t}\n\t\t\t#gallery-1 img {\n\t\t\t\tborder: 2px solid #cfcfcf;\n\t\t\t}\n\t\t\t#gallery-1 .gallery-caption {\n\t\t\t\tmargin-left: 0;\n\t\t\t}\n\t\t\t\/* see gallery_shortcode() in wp-includes\/media.php *\/\n\t\t<\/style>\n\t\t<div id='gallery-1' class='gallery galleryid-2051 gallery-columns-3 gallery-size-thumbnail'><dl class='gallery-item'>\n\t\t\t<dt class='gallery-icon landscape'>\n\t\t\t\t<a href='https:\/\/bursa3radom.pl\/wp-content\/uploads\/2018\/03\/DSC_0285.jpg'><img loading=\"lazy\" decoding=\"async\" width=\"150\" height=\"150\" src=\"https:\/\/bursa3radom.pl\/wp-content\/uploads\/2018\/03\/DSC_0285-150x150.jpg\" class=\"attachment-thumbnail size-thumbnail\" alt=\"\" \/><\/a>\n\t\t\t<\/dt><\/dl><dl class='gallery-item'>\n\t\t\t<dt class='gallery-icon landscape'>\n\t\t\t\t<a href='https:\/\/bursa3radom.pl\/wp-content\/uploads\/2018\/03\/DSC_0291.jpg'><img loading=\"lazy\" decoding=\"async\" width=\"150\" height=\"150\" src=\"https:\/\/bursa3radom.pl\/wp-content\/uploads\/2018\/03\/DSC_0291-150x150.jpg\" class=\"attachment-thumbnail size-thumbnail\" alt=\"\" \/><\/a>\n\t\t\t<\/dt><\/dl><dl class='gallery-item'>\n\t\t\t<dt class='gallery-icon landscape'>\n\t\t\t\t<a href='https:\/\/bursa3radom.pl\/wp-content\/uploads\/2018\/03\/DSC_0307.jpg'><img loading=\"lazy\" decoding=\"async\" width=\"150\" height=\"150\" src=\"https:\/\/bursa3radom.pl\/wp-content\/uploads\/2018\/03\/DSC_0307-150x150.jpg\" class=\"attachment-thumbnail size-thumbnail\" alt=\"\" \/><\/a>\n\t\t\t<\/dt><\/dl><br style=\"clear: both\" \/><dl class='gallery-item'>\n\t\t\t<dt class='gallery-icon landscape'>\n\t\t\t\t<a href='https:\/\/bursa3radom.pl\/wp-content\/uploads\/2018\/03\/DSC_0310.jpg'><img loading=\"lazy\" decoding=\"async\" width=\"150\" height=\"150\" src=\"https:\/\/bursa3radom.pl\/wp-content\/uploads\/2018\/03\/DSC_0310-150x150.jpg\" class=\"attachment-thumbnail size-thumbnail\" alt=\"\" \/><\/a>\n\t\t\t<\/dt><\/dl><dl class='gallery-item'>\n\t\t\t<dt class='gallery-icon landscape'>\n\t\t\t\t<a href='https:\/\/bursa3radom.pl\/wp-content\/uploads\/2018\/03\/DSC_0313.jpg'><img loading=\"lazy\" decoding=\"async\" width=\"150\" height=\"150\" src=\"https:\/\/bursa3radom.pl\/wp-content\/uploads\/2018\/03\/DSC_0313-150x150.jpg\" class=\"attachment-thumbnail size-thumbnail\" alt=\"\" \/><\/a>\n\t\t\t<\/dt><\/dl><dl class='gallery-item'>\n\t\t\t<dt class='gallery-icon landscape'>\n\t\t\t\t<a href='https:\/\/bursa3radom.pl\/wp-content\/uploads\/2018\/03\/DSC_0315.jpg'><img loading=\"lazy\" decoding=\"async\" width=\"150\" height=\"150\" src=\"https:\/\/bursa3radom.pl\/wp-content\/uploads\/2018\/03\/DSC_0315-150x150.jpg\" class=\"attachment-thumbnail size-thumbnail\" alt=\"\" \/><\/a>\n\t\t\t<\/dt><\/dl><br style=\"clear: both\" \/><dl class='gallery-item'>\n\t\t\t<dt class='gallery-icon landscape'>\n\t\t\t\t<a href='https:\/\/bursa3radom.pl\/wp-content\/uploads\/2018\/03\/DSC_0318.jpg'><img loading=\"lazy\" decoding=\"async\" width=\"150\" height=\"150\" src=\"https:\/\/bursa3radom.pl\/wp-content\/uploads\/2018\/03\/DSC_0318-150x150.jpg\" class=\"attachment-thumbnail size-thumbnail\" alt=\"\" \/><\/a>\n\t\t\t<\/dt><\/dl><dl class='gallery-item'>\n\t\t\t<dt class='gallery-icon landscape'>\n\t\t\t\t<a href='https:\/\/bursa3radom.pl\/wp-content\/uploads\/2018\/03\/DSC_0329.jpg'><img loading=\"lazy\" decoding=\"async\" width=\"150\" height=\"150\" src=\"https:\/\/bursa3radom.pl\/wp-content\/uploads\/2018\/03\/DSC_0329-150x150.jpg\" class=\"attachment-thumbnail size-thumbnail\" alt=\"\" \/><\/a>\n\t\t\t<\/dt><\/dl>\n\t\t\t<br style='clear: both' \/>\n\t\t<\/div>\n\n<p><a title=\"Rok szkolny 2017\/2018\" href=\"http:\/\/bursa3radom.pl\/?page_id=1926\">Powr\u00f3t<\/a><\/p>\n","protected":false},"excerpt":{"rendered":"<p>Dnia 28.02.2018r. w godz. od 13.00 \u2013 17.00 w Bursie Szkolnej nr.3 w Radomiu odby\u0142 si\u0119 konkurs kulinarny na \u201e Na najsmaczniejsze nale\u015bniki.\u201d Organizatorzy konkursu to sekcja gospodarcza pod kierunkiem pani Aleksandry Krawulskiej i pani Marioli Michalskiej. Celem konkursu by\u0142o rozwijanie w\u0142asnej kreatywno\u015bci, talent\u00f3w oraz aktywny udzia\u0142 m\u0142odzie\u017cy w \u017cyciu Bursy, zdrowa rywalizacja. Wymy\u015blenie receptury, kt\u00f3ra spotka si\u0119 z uznaniem Jury. Warunkiem uczestnictwa by\u0142o wykonanie nale\u015bnik\u00f3w przez 2 \u2013 osobowe&#8230;<\/p>\n","protected":false},"author":1,"featured_media":0,"parent":1926,"menu_order":0,"comment_status":"closed","ping_status":"open","template":"","meta":{"footnotes":""},"class_list":["post-2051","page","type-page","status-publish","hentry"],"_links":{"self":[{"href":"https:\/\/bursa3radom.pl\/index.php?rest_route=\/wp\/v2\/pages\/2051","targetHints":{"allow":["GET"]}}],"collection":[{"href":"https:\/\/bursa3radom.pl\/index.php?rest_route=\/wp\/v2\/pages"}],"about":[{"href":"https:\/\/bursa3radom.pl\/index.php?rest_route=\/wp\/v2\/types\/page"}],"author":[{"embeddable":true,"href":"https:\/\/bursa3radom.pl\/index.php?rest_route=\/wp\/v2\/users\/1"}],"replies":[{"embeddable":true,"href":"https:\/\/bursa3radom.pl\/index.php?rest_route=%2Fwp%2Fv2%2Fcomments&post=2051"}],"version-history":[{"count":1,"href":"https:\/\/bursa3radom.pl\/index.php?rest_route=\/wp\/v2\/pages\/2051\/revisions"}],"predecessor-version":[{"id":2060,"href":"https:\/\/bursa3radom.pl\/index.php?rest_route=\/wp\/v2\/pages\/2051\/revisions\/2060"}],"up":[{"embeddable":true,"href":"https:\/\/bursa3radom.pl\/index.php?rest_route=\/wp\/v2\/pages\/1926"}],"wp:attachment":[{"href":"https:\/\/bursa3radom.pl\/index.php?rest_route=%2Fwp%2Fv2%2Fmedia&parent=2051"}],"curies":[{"name":"wp","href":"https:\/\/api.w.org\/{rel}","templated":true}]}}