{"id":2045,"date":"2018-03-27T19:28:44","date_gmt":"2018-03-27T19:28:44","guid":{"rendered":"http:\/\/bursa3radom.pl\/?page_id=2045"},"modified":"2018-03-27T19:28:44","modified_gmt":"2018-03-27T19:28:44","slug":"konkurs-wiedzy-o-polsce-i-ukrainie","status":"publish","type":"page","link":"https:\/\/bursa3radom.pl\/?page_id=2045","title":{"rendered":"Konkurs wiedzy o Polsce i Ukrainie"},"content":{"rendered":"<p>W dn.26.02.2018r. sekcja pomocy w nauce zorganizowa\u0142a w naszej Bursie Konkurs Wiedzy o Polsce i Ukrainie.<\/p>\n<p>M\u0142odzie\u017c poszerzy\u0142a swoje wiadomo\u015bci o Polce i Ukrainie.<\/p>\n<p>W konkursie wzi\u0119li udzia\u0142 wychowankowie z ka\u017cdej grupy wychowawczej po 3 osoby.<\/p>\n<p>I m-ce zaj\u0119\u0142a\u00a0\u00a0 gr .III<\/p>\n<p>II m-ce\u00a0\u00a0\u00a0\u00a0\u00a0\u00a0\u00a0\u00a0\u00a0\u00a0\u00a0\u00a0 gr.II<\/p>\n<p>III m-ce\u00a0\u00a0\u00a0\u00a0\u00a0\u00a0\u00a0\u00a0\u00a0\u00a0\u00a0\u00a0 gr I<\/p>\n<p>IV m-ce\u00a0\u00a0\u00a0\u00a0\u00a0\u00a0\u00a0\u00a0\u00a0\u00a0 gr.IV.<\/p>\n<p>Zwyci\u0119zcy zostali nagrodzeni biletami do kina.<\/p>\n\n\t\t<style type=\"text\/css\">\n\t\t\t#gallery-1 {\n\t\t\t\tmargin: auto;\n\t\t\t}\n\t\t\t#gallery-1 .gallery-item {\n\t\t\t\tfloat: left;\n\t\t\t\tmargin-top: 10px;\n\t\t\t\ttext-align: center;\n\t\t\t\twidth: 33%;\n\t\t\t}\n\t\t\t#gallery-1 img {\n\t\t\t\tborder: 2px solid #cfcfcf;\n\t\t\t}\n\t\t\t#gallery-1 .gallery-caption {\n\t\t\t\tmargin-left: 0;\n\t\t\t}\n\t\t\t\/* see gallery_shortcode() in wp-includes\/media.php *\/\n\t\t<\/style>\n\t\t<div id='gallery-1' class='gallery galleryid-2045 gallery-columns-3 gallery-size-thumbnail'><dl class='gallery-item'>\n\t\t\t<dt class='gallery-icon landscape'>\n\t\t\t\t<a href='https:\/\/bursa3radom.pl\/wp-content\/uploads\/2018\/03\/DSC_0234.jpg'><img loading=\"lazy\" decoding=\"async\" width=\"150\" height=\"150\" src=\"https:\/\/bursa3radom.pl\/wp-content\/uploads\/2018\/03\/DSC_0234-150x150.jpg\" class=\"attachment-thumbnail size-thumbnail\" alt=\"\" \/><\/a>\n\t\t\t<\/dt><\/dl><dl class='gallery-item'>\n\t\t\t<dt class='gallery-icon portrait'>\n\t\t\t\t<a href='https:\/\/bursa3radom.pl\/wp-content\/uploads\/2018\/03\/DSC_0240.jpg'><img loading=\"lazy\" decoding=\"async\" width=\"150\" height=\"150\" src=\"https:\/\/bursa3radom.pl\/wp-content\/uploads\/2018\/03\/DSC_0240-150x150.jpg\" class=\"attachment-thumbnail size-thumbnail\" alt=\"\" \/><\/a>\n\t\t\t<\/dt><\/dl><dl class='gallery-item'>\n\t\t\t<dt class='gallery-icon portrait'>\n\t\t\t\t<a href='https:\/\/bursa3radom.pl\/wp-content\/uploads\/2018\/03\/DSC_0251.jpg'><img loading=\"lazy\" decoding=\"async\" width=\"150\" height=\"150\" src=\"https:\/\/bursa3radom.pl\/wp-content\/uploads\/2018\/03\/DSC_0251-150x150.jpg\" class=\"attachment-thumbnail size-thumbnail\" alt=\"\" \/><\/a>\n\t\t\t<\/dt><\/dl><br style=\"clear: both\" \/>\n\t\t<\/div>\n\n<p><a title=\"Rok szkolny 2017\/2018\" href=\"http:\/\/bursa3radom.pl\/?page_id=1926\">Powr\u00f3t<\/a><\/p>\n","protected":false},"excerpt":{"rendered":"<p>W dn.26.02.2018r. sekcja pomocy w nauce zorganizowa\u0142a w naszej Bursie Konkurs Wiedzy o Polsce i Ukrainie. M\u0142odzie\u017c poszerzy\u0142a swoje wiadomo\u015bci o Polce i Ukrainie. W konkursie wzi\u0119li udzia\u0142 wychowankowie z ka\u017cdej grupy wychowawczej po 3 osoby. I m-ce zaj\u0119\u0142a\u00a0\u00a0 gr .III II m-ce\u00a0\u00a0\u00a0\u00a0\u00a0\u00a0\u00a0\u00a0\u00a0\u00a0\u00a0\u00a0 gr.II III m-ce\u00a0\u00a0\u00a0\u00a0\u00a0\u00a0\u00a0\u00a0\u00a0\u00a0\u00a0\u00a0 gr I IV m-ce\u00a0\u00a0\u00a0\u00a0\u00a0\u00a0\u00a0\u00a0\u00a0\u00a0 gr.IV. Zwyci\u0119zcy zostali nagrodzeni biletami do kina. Powr\u00f3t<\/p>\n","protected":false},"author":1,"featured_media":0,"parent":1926,"menu_order":0,"comment_status":"closed","ping_status":"open","template":"","meta":{"footnotes":""},"class_list":["post-2045","page","type-page","status-publish","hentry"],"_links":{"self":[{"href":"https:\/\/bursa3radom.pl\/index.php?rest_route=\/wp\/v2\/pages\/2045","targetHints":{"allow":["GET"]}}],"collection":[{"href":"https:\/\/bursa3radom.pl\/index.php?rest_route=\/wp\/v2\/pages"}],"about":[{"href":"https:\/\/bursa3radom.pl\/index.php?rest_route=\/wp\/v2\/types\/page"}],"author":[{"embeddable":true,"href":"https:\/\/bursa3radom.pl\/index.php?rest_route=\/wp\/v2\/users\/1"}],"replies":[{"embeddable":true,"href":"https:\/\/bursa3radom.pl\/index.php?rest_route=%2Fwp%2Fv2%2Fcomments&post=2045"}],"version-history":[{"count":1,"href":"https:\/\/bursa3radom.pl\/index.php?rest_route=\/wp\/v2\/pages\/2045\/revisions"}],"predecessor-version":[{"id":2049,"href":"https:\/\/bursa3radom.pl\/index.php?rest_route=\/wp\/v2\/pages\/2045\/revisions\/2049"}],"up":[{"embeddable":true,"href":"https:\/\/bursa3radom.pl\/index.php?rest_route=\/wp\/v2\/pages\/1926"}],"wp:attachment":[{"href":"https:\/\/bursa3radom.pl\/index.php?rest_route=%2Fwp%2Fv2%2Fmedia&parent=2045"}],"curies":[{"name":"wp","href":"https:\/\/api.w.org\/{rel}","templated":true}]}}