{"id":1984,"date":"2017-11-19T17:15:59","date_gmt":"2017-11-19T17:15:59","guid":{"rendered":"http:\/\/bursa3radom.pl\/?page_id=1984"},"modified":"2017-11-19T17:15:59","modified_gmt":"2017-11-19T17:15:59","slug":"wybory-do-mlodziezowej-rady-bursy","status":"publish","type":"page","link":"https:\/\/bursa3radom.pl\/?page_id=1984","title":{"rendered":"Wybory do M\u0142odzie\u017cowej Rady Bursy"},"content":{"rendered":"<p><strong>Wybory do M\u0142odzie\u017cowej Rady Bursy<\/strong><\/p>\n<p>Jak co roku w Bursie odby\u0142y si\u0119 demokratyczne wybory do MRB. Wybory odby\u0142y si\u0119 23.X.2017r w godz. 18.30 \u2013 20.00 w g\u0142\u00f3wnym holu na parterze. Nazwiska kandydat\u00f3w wraz ze zdj\u0119ciami umieszczone by\u0142y w gablocie Samorz\u0105du Bursy. Nad prawid\u0142owym przebiegiem wybor\u00f3w czuwa\u0142a Komisja Wyborcza, sk\u0142adaj\u0105ca si\u0119 z 3 cz\u0142onk\u00f3w ust\u0119puj\u0105cej MRB oraz opiekuna MRB. Komisja dokona\u0142a liczenia g\u0142os\u00f3w i og\u0142osi\u0142a wyniki.<\/p>\n\n\t\t<style type=\"text\/css\">\n\t\t\t#gallery-1 {\n\t\t\t\tmargin: auto;\n\t\t\t}\n\t\t\t#gallery-1 .gallery-item {\n\t\t\t\tfloat: left;\n\t\t\t\tmargin-top: 10px;\n\t\t\t\ttext-align: center;\n\t\t\t\twidth: 33%;\n\t\t\t}\n\t\t\t#gallery-1 img {\n\t\t\t\tborder: 2px solid #cfcfcf;\n\t\t\t}\n\t\t\t#gallery-1 .gallery-caption {\n\t\t\t\tmargin-left: 0;\n\t\t\t}\n\t\t\t\/* see gallery_shortcode() in wp-includes\/media.php *\/\n\t\t<\/style>\n\t\t<div id='gallery-1' class='gallery galleryid-1984 gallery-columns-3 gallery-size-thumbnail'><dl class='gallery-item'>\n\t\t\t<dt class='gallery-icon landscape'>\n\t\t\t\t<a href='https:\/\/bursa3radom.pl\/wp-content\/uploads\/2017\/11\/P1080597.jpg'><img loading=\"lazy\" decoding=\"async\" width=\"150\" height=\"150\" src=\"https:\/\/bursa3radom.pl\/wp-content\/uploads\/2017\/11\/P1080597-150x150.jpg\" class=\"attachment-thumbnail size-thumbnail\" alt=\"\" aria-describedby=\"gallery-1-1985\" \/><\/a>\n\t\t\t<\/dt>\n\t\t\t\t<dd class='wp-caption-text gallery-caption' id='gallery-1-1985'>\n\t\t\t\tWybory do M\u0142odzie\u017cowej Rady Bursy\n\t\t\t\t<\/dd><\/dl><dl class='gallery-item'>\n\t\t\t<dt class='gallery-icon landscape'>\n\t\t\t\t<a href='https:\/\/bursa3radom.pl\/wp-content\/uploads\/2017\/11\/P1080598.jpg'><img loading=\"lazy\" decoding=\"async\" width=\"150\" height=\"150\" src=\"https:\/\/bursa3radom.pl\/wp-content\/uploads\/2017\/11\/P1080598-150x150.jpg\" class=\"attachment-thumbnail size-thumbnail\" alt=\"\" \/><\/a>\n\t\t\t<\/dt><\/dl><dl class='gallery-item'>\n\t\t\t<dt class='gallery-icon landscape'>\n\t\t\t\t<a href='https:\/\/bursa3radom.pl\/wp-content\/uploads\/2017\/11\/P1080605.jpg'><img loading=\"lazy\" decoding=\"async\" width=\"150\" height=\"150\" src=\"https:\/\/bursa3radom.pl\/wp-content\/uploads\/2017\/11\/P1080605-150x150.jpg\" class=\"attachment-thumbnail size-thumbnail\" alt=\"\" \/><\/a>\n\t\t\t<\/dt><\/dl><br style=\"clear: both\" \/><dl class='gallery-item'>\n\t\t\t<dt class='gallery-icon landscape'>\n\t\t\t\t<a href='https:\/\/bursa3radom.pl\/wp-content\/uploads\/2017\/11\/P1080612.jpg'><img loading=\"lazy\" decoding=\"async\" width=\"150\" height=\"150\" src=\"https:\/\/bursa3radom.pl\/wp-content\/uploads\/2017\/11\/P1080612-150x150.jpg\" class=\"attachment-thumbnail size-thumbnail\" alt=\"\" \/><\/a>\n\t\t\t<\/dt><\/dl><dl class='gallery-item'>\n\t\t\t<dt class='gallery-icon landscape'>\n\t\t\t\t<a href='https:\/\/bursa3radom.pl\/wp-content\/uploads\/2017\/11\/P1080614.jpg'><img loading=\"lazy\" decoding=\"async\" width=\"150\" height=\"150\" src=\"https:\/\/bursa3radom.pl\/wp-content\/uploads\/2017\/11\/P1080614-150x150.jpg\" class=\"attachment-thumbnail size-thumbnail\" alt=\"\" \/><\/a>\n\t\t\t<\/dt><\/dl><dl class='gallery-item'>\n\t\t\t<dt class='gallery-icon portrait'>\n\t\t\t\t<a href='https:\/\/bursa3radom.pl\/wp-content\/uploads\/2017\/11\/P1080616.jpg'><img loading=\"lazy\" decoding=\"async\" width=\"150\" height=\"150\" src=\"https:\/\/bursa3radom.pl\/wp-content\/uploads\/2017\/11\/P1080616-150x150.jpg\" class=\"attachment-thumbnail size-thumbnail\" alt=\"\" \/><\/a>\n\t\t\t<\/dt><\/dl><br style=\"clear: both\" \/><dl class='gallery-item'>\n\t\t\t<dt class='gallery-icon landscape'>\n\t\t\t\t<a href='https:\/\/bursa3radom.pl\/wp-content\/uploads\/2017\/11\/P1080623.jpg'><img loading=\"lazy\" decoding=\"async\" width=\"150\" height=\"150\" src=\"https:\/\/bursa3radom.pl\/wp-content\/uploads\/2017\/11\/P1080623-150x150.jpg\" class=\"attachment-thumbnail size-thumbnail\" alt=\"\" \/><\/a>\n\t\t\t<\/dt><\/dl>\n\t\t\t<br style='clear: both' \/>\n\t\t<\/div>\n\n<p><a title=\"Rok szkolny 2017\/2018\" href=\"http:\/\/bursa3radom.pl\/?page_id=1926\">Powr\u00f3t<\/a><\/p>\n","protected":false},"excerpt":{"rendered":"<p>Wybory do M\u0142odzie\u017cowej Rady Bursy Jak co roku w Bursie odby\u0142y si\u0119 demokratyczne wybory do MRB. Wybory odby\u0142y si\u0119 23.X.2017r w godz. 18.30 \u2013 20.00 w g\u0142\u00f3wnym holu na parterze. Nazwiska kandydat\u00f3w wraz ze zdj\u0119ciami umieszczone by\u0142y w gablocie Samorz\u0105du Bursy. Nad prawid\u0142owym przebiegiem wybor\u00f3w czuwa\u0142a Komisja Wyborcza, sk\u0142adaj\u0105ca si\u0119 z 3 cz\u0142onk\u00f3w ust\u0119puj\u0105cej MRB oraz opiekuna MRB. Komisja dokona\u0142a liczenia g\u0142os\u00f3w i og\u0142osi\u0142a wyniki. Powr\u00f3t<\/p>\n","protected":false},"author":1,"featured_media":0,"parent":1926,"menu_order":0,"comment_status":"closed","ping_status":"open","template":"","meta":{"footnotes":""},"class_list":["post-1984","page","type-page","status-publish","hentry"],"_links":{"self":[{"href":"https:\/\/bursa3radom.pl\/index.php?rest_route=\/wp\/v2\/pages\/1984","targetHints":{"allow":["GET"]}}],"collection":[{"href":"https:\/\/bursa3radom.pl\/index.php?rest_route=\/wp\/v2\/pages"}],"about":[{"href":"https:\/\/bursa3radom.pl\/index.php?rest_route=\/wp\/v2\/types\/page"}],"author":[{"embeddable":true,"href":"https:\/\/bursa3radom.pl\/index.php?rest_route=\/wp\/v2\/users\/1"}],"replies":[{"embeddable":true,"href":"https:\/\/bursa3radom.pl\/index.php?rest_route=%2Fwp%2Fv2%2Fcomments&post=1984"}],"version-history":[{"count":1,"href":"https:\/\/bursa3radom.pl\/index.php?rest_route=\/wp\/v2\/pages\/1984\/revisions"}],"predecessor-version":[{"id":1992,"href":"https:\/\/bursa3radom.pl\/index.php?rest_route=\/wp\/v2\/pages\/1984\/revisions\/1992"}],"up":[{"embeddable":true,"href":"https:\/\/bursa3radom.pl\/index.php?rest_route=\/wp\/v2\/pages\/1926"}],"wp:attachment":[{"href":"https:\/\/bursa3radom.pl\/index.php?rest_route=%2Fwp%2Fv2%2Fmedia&parent=1984"}],"curies":[{"name":"wp","href":"https:\/\/api.w.org\/{rel}","templated":true}]}}