{"id":1951,"date":"2017-11-19T16:52:48","date_gmt":"2017-11-19T16:52:48","guid":{"rendered":"http:\/\/bursa3radom.pl\/?page_id=1951"},"modified":"2017-11-19T16:52:48","modified_gmt":"2017-11-19T16:52:48","slug":"pasowanie-na-mieszkanca-bursy-otrzesiny","status":"publish","type":"page","link":"https:\/\/bursa3radom.pl\/?page_id=1951","title":{"rendered":"Pasowanie na mieszka\u0144ca Bursy &#8211; Otrz\u0119siny"},"content":{"rendered":"<p><strong>\u201eOtrz\u0119siny klas I\u201d- pasowanie na mieszka\u0144ca Bursy<\/strong><\/p>\n<p>Dnia 27 wrze\u015bnia odby\u0142y si\u0119 \u201e Otrz\u0119siny klas pierwszych\u201d \u2013 pasowanie na mieszka\u0144ca Bursy. Zwyczaj ten jest symbolicznym przyj\u0119ciem nowych koleg\u00f3w i kole\u017canek naszej Bursy do\u00a0grona kole\u017ce\u0144skiego przez starszych wychowank\u00f3w. Nowi wychowankowie brali udzia\u0142 w\u00a0r\u00f3\u017cnych pr\u00f3bach m\u0105dro\u015bci, t\u0119\u017cyzny fizycznej, kreatywno\u015bci, ciemno\u015bci. Musieli wypi\u0107 mleko, zata\u0144czy\u0107 z mopem, z zawi\u0105zanymi oczami narysowa\u0107 portret wychowawcy i wzi\u0105\u0107 udzia\u0142 w quizie dotycz\u0105cym \u201eWiedzy o Bursie.\u201d<\/p>\n<p>Ostatnim elementem imprezy by\u0142o wsp\u00f3lne za\u015bpiewanie piosenki \u201eWlaz\u0142 kotek na p\u0142otek\u201d, z\u0142o\u017cenie przez pierwszak\u00f3w \u201ePrzysi\u0119gi kota\u201d , po kt\u00f3rej zostali pasowani przez p.Dyrektor na mieszka\u0144c\u00f3w Bursy. Nast\u0119pnie wszyscy wychowankowie przyj\u0119ci w poczet mieszka\u0144c\u00f3w Bursy pozowali do pami\u0105tkowego zdj\u0119cia.<\/p>\n<p>M\u00f3wi\u0105c kr\u00f3tko by\u0142o \u015bmiesznie i kreatywnie. Po zako\u0144czeniu \u201e Otrz\u0119sin\u201d odby\u0142a si\u0119 dyskoteka poprowadzona przez DJ- Arka i DJ- Wojtka.<\/p>\n\n\t\t<style type=\"text\/css\">\n\t\t\t#gallery-1 {\n\t\t\t\tmargin: auto;\n\t\t\t}\n\t\t\t#gallery-1 .gallery-item {\n\t\t\t\tfloat: left;\n\t\t\t\tmargin-top: 10px;\n\t\t\t\ttext-align: center;\n\t\t\t\twidth: 33%;\n\t\t\t}\n\t\t\t#gallery-1 img {\n\t\t\t\tborder: 2px solid #cfcfcf;\n\t\t\t}\n\t\t\t#gallery-1 .gallery-caption {\n\t\t\t\tmargin-left: 0;\n\t\t\t}\n\t\t\t\/* see gallery_shortcode() in wp-includes\/media.php *\/\n\t\t<\/style>\n\t\t<div id='gallery-1' class='gallery galleryid-1951 gallery-columns-3 gallery-size-thumbnail'><dl class='gallery-item'>\n\t\t\t<dt class='gallery-icon landscape'>\n\t\t\t\t<a href='https:\/\/bursa3radom.pl\/wp-content\/uploads\/2017\/11\/DSC_0087.jpg'><img loading=\"lazy\" decoding=\"async\" width=\"150\" height=\"150\" src=\"https:\/\/bursa3radom.pl\/wp-content\/uploads\/2017\/11\/DSC_0087-150x150.jpg\" class=\"attachment-thumbnail size-thumbnail\" alt=\"\" \/><\/a>\n\t\t\t<\/dt><\/dl><dl class='gallery-item'>\n\t\t\t<dt class='gallery-icon landscape'>\n\t\t\t\t<a href='https:\/\/bursa3radom.pl\/wp-content\/uploads\/2017\/11\/DSC_0102.jpg'><img loading=\"lazy\" decoding=\"async\" width=\"150\" height=\"150\" src=\"https:\/\/bursa3radom.pl\/wp-content\/uploads\/2017\/11\/DSC_0102-150x150.jpg\" class=\"attachment-thumbnail size-thumbnail\" alt=\"\" \/><\/a>\n\t\t\t<\/dt><\/dl><dl class='gallery-item'>\n\t\t\t<dt class='gallery-icon landscape'>\n\t\t\t\t<a href='https:\/\/bursa3radom.pl\/wp-content\/uploads\/2017\/11\/DSC_0106.jpg'><img loading=\"lazy\" decoding=\"async\" width=\"150\" height=\"150\" src=\"https:\/\/bursa3radom.pl\/wp-content\/uploads\/2017\/11\/DSC_0106-150x150.jpg\" class=\"attachment-thumbnail size-thumbnail\" alt=\"\" \/><\/a>\n\t\t\t<\/dt><\/dl><br style=\"clear: both\" \/><dl class='gallery-item'>\n\t\t\t<dt class='gallery-icon landscape'>\n\t\t\t\t<a href='https:\/\/bursa3radom.pl\/wp-content\/uploads\/2017\/11\/DSC_0113.jpg'><img loading=\"lazy\" decoding=\"async\" width=\"150\" height=\"150\" src=\"https:\/\/bursa3radom.pl\/wp-content\/uploads\/2017\/11\/DSC_0113-150x150.jpg\" class=\"attachment-thumbnail size-thumbnail\" alt=\"\" \/><\/a>\n\t\t\t<\/dt><\/dl><dl class='gallery-item'>\n\t\t\t<dt class='gallery-icon landscape'>\n\t\t\t\t<a href='https:\/\/bursa3radom.pl\/wp-content\/uploads\/2017\/11\/DSC_0146.jpg'><img loading=\"lazy\" decoding=\"async\" width=\"150\" height=\"150\" src=\"https:\/\/bursa3radom.pl\/wp-content\/uploads\/2017\/11\/DSC_0146-150x150.jpg\" class=\"attachment-thumbnail size-thumbnail\" alt=\"\" \/><\/a>\n\t\t\t<\/dt><\/dl><dl class='gallery-item'>\n\t\t\t<dt class='gallery-icon landscape'>\n\t\t\t\t<a href='https:\/\/bursa3radom.pl\/wp-content\/uploads\/2017\/11\/DSC_0147.jpg'><img loading=\"lazy\" decoding=\"async\" width=\"150\" height=\"150\" src=\"https:\/\/bursa3radom.pl\/wp-content\/uploads\/2017\/11\/DSC_0147-150x150.jpg\" class=\"attachment-thumbnail size-thumbnail\" alt=\"\" \/><\/a>\n\t\t\t<\/dt><\/dl><br style=\"clear: both\" \/><dl class='gallery-item'>\n\t\t\t<dt class='gallery-icon landscape'>\n\t\t\t\t<a href='https:\/\/bursa3radom.pl\/wp-content\/uploads\/2017\/11\/DSC_0154.jpg'><img loading=\"lazy\" decoding=\"async\" width=\"150\" height=\"150\" src=\"https:\/\/bursa3radom.pl\/wp-content\/uploads\/2017\/11\/DSC_0154-150x150.jpg\" class=\"attachment-thumbnail size-thumbnail\" alt=\"\" \/><\/a>\n\t\t\t<\/dt><\/dl><dl class='gallery-item'>\n\t\t\t<dt class='gallery-icon portrait'>\n\t\t\t\t<a href='https:\/\/bursa3radom.pl\/wp-content\/uploads\/2017\/11\/DSC_0171.jpg'><img loading=\"lazy\" decoding=\"async\" width=\"150\" height=\"150\" src=\"https:\/\/bursa3radom.pl\/wp-content\/uploads\/2017\/11\/DSC_0171-150x150.jpg\" class=\"attachment-thumbnail size-thumbnail\" alt=\"\" \/><\/a>\n\t\t\t<\/dt><\/dl><dl class='gallery-item'>\n\t\t\t<dt class='gallery-icon portrait'>\n\t\t\t\t<a href='https:\/\/bursa3radom.pl\/wp-content\/uploads\/2017\/11\/DSC_0189.jpg'><img loading=\"lazy\" decoding=\"async\" width=\"150\" height=\"150\" src=\"https:\/\/bursa3radom.pl\/wp-content\/uploads\/2017\/11\/DSC_0189-150x150.jpg\" class=\"attachment-thumbnail size-thumbnail\" alt=\"\" \/><\/a>\n\t\t\t<\/dt><\/dl><br style=\"clear: both\" \/><dl class='gallery-item'>\n\t\t\t<dt class='gallery-icon landscape'>\n\t\t\t\t<a href='https:\/\/bursa3radom.pl\/wp-content\/uploads\/2017\/11\/DSC_0210.jpg'><img loading=\"lazy\" decoding=\"async\" width=\"150\" height=\"150\" src=\"https:\/\/bursa3radom.pl\/wp-content\/uploads\/2017\/11\/DSC_0210-150x150.jpg\" class=\"attachment-thumbnail size-thumbnail\" alt=\"\" \/><\/a>\n\t\t\t<\/dt><\/dl>\n\t\t\t<br style='clear: both' \/>\n\t\t<\/div>\n\n<p><a title=\"Rok szkolny 2017\/2018\" href=\"http:\/\/bursa3radom.pl\/?page_id=1926\">Powr\u00f3t<\/a><\/p>\n","protected":false},"excerpt":{"rendered":"<p>\u201eOtrz\u0119siny klas I\u201d- pasowanie na mieszka\u0144ca Bursy Dnia 27 wrze\u015bnia odby\u0142y si\u0119 \u201e Otrz\u0119siny klas pierwszych\u201d \u2013 pasowanie na mieszka\u0144ca Bursy. Zwyczaj ten jest symbolicznym przyj\u0119ciem nowych koleg\u00f3w i kole\u017canek naszej Bursy do\u00a0grona kole\u017ce\u0144skiego przez starszych wychowank\u00f3w. Nowi wychowankowie brali udzia\u0142 w\u00a0r\u00f3\u017cnych pr\u00f3bach m\u0105dro\u015bci, t\u0119\u017cyzny fizycznej, kreatywno\u015bci, ciemno\u015bci. Musieli wypi\u0107 mleko, zata\u0144czy\u0107 z mopem, z zawi\u0105zanymi oczami narysowa\u0107 portret wychowawcy i wzi\u0105\u0107 udzia\u0142 w quizie dotycz\u0105cym \u201eWiedzy o Bursie.\u201d Ostatnim&#8230;<\/p>\n","protected":false},"author":1,"featured_media":0,"parent":1926,"menu_order":0,"comment_status":"closed","ping_status":"open","template":"","meta":{"footnotes":""},"class_list":["post-1951","page","type-page","status-publish","hentry"],"_links":{"self":[{"href":"https:\/\/bursa3radom.pl\/index.php?rest_route=\/wp\/v2\/pages\/1951","targetHints":{"allow":["GET"]}}],"collection":[{"href":"https:\/\/bursa3radom.pl\/index.php?rest_route=\/wp\/v2\/pages"}],"about":[{"href":"https:\/\/bursa3radom.pl\/index.php?rest_route=\/wp\/v2\/types\/page"}],"author":[{"embeddable":true,"href":"https:\/\/bursa3radom.pl\/index.php?rest_route=\/wp\/v2\/users\/1"}],"replies":[{"embeddable":true,"href":"https:\/\/bursa3radom.pl\/index.php?rest_route=%2Fwp%2Fv2%2Fcomments&post=1951"}],"version-history":[{"count":1,"href":"https:\/\/bursa3radom.pl\/index.php?rest_route=\/wp\/v2\/pages\/1951\/revisions"}],"predecessor-version":[{"id":1962,"href":"https:\/\/bursa3radom.pl\/index.php?rest_route=\/wp\/v2\/pages\/1951\/revisions\/1962"}],"up":[{"embeddable":true,"href":"https:\/\/bursa3radom.pl\/index.php?rest_route=\/wp\/v2\/pages\/1926"}],"wp:attachment":[{"href":"https:\/\/bursa3radom.pl\/index.php?rest_route=%2Fwp%2Fv2%2Fmedia&parent=1951"}],"curies":[{"name":"wp","href":"https:\/\/api.w.org\/{rel}","templated":true}]}}