{"id":1884,"date":"2017-06-24T19:43:58","date_gmt":"2017-06-24T19:43:58","guid":{"rendered":"http:\/\/bursa3radom.pl\/?page_id=1884"},"modified":"2017-06-24T19:43:58","modified_gmt":"2017-06-24T19:43:58","slug":"rajd-rowerowy","status":"publish","type":"page","link":"https:\/\/bursa3radom.pl\/?page_id=1884","title":{"rendered":"Rajd rowerowy"},"content":{"rendered":"<p><a href=\"http:\/\/bursa3radom.pl\/?page_id=1630\">powr\u00f3t<\/a><\/p>\n<p>Rajd Rowerowy nad zalew Siczki sta\u0142 si\u0119 ju\u017c sta\u0142ym punktem wydarze\u0144 w naszej Bursie. Pogoda dopisa\u0142a i grupa wychowank\u00f3w pod opieka p. Marty Nowak i p. Miros\u0142awy Marlicy, wyruszy\u0142a rano spod budynku Bursy, by aktywnie sp\u0119dzi\u0107 ca\u0142y dzie\u0144 na \u015bwie\u017cym powietrzu. Po dotarciu na miejsce i odpoczynku wychowankowie wraz z opiekunami zwiedzili okolice Jedlni Letnisko i zalew Siczki. Kolejnym punktem wycieczki by\u0142y gry i zabawy, \u015bpiewanie piosenek, a tak\u017ce posi\u0142ek przygotowany wsp\u00f3lnie na grillu.<\/p>\n\n\t\t<style type=\"text\/css\">\n\t\t\t#gallery-1 {\n\t\t\t\tmargin: auto;\n\t\t\t}\n\t\t\t#gallery-1 .gallery-item {\n\t\t\t\tfloat: left;\n\t\t\t\tmargin-top: 10px;\n\t\t\t\ttext-align: center;\n\t\t\t\twidth: 33%;\n\t\t\t}\n\t\t\t#gallery-1 img {\n\t\t\t\tborder: 2px solid #cfcfcf;\n\t\t\t}\n\t\t\t#gallery-1 .gallery-caption {\n\t\t\t\tmargin-left: 0;\n\t\t\t}\n\t\t\t\/* see gallery_shortcode() in wp-includes\/media.php *\/\n\t\t<\/style>\n\t\t<div id='gallery-1' class='gallery galleryid-1884 gallery-columns-3 gallery-size-thumbnail'><dl class='gallery-item'>\n\t\t\t<dt class='gallery-icon landscape'>\n\t\t\t\t<a href='https:\/\/bursa3radom.pl\/wp-content\/uploads\/2017\/06\/1617_21_1.jpg'><img loading=\"lazy\" decoding=\"async\" width=\"150\" height=\"150\" src=\"https:\/\/bursa3radom.pl\/wp-content\/uploads\/2017\/06\/1617_21_1-150x150.jpg\" class=\"attachment-thumbnail size-thumbnail\" alt=\"\" aria-describedby=\"gallery-1-1885\" \/><\/a>\n\t\t\t<\/dt>\n\t\t\t\t<dd class='wp-caption-text gallery-caption' id='gallery-1-1885'>\n\t\t\t\tRajd rowerowy\n\t\t\t\t<\/dd><\/dl><dl class='gallery-item'>\n\t\t\t<dt class='gallery-icon landscape'>\n\t\t\t\t<a href='https:\/\/bursa3radom.pl\/wp-content\/uploads\/2017\/06\/1617_21_2.jpg'><img loading=\"lazy\" decoding=\"async\" width=\"150\" height=\"150\" src=\"https:\/\/bursa3radom.pl\/wp-content\/uploads\/2017\/06\/1617_21_2-150x150.jpg\" class=\"attachment-thumbnail size-thumbnail\" alt=\"\" \/><\/a>\n\t\t\t<\/dt><\/dl><dl class='gallery-item'>\n\t\t\t<dt class='gallery-icon landscape'>\n\t\t\t\t<a href='https:\/\/bursa3radom.pl\/wp-content\/uploads\/2017\/06\/1617_21_3.jpg'><img loading=\"lazy\" decoding=\"async\" width=\"150\" height=\"150\" src=\"https:\/\/bursa3radom.pl\/wp-content\/uploads\/2017\/06\/1617_21_3-150x150.jpg\" class=\"attachment-thumbnail size-thumbnail\" alt=\"\" \/><\/a>\n\t\t\t<\/dt><\/dl><br style=\"clear: both\" \/><dl class='gallery-item'>\n\t\t\t<dt class='gallery-icon landscape'>\n\t\t\t\t<a href='https:\/\/bursa3radom.pl\/wp-content\/uploads\/2017\/06\/1617_21_4.jpg'><img loading=\"lazy\" decoding=\"async\" width=\"150\" height=\"150\" src=\"https:\/\/bursa3radom.pl\/wp-content\/uploads\/2017\/06\/1617_21_4-150x150.jpg\" class=\"attachment-thumbnail size-thumbnail\" alt=\"\" \/><\/a>\n\t\t\t<\/dt><\/dl><dl class='gallery-item'>\n\t\t\t<dt class='gallery-icon landscape'>\n\t\t\t\t<a href='https:\/\/bursa3radom.pl\/wp-content\/uploads\/2017\/06\/1617_21_5.jpg'><img loading=\"lazy\" decoding=\"async\" width=\"150\" height=\"150\" src=\"https:\/\/bursa3radom.pl\/wp-content\/uploads\/2017\/06\/1617_21_5-150x150.jpg\" class=\"attachment-thumbnail size-thumbnail\" alt=\"\" \/><\/a>\n\t\t\t<\/dt><\/dl><dl class='gallery-item'>\n\t\t\t<dt class='gallery-icon landscape'>\n\t\t\t\t<a href='https:\/\/bursa3radom.pl\/wp-content\/uploads\/2017\/06\/1617_21_6.jpg'><img loading=\"lazy\" decoding=\"async\" width=\"150\" height=\"150\" src=\"https:\/\/bursa3radom.pl\/wp-content\/uploads\/2017\/06\/1617_21_6-150x150.jpg\" class=\"attachment-thumbnail size-thumbnail\" alt=\"\" \/><\/a>\n\t\t\t<\/dt><\/dl><br style=\"clear: both\" \/>\n\t\t<\/div>\n\n<p><a href=\"http:\/\/bursa3radom.pl\/?page_id=1630\">powr\u00f3t<\/a><\/p>\n","protected":false},"excerpt":{"rendered":"<p>powr\u00f3t Rajd Rowerowy nad zalew Siczki sta\u0142 si\u0119 ju\u017c sta\u0142ym punktem wydarze\u0144 w naszej Bursie. Pogoda dopisa\u0142a i grupa wychowank\u00f3w pod opieka p. Marty Nowak i p. Miros\u0142awy Marlicy, wyruszy\u0142a rano spod budynku Bursy, by aktywnie sp\u0119dzi\u0107 ca\u0142y dzie\u0144 na \u015bwie\u017cym powietrzu. Po dotarciu na miejsce i odpoczynku wychowankowie wraz z opiekunami zwiedzili okolice Jedlni Letnisko i zalew Siczki. Kolejnym punktem wycieczki by\u0142y gry i zabawy, \u015bpiewanie piosenek, a tak\u017ce&#8230;<\/p>\n","protected":false},"author":1,"featured_media":0,"parent":1630,"menu_order":0,"comment_status":"closed","ping_status":"open","template":"","meta":{"footnotes":""},"class_list":["post-1884","page","type-page","status-publish","hentry"],"_links":{"self":[{"href":"https:\/\/bursa3radom.pl\/index.php?rest_route=\/wp\/v2\/pages\/1884","targetHints":{"allow":["GET"]}}],"collection":[{"href":"https:\/\/bursa3radom.pl\/index.php?rest_route=\/wp\/v2\/pages"}],"about":[{"href":"https:\/\/bursa3radom.pl\/index.php?rest_route=\/wp\/v2\/types\/page"}],"author":[{"embeddable":true,"href":"https:\/\/bursa3radom.pl\/index.php?rest_route=\/wp\/v2\/users\/1"}],"replies":[{"embeddable":true,"href":"https:\/\/bursa3radom.pl\/index.php?rest_route=%2Fwp%2Fv2%2Fcomments&post=1884"}],"version-history":[{"count":1,"href":"https:\/\/bursa3radom.pl\/index.php?rest_route=\/wp\/v2\/pages\/1884\/revisions"}],"predecessor-version":[{"id":1891,"href":"https:\/\/bursa3radom.pl\/index.php?rest_route=\/wp\/v2\/pages\/1884\/revisions\/1891"}],"up":[{"embeddable":true,"href":"https:\/\/bursa3radom.pl\/index.php?rest_route=\/wp\/v2\/pages\/1630"}],"wp:attachment":[{"href":"https:\/\/bursa3radom.pl\/index.php?rest_route=%2Fwp%2Fv2%2Fmedia&parent=1884"}],"curies":[{"name":"wp","href":"https:\/\/api.w.org\/{rel}","templated":true}]}}