{"id":1824,"date":"2017-06-24T19:05:16","date_gmt":"2017-06-24T19:05:16","guid":{"rendered":"http:\/\/bursa3radom.pl\/?page_id=1824"},"modified":"2017-06-24T19:05:16","modified_gmt":"2017-06-24T19:05:16","slug":"konkurs-wiedzy-o-polsce-i-ukrainie","status":"publish","type":"page","link":"https:\/\/bursa3radom.pl\/?page_id=1824","title":{"rendered":"Konkurs wiedzy o Polsce i Ukrainie"},"content":{"rendered":"<p><a href=\"http:\/\/bursa3radom.pl\/?page_id=1630\">powr\u00f3t<\/a><\/p>\n<p>W miesi\u0105cu marcu 2017r odby\u0142a si\u0119 III Edycja Konkursu wiedzy o Polsce i Ukrainie. W konkursie udzia\u0142 wzi\u0119\u0142y dwie dru\u017cyny 4-osobowe reprezentuj\u0105ce m\u0142odzie\u017c z obydwu kraj\u00f3w. Konkurs sk\u0142ada\u0142 si\u0119 z III etap\u00f3w. Pytania konkursowe dotyczy\u0142y zagadnie\u0144 z nast\u0119puj\u0105cych dziedzin wiedzy: historii, geografii, literatury, muzyki, zabytk\u00f3w. Zwyci\u0119\u017cy\u0142a dru\u017cyna z Polski. Wszyscy uczestnicy konkursu otrzymali nagrody rzeczowe.<\/p>\n\n\t\t<style type=\"text\/css\">\n\t\t\t#gallery-1 {\n\t\t\t\tmargin: auto;\n\t\t\t}\n\t\t\t#gallery-1 .gallery-item {\n\t\t\t\tfloat: left;\n\t\t\t\tmargin-top: 10px;\n\t\t\t\ttext-align: center;\n\t\t\t\twidth: 33%;\n\t\t\t}\n\t\t\t#gallery-1 img {\n\t\t\t\tborder: 2px solid #cfcfcf;\n\t\t\t}\n\t\t\t#gallery-1 .gallery-caption {\n\t\t\t\tmargin-left: 0;\n\t\t\t}\n\t\t\t\/* see gallery_shortcode() in wp-includes\/media.php *\/\n\t\t<\/style>\n\t\t<div id='gallery-1' class='gallery galleryid-1824 gallery-columns-3 gallery-size-thumbnail'><dl class='gallery-item'>\n\t\t\t<dt class='gallery-icon landscape'>\n\t\t\t\t<a href='https:\/\/bursa3radom.pl\/wp-content\/uploads\/2017\/06\/1617_15_1.jpg'><img loading=\"lazy\" decoding=\"async\" width=\"150\" height=\"150\" src=\"https:\/\/bursa3radom.pl\/wp-content\/uploads\/2017\/06\/1617_15_1-150x150.jpg\" class=\"attachment-thumbnail size-thumbnail\" alt=\"\" aria-describedby=\"gallery-1-1825\" \/><\/a>\n\t\t\t<\/dt>\n\t\t\t\t<dd class='wp-caption-text gallery-caption' id='gallery-1-1825'>\n\t\t\t\tKonkurs wiedzy o Polsce i Ukrainie\n\t\t\t\t<\/dd><\/dl><dl class='gallery-item'>\n\t\t\t<dt class='gallery-icon portrait'>\n\t\t\t\t<a href='https:\/\/bursa3radom.pl\/wp-content\/uploads\/2017\/06\/1617_15_2.jpg'><img loading=\"lazy\" decoding=\"async\" width=\"150\" height=\"150\" src=\"https:\/\/bursa3radom.pl\/wp-content\/uploads\/2017\/06\/1617_15_2-150x150.jpg\" class=\"attachment-thumbnail size-thumbnail\" alt=\"\" \/><\/a>\n\t\t\t<\/dt><\/dl><dl class='gallery-item'>\n\t\t\t<dt class='gallery-icon landscape'>\n\t\t\t\t<a href='https:\/\/bursa3radom.pl\/wp-content\/uploads\/2017\/06\/1617_15_3.jpg'><img loading=\"lazy\" decoding=\"async\" width=\"150\" height=\"150\" src=\"https:\/\/bursa3radom.pl\/wp-content\/uploads\/2017\/06\/1617_15_3-150x150.jpg\" class=\"attachment-thumbnail size-thumbnail\" alt=\"\" \/><\/a>\n\t\t\t<\/dt><\/dl><br style=\"clear: both\" \/><dl class='gallery-item'>\n\t\t\t<dt class='gallery-icon landscape'>\n\t\t\t\t<a href='https:\/\/bursa3radom.pl\/wp-content\/uploads\/2017\/06\/1617_15_4.jpg'><img loading=\"lazy\" decoding=\"async\" width=\"150\" height=\"150\" src=\"https:\/\/bursa3radom.pl\/wp-content\/uploads\/2017\/06\/1617_15_4-150x150.jpg\" class=\"attachment-thumbnail size-thumbnail\" alt=\"\" \/><\/a>\n\t\t\t<\/dt><\/dl>\n\t\t\t<br style='clear: both' \/>\n\t\t<\/div>\n\n<p><a href=\"http:\/\/bursa3radom.pl\/?page_id=1630\">powr\u00f3t<\/a><\/p>\n","protected":false},"excerpt":{"rendered":"<p>powr\u00f3t W miesi\u0105cu marcu 2017r odby\u0142a si\u0119 III Edycja Konkursu wiedzy o Polsce i Ukrainie. W konkursie udzia\u0142 wzi\u0119\u0142y dwie dru\u017cyny 4-osobowe reprezentuj\u0105ce m\u0142odzie\u017c z obydwu kraj\u00f3w. Konkurs sk\u0142ada\u0142 si\u0119 z III etap\u00f3w. Pytania konkursowe dotyczy\u0142y zagadnie\u0144 z nast\u0119puj\u0105cych dziedzin wiedzy: historii, geografii, literatury, muzyki, zabytk\u00f3w. Zwyci\u0119\u017cy\u0142a dru\u017cyna z Polski. Wszyscy uczestnicy konkursu otrzymali nagrody rzeczowe. powr\u00f3t<\/p>\n","protected":false},"author":1,"featured_media":0,"parent":1630,"menu_order":0,"comment_status":"closed","ping_status":"open","template":"","meta":{"footnotes":""},"class_list":["post-1824","page","type-page","status-publish","hentry"],"_links":{"self":[{"href":"https:\/\/bursa3radom.pl\/index.php?rest_route=\/wp\/v2\/pages\/1824","targetHints":{"allow":["GET"]}}],"collection":[{"href":"https:\/\/bursa3radom.pl\/index.php?rest_route=\/wp\/v2\/pages"}],"about":[{"href":"https:\/\/bursa3radom.pl\/index.php?rest_route=\/wp\/v2\/types\/page"}],"author":[{"embeddable":true,"href":"https:\/\/bursa3radom.pl\/index.php?rest_route=\/wp\/v2\/users\/1"}],"replies":[{"embeddable":true,"href":"https:\/\/bursa3radom.pl\/index.php?rest_route=%2Fwp%2Fv2%2Fcomments&post=1824"}],"version-history":[{"count":1,"href":"https:\/\/bursa3radom.pl\/index.php?rest_route=\/wp\/v2\/pages\/1824\/revisions"}],"predecessor-version":[{"id":1829,"href":"https:\/\/bursa3radom.pl\/index.php?rest_route=\/wp\/v2\/pages\/1824\/revisions\/1829"}],"up":[{"embeddable":true,"href":"https:\/\/bursa3radom.pl\/index.php?rest_route=\/wp\/v2\/pages\/1630"}],"wp:attachment":[{"href":"https:\/\/bursa3radom.pl\/index.php?rest_route=%2Fwp%2Fv2%2Fmedia&parent=1824"}],"curies":[{"name":"wp","href":"https:\/\/api.w.org\/{rel}","templated":true}]}}