{"id":1630,"date":"2016-11-20T21:45:42","date_gmt":"2016-11-20T21:45:42","guid":{"rendered":"http:\/\/bursa3radom.pl\/?page_id=1630"},"modified":"2017-06-24T19:45:39","modified_gmt":"2017-06-24T19:45:39","slug":"rok-szkolny-20162017","status":"publish","type":"page","link":"https:\/\/bursa3radom.pl\/?page_id=1630","title":{"rendered":"Rok Szkolny 2016\/2017"},"content":{"rendered":"<div id=\"attachment_1636\" style=\"width: 160px\" class=\"wp-caption alignleft\"><a href=\"http:\/\/bursa3radom.pl\/?page_id=1634\"><img loading=\"lazy\" decoding=\"async\" aria-describedby=\"caption-attachment-1636\" class=\"wp-image-1636 size-thumbnail\" src=\"http:\/\/bursa3radom.pl\/wp-content\/uploads\/2016\/11\/1617_1_2-150x150.jpg\" alt=\"Festyn\" width=\"150\" height=\"150\" \/><\/a><p id=\"caption-attachment-1636\" class=\"wp-caption-text\">Festyn<\/p><\/div>\n<div id=\"attachment_1643\" style=\"width: 160px\" class=\"wp-caption alignleft\"><a href=\"http:\/\/bursa3radom.pl\/?page_id=1642\"><img loading=\"lazy\" decoding=\"async\" aria-describedby=\"caption-attachment-1643\" class=\"wp-image-1643 size-thumbnail\" src=\"http:\/\/bursa3radom.pl\/wp-content\/uploads\/2016\/11\/1617_2_Grupa_I-150x150.jpg\" alt=\"1617_2_Grupa_I\" width=\"150\" height=\"150\" \/><\/a><p id=\"caption-attachment-1643\" class=\"wp-caption-text\">Gabloty grup<\/p><\/div>\n<div id=\"attachment_1659\" style=\"width: 160px\" class=\"wp-caption alignleft\"><a href=\"http:\/\/bursa3radom.pl\/?page_id=1651\"><img loading=\"lazy\" decoding=\"async\" aria-describedby=\"caption-attachment-1659\" class=\"wp-image-1659 size-thumbnail\" src=\"http:\/\/bursa3radom.pl\/wp-content\/uploads\/2016\/11\/1617_3_08-150x150.jpg\" alt=\"Otrz\u0119siny\" width=\"150\" height=\"150\" \/><\/a><p id=\"caption-attachment-1659\" class=\"wp-caption-text\">Otrz\u0119siny<\/p><\/div>\n<p>&nbsp;<\/p>\n<p>&nbsp;<\/p>\n<p>&nbsp;<\/p>\n<p>&nbsp;<\/p>\n<p>&nbsp;<\/p>\n<p>&nbsp;<\/p>\n<p>&nbsp;<\/p>\n<div id=\"attachment_1669\" style=\"width: 160px\" class=\"wp-caption alignleft\"><a href=\"http:\/\/bursa3radom.pl\/?page_id=1666\"><img loading=\"lazy\" decoding=\"async\" aria-describedby=\"caption-attachment-1669\" class=\"wp-image-1669 size-thumbnail\" src=\"http:\/\/bursa3radom.pl\/wp-content\/uploads\/2016\/11\/1617_4_3-150x150.jpg\" alt=\"Wybory MRB\" width=\"150\" height=\"150\" \/><\/a><p id=\"caption-attachment-1669\" class=\"wp-caption-text\">Wybory MRB<\/p><\/div>\n<div id=\"attachment_1684\" style=\"width: 160px\" class=\"wp-caption alignleft\"><a href=\"http:\/\/bursa3radom.pl\/?page_id=1679\"><img loading=\"lazy\" decoding=\"async\" aria-describedby=\"caption-attachment-1684\" class=\"wp-image-1684 size-thumbnail\" src=\"http:\/\/bursa3radom.pl\/wp-content\/uploads\/2016\/11\/1617_5_5-150x150.jpg\" alt=\"Opieka na pomnikiem przy ul.Warszawskiej\" width=\"150\" height=\"150\" \/><\/a><p id=\"caption-attachment-1684\" class=\"wp-caption-text\">Opieka na pomnikiem przy ul.Warszawskiej<\/p><\/div>\n<div id=\"attachment_1688\" style=\"width: 160px\" class=\"wp-caption alignleft\"><a href=\"http:\/\/bursa3radom.pl\/?page_id=1687\"><img loading=\"lazy\" decoding=\"async\" aria-describedby=\"caption-attachment-1688\" class=\"wp-image-1688 size-thumbnail\" src=\"http:\/\/bursa3radom.pl\/wp-content\/uploads\/2016\/11\/1617_6_1-150x150.jpg\" alt=\"\u015awi\u0119to Odzyskania Niepodleg\u0142o\u015bci\" width=\"150\" height=\"150\" \/><\/a><p id=\"caption-attachment-1688\" class=\"wp-caption-text\">\u015awi\u0119to Odzyskania Niepodleg\u0142o\u015bci<\/p><\/div>\n<p>&nbsp;<\/p>\n<p>&nbsp;<\/p>\n<p>&nbsp;<\/p>\n<p>&nbsp;<\/p>\n<p>&nbsp;<\/p>\n<p>&nbsp;<\/p>\n<p>&nbsp;<\/p>\n<div id=\"attachment_1734\" style=\"width: 160px\" class=\"wp-caption alignleft\"><a href=\"http:\/\/bursa3radom.pl\/?page_id=1731\"><img loading=\"lazy\" decoding=\"async\" aria-describedby=\"caption-attachment-1734\" class=\"wp-image-1734 size-thumbnail\" src=\"http:\/\/bursa3radom.pl\/wp-content\/uploads\/2017\/03\/1617_07_3-150x150.jpg\" alt=\"1617_07_3\" width=\"150\" height=\"150\" \/><\/a><p id=\"caption-attachment-1734\" class=\"wp-caption-text\">Konkurs wiedzy &#8222;\u017bycie i tw\u00f3rczo\u015b\u0107 Henryka Sienkiewicza&#8221;<\/p><\/div>\n<div id=\"attachment_1744\" style=\"width: 160px\" class=\"wp-caption alignleft\"><a href=\"http:\/\/bursa3radom.pl\/?page_id=1741\"><img loading=\"lazy\" decoding=\"async\" aria-describedby=\"caption-attachment-1744\" class=\"wp-image-1744 size-thumbnail\" src=\"http:\/\/bursa3radom.pl\/wp-content\/uploads\/2017\/03\/1617_08_3-150x150.jpg\" alt=\"1617_08_3\" width=\"150\" height=\"150\" \/><\/a><p id=\"caption-attachment-1744\" class=\"wp-caption-text\">Warsztaty tworzenia dekoracji bo\u017conarodzeniowych<\/p><\/div>\n<div id=\"attachment_1749\" style=\"width: 160px\" class=\"wp-caption alignleft\"><a href=\"http:\/\/bursa3radom.pl\/?page_id=1748\"><img loading=\"lazy\" decoding=\"async\" aria-describedby=\"caption-attachment-1749\" class=\"wp-image-1749 size-thumbnail\" src=\"http:\/\/bursa3radom.pl\/wp-content\/uploads\/2017\/03\/1617_09_1-150x150.jpg\" alt=\"1617_09_1\" width=\"150\" height=\"150\" \/><\/a><p id=\"caption-attachment-1749\" class=\"wp-caption-text\">Miko\u0142ajki w Bursie<\/p><\/div>\n<p>&nbsp;<\/p>\n<p>&nbsp;<\/p>\n<p>&nbsp;<\/p>\n<p>&nbsp;<\/p>\n<p>&nbsp;<\/p>\n<p>&nbsp;<\/p>\n<p>&nbsp;<\/p>\n<p>&nbsp;<\/p>\n<div id=\"attachment_1763\" style=\"width: 160px\" class=\"wp-caption alignleft\"><a href=\"http:\/\/bursa3radom.pl\/?page_id=1757\"><img loading=\"lazy\" decoding=\"async\" aria-describedby=\"caption-attachment-1763\" class=\"wp-image-1763 size-thumbnail\" src=\"http:\/\/bursa3radom.pl\/wp-content\/uploads\/2017\/03\/1617_10_6-150x150.jpg\" alt=\"1617_10_6\" width=\"150\" height=\"150\" \/><\/a><p id=\"caption-attachment-1763\" class=\"wp-caption-text\">Wieczerza Wigilijna<\/p><\/div>\n<div id=\"attachment_1776\" style=\"width: 160px\" class=\"wp-caption alignleft\"><a href=\"http:\/\/bursa3radom.pl\/?page_id=1774\"><img loading=\"lazy\" decoding=\"async\" aria-describedby=\"caption-attachment-1776\" class=\"wp-image-1776 size-thumbnail\" src=\"http:\/\/bursa3radom.pl\/wp-content\/uploads\/2017\/03\/1617_13_02-150x150.jpg\" alt=\"Bal karnawa\u0142owy\" width=\"150\" height=\"150\" \/><\/a><p id=\"caption-attachment-1776\" class=\"wp-caption-text\">Bal karnawa\u0142owy<\/p><\/div>\n<div id=\"attachment_1814\" style=\"width: 160px\" class=\"wp-caption alignleft\"><a href=\"http:\/\/bursa3radom.pl\/?page_id=1812\"><img loading=\"lazy\" decoding=\"async\" aria-describedby=\"caption-attachment-1814\" class=\"size-thumbnail wp-image-1814\" src=\"http:\/\/bursa3radom.pl\/wp-content\/uploads\/2017\/06\/1617_14_2-150x150.jpg\" alt=\"8 Marca\" width=\"150\" height=\"150\" \/><\/a><p id=\"caption-attachment-1814\" class=\"wp-caption-text\">8 Marca<\/p><\/div>\n<p>&nbsp;<\/p>\n<p>&nbsp;<\/p>\n<p>&nbsp;<\/p>\n<p>&nbsp;<\/p>\n<p>&nbsp;<\/p>\n<p>&nbsp;<\/p>\n<p>&nbsp;<\/p>\n<div id=\"attachment_1825\" style=\"width: 160px\" class=\"wp-caption alignleft\"><a href=\"http:\/\/bursa3radom.pl\/?page_id=1824\"><img loading=\"lazy\" decoding=\"async\" aria-describedby=\"caption-attachment-1825\" class=\"wp-image-1825 size-thumbnail\" src=\"http:\/\/bursa3radom.pl\/wp-content\/uploads\/2017\/06\/1617_15_1-150x150.jpg\" alt=\"Konkurs wiedzy o Polsce i Ukrainie\" width=\"150\" height=\"150\" \/><\/a><p id=\"caption-attachment-1825\" class=\"wp-caption-text\">Konkurs wiedzy o Polsce i Ukrainie<\/p><\/div>\n<div id=\"attachment_1833\" style=\"width: 160px\" class=\"wp-caption alignleft\"><a href=\"http:\/\/bursa3radom.pl\/?page_id=1832\"><img loading=\"lazy\" decoding=\"async\" aria-describedby=\"caption-attachment-1833\" class=\"size-thumbnail wp-image-1833\" src=\"http:\/\/bursa3radom.pl\/wp-content\/uploads\/2017\/06\/1617_16_1-150x150.jpg\" alt=\"Biesiada wielkanocna\" width=\"150\" height=\"150\" \/><\/a><p id=\"caption-attachment-1833\" class=\"wp-caption-text\">Biesiada wielkanocna<\/p><\/div>\n<div id=\"attachment_1844\" style=\"width: 160px\" class=\"wp-caption alignleft\"><a href=\"http:\/\/bursa3radom.pl\/?page_id=1842\"><img loading=\"lazy\" decoding=\"async\" aria-describedby=\"caption-attachment-1844\" class=\"size-thumbnail wp-image-1844\" src=\"http:\/\/bursa3radom.pl\/wp-content\/uploads\/2017\/06\/1617_17_2-150x150.jpg\" alt=\"Po\u017cegnanie absolwent\u00f3w\" width=\"150\" height=\"150\" \/><\/a><p id=\"caption-attachment-1844\" class=\"wp-caption-text\">Po\u017cegnanie absolwent\u00f3w<\/p><\/div>\n<p>&nbsp;<\/p>\n<p>&nbsp;<\/p>\n<p>&nbsp;<\/p>\n<p>&nbsp;<\/p>\n<p>&nbsp;<\/p>\n<p>&nbsp;<\/p>\n<p>&nbsp;<\/p>\n<div id=\"attachment_1852\" style=\"width: 160px\" class=\"wp-caption alignleft\"><a href=\"http:\/\/bursa3radom.pl\/?page_id=1851\"><img loading=\"lazy\" decoding=\"async\" aria-describedby=\"caption-attachment-1852\" class=\"size-thumbnail wp-image-1852\" src=\"http:\/\/bursa3radom.pl\/wp-content\/uploads\/2017\/06\/1617_18_1-150x150.jpg\" alt=\"Wieczornica z okazji uchwalenia Konstytucji 3 Maja\" width=\"150\" height=\"150\" \/><\/a><p id=\"caption-attachment-1852\" class=\"wp-caption-text\">Wieczornica z okazji uchwalenia Konstytucji 3 Maja<\/p><\/div>\n<div id=\"attachment_1860\" style=\"width: 160px\" class=\"wp-caption alignleft\"><a href=\"http:\/\/bursa3radom.pl\/?page_id=1859http:\/\/\"><img loading=\"lazy\" decoding=\"async\" aria-describedby=\"caption-attachment-1860\" class=\"size-thumbnail wp-image-1860\" src=\"http:\/\/bursa3radom.pl\/wp-content\/uploads\/2017\/06\/1617_19_1-150x150.jpg\" alt=\"Quiz savoir \u2013 vivre\" width=\"150\" height=\"150\" \/><\/a><p id=\"caption-attachment-1860\" class=\"wp-caption-text\">Quiz savoir \u2013 vivre<\/p><\/div>\n<div id=\"attachment_1869\" style=\"width: 160px\" class=\"wp-caption alignleft\"><a href=\" http:\/\/bursa3radom.pl\/?page_id=1868\"><img loading=\"lazy\" decoding=\"async\" aria-describedby=\"caption-attachment-1869\" class=\"size-thumbnail wp-image-1869\" src=\"http:\/\/bursa3radom.pl\/wp-content\/uploads\/2017\/06\/1617_20_01-150x150.jpg\" alt=\"Dzie\u0144 Dziecka \u2013 Dzie\u0144 Sportu\" width=\"150\" height=\"150\" \/><\/a><p id=\"caption-attachment-1869\" class=\"wp-caption-text\">Dzie\u0144 Dziecka \u2013 Dzie\u0144 Sportu<\/p><\/div>\n<p>&nbsp;<\/p>\n<p>&nbsp;<\/p>\n<p>&nbsp;<\/p>\n<p>&nbsp;<\/p>\n<p>&nbsp;<\/p>\n<p>&nbsp;<\/p>\n<p>&nbsp;<\/p>\n<div id=\"attachment_1885\" style=\"width: 160px\" class=\"wp-caption alignleft\"><a href=\"http:\/\/bursa3radom.pl\/?page_id=1884\"><img loading=\"lazy\" decoding=\"async\" aria-describedby=\"caption-attachment-1885\" class=\"size-thumbnail wp-image-1885\" src=\"http:\/\/bursa3radom.pl\/wp-content\/uploads\/2017\/06\/1617_21_1-150x150.jpg\" alt=\"Rajd rowerowy\" width=\"150\" height=\"150\" \/><\/a><p id=\"caption-attachment-1885\" class=\"wp-caption-text\">Rajd rowerowy<\/p><\/div>\n","protected":false},"excerpt":{"rendered":"<p>&nbsp; &nbsp; &nbsp; &nbsp; &nbsp; &nbsp; &nbsp; &nbsp; &nbsp; &nbsp; &nbsp; &nbsp; &nbsp; &nbsp; &nbsp; &nbsp; &nbsp; &nbsp; &nbsp; &nbsp; &nbsp; &nbsp; &nbsp; &nbsp; &nbsp; &nbsp; &nbsp; &nbsp; &nbsp; &nbsp; &nbsp; &nbsp; &nbsp; &nbsp; &nbsp; &nbsp; &nbsp; &nbsp; &nbsp; &nbsp; &nbsp; &nbsp; &nbsp;<\/p>\n","protected":false},"author":1,"featured_media":0,"parent":0,"menu_order":0,"comment_status":"closed","ping_status":"open","template":"","meta":{"footnotes":""},"class_list":["post-1630","page","type-page","status-publish","hentry"],"_links":{"self":[{"href":"https:\/\/bursa3radom.pl\/index.php?rest_route=\/wp\/v2\/pages\/1630","targetHints":{"allow":["GET"]}}],"collection":[{"href":"https:\/\/bursa3radom.pl\/index.php?rest_route=\/wp\/v2\/pages"}],"about":[{"href":"https:\/\/bursa3radom.pl\/index.php?rest_route=\/wp\/v2\/types\/page"}],"author":[{"embeddable":true,"href":"https:\/\/bursa3radom.pl\/index.php?rest_route=\/wp\/v2\/users\/1"}],"replies":[{"embeddable":true,"href":"https:\/\/bursa3radom.pl\/index.php?rest_route=%2Fwp%2Fv2%2Fcomments&post=1630"}],"version-history":[{"count":29,"href":"https:\/\/bursa3radom.pl\/index.php?rest_route=\/wp\/v2\/pages\/1630\/revisions"}],"predecessor-version":[{"id":1892,"href":"https:\/\/bursa3radom.pl\/index.php?rest_route=\/wp\/v2\/pages\/1630\/revisions\/1892"}],"wp:attachment":[{"href":"https:\/\/bursa3radom.pl\/index.php?rest_route=%2Fwp%2Fv2%2Fmedia&parent=1630"}],"curies":[{"name":"wp","href":"https:\/\/api.w.org\/{rel}","templated":true}]}}