{"id":1562,"date":"2016-07-03T10:40:28","date_gmt":"2016-07-03T10:40:28","guid":{"rendered":"http:\/\/bursa3radom.pl\/?page_id=1562"},"modified":"2016-07-03T11:02:54","modified_gmt":"2016-07-03T11:02:54","slug":"wieczor-milosnikow-ksiazek","status":"publish","type":"page","link":"https:\/\/bursa3radom.pl\/?page_id=1562","title":{"rendered":"Wiecz\u00f3r Mi\u0142o\u015bnik\u00f3w Ksi\u0105\u017cek"},"content":{"rendered":"<p><a title=\"rok szkolny 2015\/2016\" href=\"http:\/\/bursa3radom.pl\/?page_id=1149\">Powr\u00f3t<\/a><\/p>\n<p>Z okazji obchodzonego 24 kwietnia \u015awiatowego Dnia Ksi\u0105\u017cki i praw Autorskich oby\u0142o si\u0119 spotkanie zorganizowane przez p. Paulin\u0119 Gumowsk\u0105 i Edyt\u0119 Sieradz-Gnatowsk\u0105 zatytu\u0142owane <em>Wiecz\u00f3r Mi\u0142o\u015bnik\u00f3w Ksi\u0105\u017cek. <\/em>Uczestnicy zgromadzili si\u0119 w pracowni pomocy w nauce, by w\u015br\u00f3d ksi\u0119gozbioru bursy opowiedzie\u0107 sobie o swoich ulubionych ksi\u0105\u017ckach. Cz\u0119\u015bci\u0105 spotkania by\u0142 Konkurs Czytelniczo-Filmoznawczy, w kt\u00f3rym swoj\u0105 wiedze o ksi\u0105\u017ckach, filmach i serialach sprawdzi\u0142o jedenastu \u015bmia\u0142k\u00f3w. Zawodnicy odpowiadali na pytania z dziesi\u0119ciu r\u00f3\u017cnych kategorii. W trudnych potyczkach mogli liczy\u0107 na wsparcie niezawodnej publiczno\u015bci. Zaci\u0119t\u0105 i emocjonuj\u0105c\u0105 rywalizacj\u0119 zwyci\u0119\u017cy\u0142a Hania Wi\u015bniewska, do fina\u0142u dotarli tak\u017ce Norbert G\u00f3rzy\u0144ski i Bartosz Kiljanek. Laureaci nagrodzeni zostali biletami do kina, by dalej rozwijali swoje pasje.<\/p>\n\n\t\t<style type=\"text\/css\">\n\t\t\t#gallery-1 {\n\t\t\t\tmargin: auto;\n\t\t\t}\n\t\t\t#gallery-1 .gallery-item {\n\t\t\t\tfloat: left;\n\t\t\t\tmargin-top: 10px;\n\t\t\t\ttext-align: center;\n\t\t\t\twidth: 33%;\n\t\t\t}\n\t\t\t#gallery-1 img {\n\t\t\t\tborder: 2px solid #cfcfcf;\n\t\t\t}\n\t\t\t#gallery-1 .gallery-caption {\n\t\t\t\tmargin-left: 0;\n\t\t\t}\n\t\t\t\/* see gallery_shortcode() in wp-includes\/media.php *\/\n\t\t<\/style>\n\t\t<div id='gallery-1' class='gallery galleryid-1562 gallery-columns-3 gallery-size-thumbnail'><dl class='gallery-item'>\n\t\t\t<dt class='gallery-icon landscape'>\n\t\t\t\t<a href='https:\/\/bursa3radom.pl\/wp-content\/uploads\/2016\/07\/1516_21_1.jpg'><img loading=\"lazy\" decoding=\"async\" width=\"150\" height=\"150\" src=\"https:\/\/bursa3radom.pl\/wp-content\/uploads\/2016\/07\/1516_21_1-150x150.jpg\" class=\"attachment-thumbnail size-thumbnail\" alt=\"\" aria-describedby=\"gallery-1-1563\" \/><\/a>\n\t\t\t<\/dt>\n\t\t\t\t<dd class='wp-caption-text gallery-caption' id='gallery-1-1563'>\n\t\t\t\tWiecz\u00f3r Mi\u0142o\u015bnik\u00f3w Ksi\u0105\u017cek\n\t\t\t\t<\/dd><\/dl><dl class='gallery-item'>\n\t\t\t<dt class='gallery-icon portrait'>\n\t\t\t\t<a href='https:\/\/bursa3radom.pl\/wp-content\/uploads\/2016\/07\/1516_21_2.jpg'><img loading=\"lazy\" decoding=\"async\" width=\"150\" height=\"150\" src=\"https:\/\/bursa3radom.pl\/wp-content\/uploads\/2016\/07\/1516_21_2-150x150.jpg\" class=\"attachment-thumbnail size-thumbnail\" alt=\"\" \/><\/a>\n\t\t\t<\/dt><\/dl><dl class='gallery-item'>\n\t\t\t<dt class='gallery-icon landscape'>\n\t\t\t\t<a href='https:\/\/bursa3radom.pl\/wp-content\/uploads\/2016\/07\/1516_21_3.jpg'><img loading=\"lazy\" decoding=\"async\" width=\"150\" height=\"150\" src=\"https:\/\/bursa3radom.pl\/wp-content\/uploads\/2016\/07\/1516_21_3-150x150.jpg\" class=\"attachment-thumbnail size-thumbnail\" alt=\"\" \/><\/a>\n\t\t\t<\/dt><\/dl><br style=\"clear: both\" \/><dl class='gallery-item'>\n\t\t\t<dt class='gallery-icon landscape'>\n\t\t\t\t<a href='https:\/\/bursa3radom.pl\/wp-content\/uploads\/2016\/07\/1516_21_4.jpg'><img loading=\"lazy\" decoding=\"async\" width=\"150\" height=\"150\" src=\"https:\/\/bursa3radom.pl\/wp-content\/uploads\/2016\/07\/1516_21_4-150x150.jpg\" class=\"attachment-thumbnail size-thumbnail\" alt=\"\" \/><\/a>\n\t\t\t<\/dt><\/dl><dl class='gallery-item'>\n\t\t\t<dt class='gallery-icon landscape'>\n\t\t\t\t<a href='https:\/\/bursa3radom.pl\/wp-content\/uploads\/2016\/07\/1516_21_5.jpg'><img loading=\"lazy\" decoding=\"async\" width=\"150\" height=\"150\" src=\"https:\/\/bursa3radom.pl\/wp-content\/uploads\/2016\/07\/1516_21_5-150x150.jpg\" class=\"attachment-thumbnail size-thumbnail\" alt=\"\" \/><\/a>\n\t\t\t<\/dt><\/dl><dl class='gallery-item'>\n\t\t\t<dt class='gallery-icon landscape'>\n\t\t\t\t<a href='https:\/\/bursa3radom.pl\/wp-content\/uploads\/2016\/07\/1516_21_6.jpg'><img loading=\"lazy\" decoding=\"async\" width=\"150\" height=\"150\" src=\"https:\/\/bursa3radom.pl\/wp-content\/uploads\/2016\/07\/1516_21_6-150x150.jpg\" class=\"attachment-thumbnail size-thumbnail\" alt=\"\" \/><\/a>\n\t\t\t<\/dt><\/dl><br style=\"clear: both\" \/>\n\t\t<\/div>\n\n<p><a title=\"rok szkolny 2015\/2016\" href=\"http:\/\/bursa3radom.pl\/?page_id=1149\">Powr\u00f3t<\/a><\/p>\n","protected":false},"excerpt":{"rendered":"<p>Powr\u00f3t Z okazji obchodzonego 24 kwietnia \u015awiatowego Dnia Ksi\u0105\u017cki i praw Autorskich oby\u0142o si\u0119 spotkanie zorganizowane przez p. Paulin\u0119 Gumowsk\u0105 i Edyt\u0119 Sieradz-Gnatowsk\u0105 zatytu\u0142owane Wiecz\u00f3r Mi\u0142o\u015bnik\u00f3w Ksi\u0105\u017cek. Uczestnicy zgromadzili si\u0119 w pracowni pomocy w nauce, by w\u015br\u00f3d ksi\u0119gozbioru bursy opowiedzie\u0107 sobie o swoich ulubionych ksi\u0105\u017ckach. Cz\u0119\u015bci\u0105 spotkania by\u0142 Konkurs Czytelniczo-Filmoznawczy, w kt\u00f3rym swoj\u0105 wiedze o ksi\u0105\u017ckach, filmach i serialach sprawdzi\u0142o jedenastu \u015bmia\u0142k\u00f3w. Zawodnicy odpowiadali na pytania z dziesi\u0119ciu r\u00f3\u017cnych kategorii&#8230;.<\/p>\n","protected":false},"author":1,"featured_media":0,"parent":1149,"menu_order":0,"comment_status":"closed","ping_status":"open","template":"","meta":{"footnotes":""},"class_list":["post-1562","page","type-page","status-publish","hentry"],"_links":{"self":[{"href":"https:\/\/bursa3radom.pl\/index.php?rest_route=\/wp\/v2\/pages\/1562","targetHints":{"allow":["GET"]}}],"collection":[{"href":"https:\/\/bursa3radom.pl\/index.php?rest_route=\/wp\/v2\/pages"}],"about":[{"href":"https:\/\/bursa3radom.pl\/index.php?rest_route=\/wp\/v2\/types\/page"}],"author":[{"embeddable":true,"href":"https:\/\/bursa3radom.pl\/index.php?rest_route=\/wp\/v2\/users\/1"}],"replies":[{"embeddable":true,"href":"https:\/\/bursa3radom.pl\/index.php?rest_route=%2Fwp%2Fv2%2Fcomments&post=1562"}],"version-history":[{"count":2,"href":"https:\/\/bursa3radom.pl\/index.php?rest_route=\/wp\/v2\/pages\/1562\/revisions"}],"predecessor-version":[{"id":1625,"href":"https:\/\/bursa3radom.pl\/index.php?rest_route=\/wp\/v2\/pages\/1562\/revisions\/1625"}],"up":[{"embeddable":true,"href":"https:\/\/bursa3radom.pl\/index.php?rest_route=\/wp\/v2\/pages\/1149"}],"wp:attachment":[{"href":"https:\/\/bursa3radom.pl\/index.php?rest_route=%2Fwp%2Fv2%2Fmedia&parent=1562"}],"curies":[{"name":"wp","href":"https:\/\/api.w.org\/{rel}","templated":true}]}}