{"id":1508,"date":"2016-07-03T10:10:39","date_gmt":"2016-07-03T10:10:39","guid":{"rendered":"http:\/\/bursa3radom.pl\/?page_id=1508"},"modified":"2016-07-03T10:14:46","modified_gmt":"2016-07-03T10:14:46","slug":"chiny-od-podszewki","status":"publish","type":"page","link":"https:\/\/bursa3radom.pl\/?page_id=1508","title":{"rendered":"Chiny od podszewki"},"content":{"rendered":"<p><a title=\"rok szkolny 2015\/2016\" href=\"http:\/\/bursa3radom.pl\/?page_id=1149\">Powr\u00f3t<\/a><\/p>\n<p>Go\u015bciem spotkania by\u0142a pani \u017baneta G\u0142owacka, kt\u00f3ra przybli\u017cy\u0142a nam kultur\u0119 Chin i wsp\u00f3\u0142czesne realia \u017cycia w tym kraju. Podzieli\u0142a si\u0119 swoja wiedz\u0105 i wspomnieniami z kilkumiesi\u0119cznego pobytu w Chinach. Pokaza\u0142a dziesi\u0105tki wykonanych przez siebie zdj\u0119\u0107 obrazuj\u0105cych architektur\u0119, sztuk\u0119, krajobrazy Chin oraz zwyczaje, tradycje i codzienne \u017cycie Chi\u0144czyk\u00f3w. Wspania\u0142\u0105 opowie\u015bci\u0105 zach\u0119ci\u0142a wszystkich do podr\u00f3\u017cy i spe\u0142niania swoich marze\u0144!<\/p>\n\n\t\t<style type=\"text\/css\">\n\t\t\t#gallery-1 {\n\t\t\t\tmargin: auto;\n\t\t\t}\n\t\t\t#gallery-1 .gallery-item {\n\t\t\t\tfloat: left;\n\t\t\t\tmargin-top: 10px;\n\t\t\t\ttext-align: center;\n\t\t\t\twidth: 33%;\n\t\t\t}\n\t\t\t#gallery-1 img {\n\t\t\t\tborder: 2px solid #cfcfcf;\n\t\t\t}\n\t\t\t#gallery-1 .gallery-caption {\n\t\t\t\tmargin-left: 0;\n\t\t\t}\n\t\t\t\/* see gallery_shortcode() in wp-includes\/media.php *\/\n\t\t<\/style>\n\t\t<div id='gallery-1' class='gallery galleryid-1508 gallery-columns-3 gallery-size-thumbnail'><dl class='gallery-item'>\n\t\t\t<dt class='gallery-icon landscape'>\n\t\t\t\t<a href='https:\/\/bursa3radom.pl\/wp-content\/uploads\/2016\/07\/1516_17_1.jpg'><img loading=\"lazy\" decoding=\"async\" width=\"150\" height=\"150\" src=\"https:\/\/bursa3radom.pl\/wp-content\/uploads\/2016\/07\/1516_17_1-150x150.jpg\" class=\"attachment-thumbnail size-thumbnail\" alt=\"\" aria-describedby=\"gallery-1-1509\" \/><\/a>\n\t\t\t<\/dt>\n\t\t\t\t<dd class='wp-caption-text gallery-caption' id='gallery-1-1509'>\n\t\t\t\tChiny od podszewki\n\t\t\t\t<\/dd><\/dl><dl class='gallery-item'>\n\t\t\t<dt class='gallery-icon landscape'>\n\t\t\t\t<a href='https:\/\/bursa3radom.pl\/wp-content\/uploads\/2016\/07\/1516_17_2.jpg'><img loading=\"lazy\" decoding=\"async\" width=\"150\" height=\"150\" src=\"https:\/\/bursa3radom.pl\/wp-content\/uploads\/2016\/07\/1516_17_2-150x150.jpg\" class=\"attachment-thumbnail size-thumbnail\" alt=\"\" \/><\/a>\n\t\t\t<\/dt><\/dl><dl class='gallery-item'>\n\t\t\t<dt class='gallery-icon landscape'>\n\t\t\t\t<a href='https:\/\/bursa3radom.pl\/wp-content\/uploads\/2016\/07\/1516_17_3.jpg'><img loading=\"lazy\" decoding=\"async\" width=\"150\" height=\"150\" src=\"https:\/\/bursa3radom.pl\/wp-content\/uploads\/2016\/07\/1516_17_3-150x150.jpg\" class=\"attachment-thumbnail size-thumbnail\" alt=\"\" \/><\/a>\n\t\t\t<\/dt><\/dl><br style=\"clear: both\" \/><dl class='gallery-item'>\n\t\t\t<dt class='gallery-icon landscape'>\n\t\t\t\t<a href='https:\/\/bursa3radom.pl\/wp-content\/uploads\/2016\/07\/1516_17_4.jpg'><img loading=\"lazy\" decoding=\"async\" width=\"150\" height=\"150\" src=\"https:\/\/bursa3radom.pl\/wp-content\/uploads\/2016\/07\/1516_17_4-150x150.jpg\" class=\"attachment-thumbnail size-thumbnail\" alt=\"\" \/><\/a>\n\t\t\t<\/dt><\/dl><dl class='gallery-item'>\n\t\t\t<dt class='gallery-icon landscape'>\n\t\t\t\t<a href='https:\/\/bursa3radom.pl\/wp-content\/uploads\/2016\/07\/1516_17_5.jpg'><img loading=\"lazy\" decoding=\"async\" width=\"150\" height=\"150\" src=\"https:\/\/bursa3radom.pl\/wp-content\/uploads\/2016\/07\/1516_17_5-150x150.jpg\" class=\"attachment-thumbnail size-thumbnail\" alt=\"\" \/><\/a>\n\t\t\t<\/dt><\/dl>\n\t\t\t<br style='clear: both' \/>\n\t\t<\/div>\n\n<p><a title=\"rok szkolny 2015\/2016\" href=\"http:\/\/bursa3radom.pl\/?page_id=1149\">Powr\u00f3t<\/a><\/p>\n","protected":false},"excerpt":{"rendered":"<p>Powr\u00f3t Go\u015bciem spotkania by\u0142a pani \u017baneta G\u0142owacka, kt\u00f3ra przybli\u017cy\u0142a nam kultur\u0119 Chin i wsp\u00f3\u0142czesne realia \u017cycia w tym kraju. Podzieli\u0142a si\u0119 swoja wiedz\u0105 i wspomnieniami z kilkumiesi\u0119cznego pobytu w Chinach. Pokaza\u0142a dziesi\u0105tki wykonanych przez siebie zdj\u0119\u0107 obrazuj\u0105cych architektur\u0119, sztuk\u0119, krajobrazy Chin oraz zwyczaje, tradycje i codzienne \u017cycie Chi\u0144czyk\u00f3w. Wspania\u0142\u0105 opowie\u015bci\u0105 zach\u0119ci\u0142a wszystkich do podr\u00f3\u017cy i spe\u0142niania swoich marze\u0144! Powr\u00f3t<\/p>\n","protected":false},"author":1,"featured_media":0,"parent":1149,"menu_order":0,"comment_status":"closed","ping_status":"open","template":"","meta":{"footnotes":""},"class_list":["post-1508","page","type-page","status-publish","hentry"],"_links":{"self":[{"href":"https:\/\/bursa3radom.pl\/index.php?rest_route=\/wp\/v2\/pages\/1508","targetHints":{"allow":["GET"]}}],"collection":[{"href":"https:\/\/bursa3radom.pl\/index.php?rest_route=\/wp\/v2\/pages"}],"about":[{"href":"https:\/\/bursa3radom.pl\/index.php?rest_route=\/wp\/v2\/types\/page"}],"author":[{"embeddable":true,"href":"https:\/\/bursa3radom.pl\/index.php?rest_route=\/wp\/v2\/users\/1"}],"replies":[{"embeddable":true,"href":"https:\/\/bursa3radom.pl\/index.php?rest_route=%2Fwp%2Fv2%2Fcomments&post=1508"}],"version-history":[{"count":2,"href":"https:\/\/bursa3radom.pl\/index.php?rest_route=\/wp\/v2\/pages\/1508\/revisions"}],"predecessor-version":[{"id":1516,"href":"https:\/\/bursa3radom.pl\/index.php?rest_route=\/wp\/v2\/pages\/1508\/revisions\/1516"}],"up":[{"embeddable":true,"href":"https:\/\/bursa3radom.pl\/index.php?rest_route=\/wp\/v2\/pages\/1149"}],"wp:attachment":[{"href":"https:\/\/bursa3radom.pl\/index.php?rest_route=%2Fwp%2Fv2%2Fmedia&parent=1508"}],"curies":[{"name":"wp","href":"https:\/\/api.w.org\/{rel}","templated":true}]}}