{"id":1437,"date":"2016-04-29T20:54:33","date_gmt":"2016-04-29T20:54:33","guid":{"rendered":"http:\/\/bursa3radom.pl\/?page_id=1437"},"modified":"2016-04-29T20:54:33","modified_gmt":"2016-04-29T20:54:33","slug":"zumba","status":"publish","type":"page","link":"https:\/\/bursa3radom.pl\/?page_id=1437","title":{"rendered":"Zumba"},"content":{"rendered":"<p><a title=\"rok szkolny 2015\/2016\" href=\"http:\/\/bursa3radom.pl\/?page_id=1149\">Powr\u00f3t<\/a><\/p>\n<p>W ramach prowadzonego w Bursie programu Kwadrans dla Zdrowia odby\u0142y si\u0119 zaj\u0119cia energetycznej zumby. Poprowadzi\u0142y je bardzo sympatyczne instruktorki ze szko\u0142y ta\u0144ca i fitnessu Salsa Fit. Przy dynamicznej muzyce i profesjonalnym instrukta\u017cu wszyscy \u0107wiczyli z u\u015bmiechami na twarzy!<\/p>\n\n\t\t<style type=\"text\/css\">\n\t\t\t#gallery-1 {\n\t\t\t\tmargin: auto;\n\t\t\t}\n\t\t\t#gallery-1 .gallery-item {\n\t\t\t\tfloat: left;\n\t\t\t\tmargin-top: 10px;\n\t\t\t\ttext-align: center;\n\t\t\t\twidth: 33%;\n\t\t\t}\n\t\t\t#gallery-1 img {\n\t\t\t\tborder: 2px solid #cfcfcf;\n\t\t\t}\n\t\t\t#gallery-1 .gallery-caption {\n\t\t\t\tmargin-left: 0;\n\t\t\t}\n\t\t\t\/* see gallery_shortcode() in wp-includes\/media.php *\/\n\t\t<\/style>\n\t\t<div id='gallery-1' class='gallery galleryid-1437 gallery-columns-3 gallery-size-thumbnail'><dl class='gallery-item'>\n\t\t\t<dt class='gallery-icon landscape'>\n\t\t\t\t<a href='https:\/\/bursa3radom.pl\/wp-content\/uploads\/2016\/04\/1516_15_01.jpg'><img loading=\"lazy\" decoding=\"async\" width=\"150\" height=\"150\" src=\"https:\/\/bursa3radom.pl\/wp-content\/uploads\/2016\/04\/1516_15_01-150x150.jpg\" class=\"attachment-thumbnail size-thumbnail\" alt=\"\" \/><\/a>\n\t\t\t<\/dt><\/dl><dl class='gallery-item'>\n\t\t\t<dt class='gallery-icon landscape'>\n\t\t\t\t<a href='https:\/\/bursa3radom.pl\/wp-content\/uploads\/2016\/04\/1516_15_02.jpg'><img loading=\"lazy\" decoding=\"async\" width=\"150\" height=\"150\" src=\"https:\/\/bursa3radom.pl\/wp-content\/uploads\/2016\/04\/1516_15_02-150x150.jpg\" class=\"attachment-thumbnail size-thumbnail\" alt=\"\" aria-describedby=\"gallery-1-1439\" \/><\/a>\n\t\t\t<\/dt>\n\t\t\t\t<dd class='wp-caption-text gallery-caption' id='gallery-1-1439'>\n\t\t\t\tZumba\n\t\t\t\t<\/dd><\/dl><dl class='gallery-item'>\n\t\t\t<dt class='gallery-icon landscape'>\n\t\t\t\t<a href='https:\/\/bursa3radom.pl\/wp-content\/uploads\/2016\/04\/1516_15_03.jpg'><img loading=\"lazy\" decoding=\"async\" width=\"150\" height=\"150\" src=\"https:\/\/bursa3radom.pl\/wp-content\/uploads\/2016\/04\/1516_15_03-150x150.jpg\" class=\"attachment-thumbnail size-thumbnail\" alt=\"\" \/><\/a>\n\t\t\t<\/dt><\/dl><br style=\"clear: both\" \/><dl class='gallery-item'>\n\t\t\t<dt class='gallery-icon landscape'>\n\t\t\t\t<a href='https:\/\/bursa3radom.pl\/wp-content\/uploads\/2016\/04\/1516_15_04.jpg'><img loading=\"lazy\" decoding=\"async\" width=\"150\" height=\"150\" src=\"https:\/\/bursa3radom.pl\/wp-content\/uploads\/2016\/04\/1516_15_04-150x150.jpg\" class=\"attachment-thumbnail size-thumbnail\" alt=\"\" \/><\/a>\n\t\t\t<\/dt><\/dl><dl class='gallery-item'>\n\t\t\t<dt class='gallery-icon landscape'>\n\t\t\t\t<a href='https:\/\/bursa3radom.pl\/wp-content\/uploads\/2016\/04\/1516_15_05.jpg'><img loading=\"lazy\" decoding=\"async\" width=\"150\" height=\"150\" src=\"https:\/\/bursa3radom.pl\/wp-content\/uploads\/2016\/04\/1516_15_05-150x150.jpg\" class=\"attachment-thumbnail size-thumbnail\" alt=\"\" \/><\/a>\n\t\t\t<\/dt><\/dl>\n\t\t\t<br style='clear: both' \/>\n\t\t<\/div>\n\n<p><a title=\"rok szkolny 2015\/2016\" href=\"http:\/\/bursa3radom.pl\/?page_id=1149\">Powr\u00f3t<\/a><\/p>\n<p>&nbsp;<\/p>\n","protected":false},"excerpt":{"rendered":"<p>Powr\u00f3t W ramach prowadzonego w Bursie programu Kwadrans dla Zdrowia odby\u0142y si\u0119 zaj\u0119cia energetycznej zumby. Poprowadzi\u0142y je bardzo sympatyczne instruktorki ze szko\u0142y ta\u0144ca i fitnessu Salsa Fit. Przy dynamicznej muzyce i profesjonalnym instrukta\u017cu wszyscy \u0107wiczyli z u\u015bmiechami na twarzy! Powr\u00f3t &nbsp;<\/p>\n","protected":false},"author":1,"featured_media":0,"parent":1149,"menu_order":0,"comment_status":"closed","ping_status":"open","template":"","meta":{"footnotes":""},"class_list":["post-1437","page","type-page","status-publish","hentry"],"_links":{"self":[{"href":"https:\/\/bursa3radom.pl\/index.php?rest_route=\/wp\/v2\/pages\/1437","targetHints":{"allow":["GET"]}}],"collection":[{"href":"https:\/\/bursa3radom.pl\/index.php?rest_route=\/wp\/v2\/pages"}],"about":[{"href":"https:\/\/bursa3radom.pl\/index.php?rest_route=\/wp\/v2\/types\/page"}],"author":[{"embeddable":true,"href":"https:\/\/bursa3radom.pl\/index.php?rest_route=\/wp\/v2\/users\/1"}],"replies":[{"embeddable":true,"href":"https:\/\/bursa3radom.pl\/index.php?rest_route=%2Fwp%2Fv2%2Fcomments&post=1437"}],"version-history":[{"count":1,"href":"https:\/\/bursa3radom.pl\/index.php?rest_route=\/wp\/v2\/pages\/1437\/revisions"}],"predecessor-version":[{"id":1444,"href":"https:\/\/bursa3radom.pl\/index.php?rest_route=\/wp\/v2\/pages\/1437\/revisions\/1444"}],"up":[{"embeddable":true,"href":"https:\/\/bursa3radom.pl\/index.php?rest_route=\/wp\/v2\/pages\/1149"}],"wp:attachment":[{"href":"https:\/\/bursa3radom.pl\/index.php?rest_route=%2Fwp%2Fv2%2Fmedia&parent=1437"}],"curies":[{"name":"wp","href":"https:\/\/api.w.org\/{rel}","templated":true}]}}