{"id":14,"date":"2014-01-20T16:36:32","date_gmt":"2014-01-20T16:36:32","guid":{"rendered":"http:\/\/bursa3radom.pl\/?page_id=14"},"modified":"2024-04-17T16:10:29","modified_gmt":"2024-04-17T16:10:29","slug":"kontakt","status":"publish","type":"page","link":"https:\/\/bursa3radom.pl\/?page_id=14","title":{"rendered":"Kontakt"},"content":{"rendered":"\n<p><strong><span style=\"font-family: Times New Roman, serif;\"><span style=\"font-size: small;\">Bursa Szkolna Nr 3<\/span><\/span><\/strong><\/p>\n\n\n\n<p><span style=\"font-size: small;\"><em>Adres:<\/em> ul. \u015aniadeckich 5<\/span><\/p>\n\n\n\n<p>&nbsp;&nbsp;&nbsp;&nbsp;&nbsp;&nbsp;&nbsp;&nbsp;&nbsp;&nbsp;&nbsp;&nbsp;&nbsp;&nbsp;&nbsp;&nbsp;&nbsp;&nbsp;&nbsp;&nbsp;&nbsp;&nbsp;&nbsp;&nbsp;&nbsp;&nbsp; <span style=\"font-size: small;\">26-600 Radom<\/span><\/p>\n\n\n\n<p><span style=\"font-size: small;\"><em>Tel.\/fax:<\/em> 48 364 11 64<\/span><\/p>\n\n\n\n<p><span style=\"font-size: small;\"><em>E<\/em><span style=\"color: #000000;\"><em>-mail:<\/em> <\/span><\/span><a href=\"mailto:poczta@bs3.radom.pl\"><span style=\"font-size: small;\"><span style=\"color: #000000;\">poczta@bs3.radom.pl<\/span><\/span><\/a><\/p>\n\n\n\n<h2 class=\"wp-block-heading\"><strong><span style=\"color: #333399;\">W SPRAWACH DOTYCZ\u0104CYCH KONTAKTU Z WYCHOWAWC\u0104 PROSZ\u0118 PISA\u0106 NA ADRES<\/span> <a href=\"mailto:WYCHOWAWCY@bs3.radom.pl\">wychowawcy@bs3.radom.pl<\/a><\/strong><\/h2>\n\n\n\n<p><span style=\"font-family: georgia, palatino;\"><span style=\"font-size: small;\"><span style=\"font-size: 14pt;\">Nr konta bankowego do wp\u0142at za burs\u0119:&nbsp;&nbsp;&nbsp; <\/span>&nbsp;&nbsp;&nbsp;&nbsp;&nbsp;&nbsp;&nbsp;&nbsp;&nbsp;&nbsp;&nbsp;&nbsp;&nbsp;&nbsp;&nbsp;&nbsp;&nbsp;&nbsp;&nbsp;&nbsp;&nbsp;&nbsp;&nbsp;&nbsp;&nbsp; <\/span><\/span><\/p>\n\n\n\n<p><span style=\"font-family: georgia, palatino; font-size: 14pt;\"><strong>64 1240 3259 1111 0010 3720 0137<\/strong><\/span><\/p>\n\n\n\n<p><\/p>\n\n\n\n<p><span style=\"font-size: small;\"><em>Dojazd:<\/em> autobusy linii:&nbsp; 4, 12, 19, 23<\/span><\/p>\n\n\n\n<p><span style=\"font-size: small;\">oraz 6, 7, 9, 16, 17, 26 w pobli\u017cu Galerii S\u0142onecznej<\/span><\/p>\n\n\n\n<p>&nbsp;<\/p>\n\n\n\n<p><em>W sprawie skarg i wniosk\u00f3w Dyrektor Bursy przyjmuje:<\/em><\/p>\n\n\n\n<p><em>we wtorki w godzinach 15<sup>00<\/sup> &#8211; 16<sup>00<\/sup><\/em><\/p>\n\n\n\n<p><em>i w pi\u0105tki w godzinach 10<sup>00<\/sup> &#8211; 11<sup>00<\/sup><\/em><\/p>\n\n\n\n<p><span style=\"font-family: Comic Sans MS, cursive;\"><span style=\"font-size: small;\"><em>oraz pod numerem telefonu 660&nbsp;668&nbsp;895<\/em><\/span><\/span><\/p>\n\n\n\n<p><a href=\"https:\/\/maps.google.pl\/maps?q=bursa+3+radom&amp;ie=UTF-8&amp;ei=Z7n0UvK6FYn8ygP21YLYCg&amp;ved=0CAcQ_AUoAQ\" target=\"_blank\" rel=\"noopener noreferrer\">Tu nas znajdziesz<\/a><\/p>\n","protected":false},"excerpt":{"rendered":"<p>Bursa Szkolna Nr 3 Adres: ul. \u015aniadeckich 5 &nbsp;&nbsp;&nbsp;&nbsp;&nbsp;&nbsp;&nbsp;&nbsp;&nbsp;&nbsp;&nbsp;&nbsp;&nbsp;&nbsp;&nbsp;&nbsp;&nbsp;&nbsp;&nbsp;&nbsp;&nbsp;&nbsp;&nbsp;&nbsp;&nbsp;&nbsp; 26-600 Radom Tel.\/fax: 48 364 11 64 E-mail: poczta@bs3.radom.pl W SPRAWACH DOTYCZ\u0104CYCH KONTAKTU Z WYCHOWAWC\u0104 PROSZ\u0118 PISA\u0106 NA ADRES wychowawcy@bs3.radom.pl Nr konta bankowego do wp\u0142at za burs\u0119:&nbsp;&nbsp;&nbsp; &nbsp;&nbsp;&nbsp;&nbsp;&nbsp;&nbsp;&nbsp;&nbsp;&nbsp;&nbsp;&nbsp;&nbsp;&nbsp;&nbsp;&nbsp;&nbsp;&nbsp;&nbsp;&nbsp;&nbsp;&nbsp;&nbsp;&nbsp;&nbsp;&nbsp; 64 1240 3259 1111 0010 3720 0137 Dojazd: autobusy linii:&nbsp; 4, 12, 19, 23 oraz 6, 7, 9, 16, 17, 26 w pobli\u017cu Galerii S\u0142onecznej &nbsp; W sprawie skarg i wniosk\u00f3w Dyrektor Bursy&#8230;<\/p>\n","protected":false},"author":1,"featured_media":0,"parent":0,"menu_order":4,"comment_status":"open","ping_status":"closed","template":"","meta":{"footnotes":""},"class_list":["post-14","page","type-page","status-publish","hentry"],"_links":{"self":[{"href":"https:\/\/bursa3radom.pl\/index.php?rest_route=\/wp\/v2\/pages\/14","targetHints":{"allow":["GET"]}}],"collection":[{"href":"https:\/\/bursa3radom.pl\/index.php?rest_route=\/wp\/v2\/pages"}],"about":[{"href":"https:\/\/bursa3radom.pl\/index.php?rest_route=\/wp\/v2\/types\/page"}],"author":[{"embeddable":true,"href":"https:\/\/bursa3radom.pl\/index.php?rest_route=\/wp\/v2\/users\/1"}],"replies":[{"embeddable":true,"href":"https:\/\/bursa3radom.pl\/index.php?rest_route=%2Fwp%2Fv2%2Fcomments&post=14"}],"version-history":[{"count":56,"href":"https:\/\/bursa3radom.pl\/index.php?rest_route=\/wp\/v2\/pages\/14\/revisions"}],"predecessor-version":[{"id":4894,"href":"https:\/\/bursa3radom.pl\/index.php?rest_route=\/wp\/v2\/pages\/14\/revisions\/4894"}],"wp:attachment":[{"href":"https:\/\/bursa3radom.pl\/index.php?rest_route=%2Fwp%2Fv2%2Fmedia&parent=14"}],"curies":[{"name":"wp","href":"https:\/\/api.w.org\/{rel}","templated":true}]}}