{"id":1149,"date":"2016-01-17T15:56:56","date_gmt":"2016-01-17T15:56:56","guid":{"rendered":"http:\/\/bursa3radom.pl\/?page_id=1149"},"modified":"2016-07-03T10:59:31","modified_gmt":"2016-07-03T10:59:31","slug":"rok-szkolny-20152016","status":"publish","type":"page","link":"https:\/\/bursa3radom.pl\/?page_id=1149","title":{"rendered":"rok szkolny 2015\/2016"},"content":{"rendered":"<div id=\"attachment_1167\" style=\"width: 160px\" class=\"wp-caption alignleft\"><a title=\"OTRZ\u0118SINY\" href=\"http:\/\/bursa3radom.pl\/?page_id=1152\"><img loading=\"lazy\" decoding=\"async\" aria-describedby=\"caption-attachment-1167\" class=\"size-thumbnail wp-image-1167\" src=\"http:\/\/bursa3radom.pl\/wp-content\/uploads\/2016\/01\/1516_01_15-150x150.jpg\" alt=\"Otrz\u0119siny\" width=\"150\" height=\"150\" \/><\/a><p id=\"caption-attachment-1167\" class=\"wp-caption-text\">Otrz\u0119siny<\/p><\/div>\n<div id=\"attachment_1185\" style=\"width: 160px\" class=\"wp-caption alignleft\"><a href=\"http:\/\/bursa3radom.pl\/?page_id=1173\"><img loading=\"lazy\" decoding=\"async\" aria-describedby=\"caption-attachment-1185\" class=\"wp-image-1185 size-thumbnail\" src=\"http:\/\/bursa3radom.pl\/wp-content\/uploads\/2016\/01\/1516_02_12-150x150.jpg\" alt=\"Dzie\u0144 Edukacji Narodowej\" width=\"150\" height=\"150\" \/><\/a><p id=\"caption-attachment-1185\" class=\"wp-caption-text\">Dzie\u0144 Edukacji Narodowej<\/p><\/div>\n<div id=\"attachment_1193\" style=\"width: 160px\" class=\"wp-caption alignleft\"><a href=\"http:\/\/bursa3radom.pl\/wp-content\/uploads\/2016\/01\/1516_03_04.jpg\"><img loading=\"lazy\" decoding=\"async\" aria-describedby=\"caption-attachment-1193\" class=\"size-thumbnail wp-image-1193\" src=\"http:\/\/bursa3radom.pl\/wp-content\/uploads\/2016\/01\/1516_03_04-150x150.jpg\" alt=\"Warsztaty \u201ePierwsza Pomoc Przedmedyczna\u201d\" width=\"150\" height=\"150\" \/><\/a><p id=\"caption-attachment-1193\" class=\"wp-caption-text\">Warsztaty \u201ePierwsza Pomoc Przedmedyczna\u201d<\/p><\/div>\n<p>&nbsp;<\/p>\n<p>&nbsp;<\/p>\n<p>&nbsp;<\/p>\n<p>&nbsp;<\/p>\n<p>&nbsp;<\/p>\n<p>&nbsp;<\/p>\n<p>&nbsp;<\/p>\n<div id=\"attachment_1203\" style=\"width: 160px\" class=\"wp-caption alignleft\"><a title=\"Wybory do M\u0142odzie\u017cowej Rady Bursy\" href=\"http:\/\/bursa3radom.pl\/?page_id=1202\"><img loading=\"lazy\" decoding=\"async\" aria-describedby=\"caption-attachment-1203\" class=\"size-thumbnail wp-image-1203\" src=\"http:\/\/bursa3radom.pl\/wp-content\/uploads\/2016\/01\/1516_04_01-150x150.jpg\" alt=\"Wybory do M\u0142odzie\u017cowej Rady Bursy\" width=\"150\" height=\"150\" \/><\/a><p id=\"caption-attachment-1203\" class=\"wp-caption-text\">Wybory do M\u0142odzie\u017cowej Rady Bursy<\/p><\/div>\n<div id=\"attachment_1218\" style=\"width: 160px\" class=\"wp-caption alignleft\"><a title=\"Halloween\" href=\"http:\/\/bursa3radom.pl\/?page_id=1213\"><img loading=\"lazy\" decoding=\"async\" aria-describedby=\"caption-attachment-1218\" class=\"size-thumbnail wp-image-1218\" src=\"http:\/\/bursa3radom.pl\/wp-content\/uploads\/2016\/01\/1516_05_05-150x150.jpg\" alt=\"Halloween\" width=\"150\" height=\"150\" \/><\/a><p id=\"caption-attachment-1218\" class=\"wp-caption-text\">Halloween<\/p><\/div>\n<div id=\"attachment_1240\" style=\"width: 160px\" class=\"wp-caption alignleft\"><a title=\"Przekazanie w\u0142adzy MRB\" href=\"http:\/\/bursa3radom.pl\/?page_id=1237\"><img loading=\"lazy\" decoding=\"async\" aria-describedby=\"caption-attachment-1240\" class=\"size-thumbnail wp-image-1240\" src=\"http:\/\/bursa3radom.pl\/wp-content\/uploads\/2016\/01\/1516_06_3-150x150.jpg\" alt=\"Przekazanie w\u0142adzy MRB\" width=\"150\" height=\"150\" \/><\/a><p id=\"caption-attachment-1240\" class=\"wp-caption-text\">Przekazanie w\u0142adzy MRB<\/p><\/div>\n<p>&nbsp;<\/p>\n<p>&nbsp;<\/p>\n<p>&nbsp;<\/p>\n<p>&nbsp;<\/p>\n<p>&nbsp;<\/p>\n<p>&nbsp;<\/p>\n<p>&nbsp;<\/p>\n<div id=\"attachment_1256\" style=\"width: 160px\" class=\"wp-caption alignleft\"><a title=\"Wieczornica z okazji \u015awi\u0119ta Odzyskania Niepodleg\u0142o\u015bci\" href=\"http:\/\/bursa3radom.pl\/?page_id=1247\"><img loading=\"lazy\" decoding=\"async\" aria-describedby=\"caption-attachment-1256\" class=\"size-thumbnail wp-image-1256\" src=\"http:\/\/bursa3radom.pl\/wp-content\/uploads\/2016\/01\/1516_07_09-150x150.jpg\" alt=\"Wieczornica z okazji \u015awi\u0119ta Odzyskania Niepodleg\u0142o\u015bci\" width=\"150\" height=\"150\" \/><\/a><p id=\"caption-attachment-1256\" class=\"wp-caption-text\">Wieczornica z okazji \u015awi\u0119ta Odzyskania Niepodleg\u0142o\u015bci<\/p><\/div>\n<div id=\"attachment_1302\" style=\"width: 160px\" class=\"wp-caption alignleft\"><a href=\"http:\/\/bursa3radom.pl\/?page_id=1291\"><img loading=\"lazy\" decoding=\"async\" aria-describedby=\"caption-attachment-1302\" class=\"wp-image-1302 size-thumbnail\" src=\"http:\/\/bursa3radom.pl\/wp-content\/uploads\/2016\/01\/11-150x150.jpg\" alt=\"Wiecz\u00f3r Wr\u00f3\u017cb Andrzejkowych\" width=\"150\" height=\"150\" \/><\/a><p id=\"caption-attachment-1302\" class=\"wp-caption-text\">Wiecz\u00f3r Wr\u00f3\u017cb Andrzejkowych<\/p><\/div>\n<div id=\"attachment_1311\" style=\"width: 160px\" class=\"wp-caption alignleft\"><a href=\"http:\/\/bursa3radom.pl\/?page_id=1306\"><img loading=\"lazy\" decoding=\"async\" aria-describedby=\"caption-attachment-1311\" class=\"wp-image-1311 size-thumbnail\" src=\"http:\/\/bursa3radom.pl\/wp-content\/uploads\/2016\/01\/051-150x150.jpg\" alt=\"Warsztaty tworzenia ozd\u00f3b bo\u017conarodzeniowych\" width=\"150\" height=\"150\" \/><\/a><p id=\"caption-attachment-1311\" class=\"wp-caption-text\">Warsztaty tworzenia ozd\u00f3b bo\u017conarodzeniowych<\/p><\/div>\n<p>&nbsp;<\/p>\n<p>&nbsp;<\/p>\n<p>&nbsp;<\/p>\n<p>&nbsp;<\/p>\n<p>&nbsp;<\/p>\n<p>&nbsp;<\/p>\n<p>&nbsp;<\/p>\n<p>&nbsp;<\/p>\n<div id=\"attachment_1320\" style=\"width: 160px\" class=\"wp-caption alignleft\"><a href=\"http:\/\/bursa3radom.pl\/?page_id=1319\"><img loading=\"lazy\" decoding=\"async\" aria-describedby=\"caption-attachment-1320\" class=\"wp-image-1320 size-thumbnail\" src=\"http:\/\/bursa3radom.pl\/wp-content\/uploads\/2016\/01\/1516_10_01-150x150.jpg\" alt=\"Wieczerza Wigilijna\" width=\"150\" height=\"150\" \/><\/a><p id=\"caption-attachment-1320\" class=\"wp-caption-text\">Wieczerza Wigilijna<\/p><\/div>\n<div id=\"attachment_1373\" style=\"width: 160px\" class=\"wp-caption alignleft\"><a href=\"http:\/\/bursa3radom.pl\/?page_id=1349\"><img loading=\"lazy\" decoding=\"async\" aria-describedby=\"caption-attachment-1373\" class=\"wp-image-1373 size-thumbnail\" src=\"http:\/\/bursa3radom.pl\/wp-content\/uploads\/2016\/04\/1516_11_01-150x150.jpg\" alt=\"Bal karnawa\u0142owy\" width=\"150\" height=\"150\" \/><\/a><p id=\"caption-attachment-1373\" class=\"wp-caption-text\">Bal karnawa\u0142owy<\/p><\/div>\n<div id=\"attachment_1406\" style=\"width: 160px\" class=\"wp-caption alignleft\"><a href=\"http:\/\/bursa3radom.pl\/?page_id=1397\"><img loading=\"lazy\" decoding=\"async\" aria-describedby=\"caption-attachment-1406\" class=\"wp-image-1406 size-thumbnail\" src=\"http:\/\/bursa3radom.pl\/wp-content\/uploads\/2016\/04\/1516_12_09-150x150.jpg\" alt=\"Dzie\u0144 Kobiet i M\u0119\u017cczyzn\" width=\"150\" height=\"150\" \/><\/a><p id=\"caption-attachment-1406\" class=\"wp-caption-text\">Dzie\u0144 Kobiet i M\u0119\u017cczyzn<\/p><\/div>\n<p>&nbsp;<\/p>\n<p>&nbsp;<\/p>\n<p>&nbsp;<\/p>\n<p>&nbsp;<\/p>\n<p>&nbsp;<\/p>\n<p>&nbsp;<\/p>\n<p>&nbsp;<\/p>\n<div id=\"attachment_1414\" style=\"width: 160px\" class=\"wp-caption alignleft\"><a href=\"http:\/\/bursa3radom.pl\/?page_id=1411\"><img loading=\"lazy\" decoding=\"async\" aria-describedby=\"caption-attachment-1414\" class=\"wp-image-1414 size-thumbnail\" src=\"http:\/\/bursa3radom.pl\/wp-content\/uploads\/2016\/04\/1516_13_03-150x150.jpg\" alt=\"Wiecz\u00f3r poezji\" width=\"150\" height=\"150\" \/><\/a><p id=\"caption-attachment-1414\" class=\"wp-caption-text\">Wiecz\u00f3r poezji<\/p><\/div>\n<div id=\"attachment_1426\" style=\"width: 160px\" class=\"wp-caption alignleft\"><a href=\"http:\/\/bursa3radom.pl\/?page_id=1425\"><img loading=\"lazy\" decoding=\"async\" aria-describedby=\"caption-attachment-1426\" class=\"wp-image-1426 size-thumbnail\" src=\"http:\/\/bursa3radom.pl\/wp-content\/uploads\/2016\/04\/1516_14_01-150x150.jpg\" alt=\"Biesiada Wigilijna\" width=\"150\" height=\"150\" \/><\/a><p id=\"caption-attachment-1426\" class=\"wp-caption-text\">Biesiada Wigilijna<\/p><\/div>\n<div id=\"attachment_1439\" style=\"width: 160px\" class=\"wp-caption alignleft\"><a href=\"http:\/\/bursa3radom.pl\/?page_id=1437\"><img loading=\"lazy\" decoding=\"async\" aria-describedby=\"caption-attachment-1439\" class=\"wp-image-1439 size-thumbnail\" src=\"http:\/\/bursa3radom.pl\/wp-content\/uploads\/2016\/04\/1516_15_02-150x150.jpg\" alt=\"Zumba\" width=\"150\" height=\"150\" \/><\/a><p id=\"caption-attachment-1439\" class=\"wp-caption-text\">Zumba<\/p><\/div>\n<p>&nbsp;<\/p>\n<p>&nbsp;<\/p>\n<p>&nbsp;<\/p>\n<p>&nbsp;<\/p>\n<p>&nbsp;<\/p>\n<p>&nbsp;<\/p>\n<p>&nbsp;<\/p>\n<div id=\"attachment_1464\" style=\"width: 160px\" class=\"wp-caption alignleft\"><a href=\"http:\/\/bursa3radom.pl\/?page_id=1446\"><img loading=\"lazy\" decoding=\"async\" aria-describedby=\"caption-attachment-1464\" class=\"wp-image-1464 size-thumbnail\" src=\"http:\/\/bursa3radom.pl\/wp-content\/uploads\/2016\/04\/1516_16_18-150x150.jpg\" alt=\"Centrum Wspinaczkowe Grota\" width=\"150\" height=\"150\" \/><\/a><p id=\"caption-attachment-1464\" class=\"wp-caption-text\">Centrum Wspinaczkowe Grota<\/p><\/div>\n<div id=\"attachment_1509\" style=\"width: 160px\" class=\"wp-caption alignleft\"><a href=\"http:\/\/bursa3radom.pl\/?page_id=1508\"><img loading=\"lazy\" decoding=\"async\" aria-describedby=\"caption-attachment-1509\" class=\"wp-image-1509 size-thumbnail\" src=\"http:\/\/bursa3radom.pl\/wp-content\/uploads\/2016\/07\/1516_17_1-150x150.jpg\" alt=\"Chiny od podszewki\" width=\"150\" height=\"150\" \/><\/a><p id=\"caption-attachment-1509\" class=\"wp-caption-text\">Chiny od podszewki<\/p><\/div>\n<div id=\"attachment_1531\" style=\"width: 160px\" class=\"wp-caption alignleft\"><a href=\"http:\/\/bursa3radom.pl\/?page_id=1517\"><img loading=\"lazy\" decoding=\"async\" aria-describedby=\"caption-attachment-1531\" class=\"wp-image-1531 size-thumbnail\" src=\"http:\/\/bursa3radom.pl\/wp-content\/uploads\/2016\/07\/1516_18_13-150x150.jpg\" alt=\"Kwadrans dla Zdrowia\" width=\"150\" height=\"150\" \/><\/a><p id=\"caption-attachment-1531\" class=\"wp-caption-text\">Kwadrans dla Zdrowia<\/p><\/div>\n<p>&nbsp;<\/p>\n<p>&nbsp;<\/p>\n<p>&nbsp;<\/p>\n<p>&nbsp;<\/p>\n<p>&nbsp;<\/p>\n<p>&nbsp;<\/p>\n<p>&nbsp;<\/p>\n<div id=\"attachment_1541\" style=\"width: 160px\" class=\"wp-caption alignleft\"><a href=\"http:\/\/bursa3radom.pl\/?page_id=1540\"><img loading=\"lazy\" decoding=\"async\" aria-describedby=\"caption-attachment-1541\" class=\"wp-image-1541 size-thumbnail\" src=\"http:\/\/bursa3radom.pl\/wp-content\/uploads\/2016\/07\/1516_19_1-150x150.jpg\" alt=\"Wizyta w Domu Pomocy Spo\u0142ecznej\" width=\"150\" height=\"150\" \/><\/a><p id=\"caption-attachment-1541\" class=\"wp-caption-text\">Wizyta w Domu Pomocy Spo\u0142ecznej<\/p><\/div>\n<div id=\"attachment_1552\" style=\"width: 160px\" class=\"wp-caption alignleft\"><a href=\"http:\/\/bursa3radom.pl\/?page_id=1550\"><img loading=\"lazy\" decoding=\"async\" aria-describedby=\"caption-attachment-1552\" class=\"wp-image-1552 size-thumbnail\" src=\"http:\/\/bursa3radom.pl\/wp-content\/uploads\/2016\/07\/1516_20_2-150x150.jpg\" alt=\"Po\u017cegnanie Absolwent\u00f3w\" width=\"150\" height=\"150\" \/><\/a><p id=\"caption-attachment-1552\" class=\"wp-caption-text\">Po\u017cegnanie Absolwent\u00f3w<\/p><\/div>\n<div id=\"attachment_1563\" style=\"width: 160px\" class=\"wp-caption alignleft\"><a href=\"http:\/\/bursa3radom.pl\/?page_id=1562\"><img loading=\"lazy\" decoding=\"async\" aria-describedby=\"caption-attachment-1563\" class=\"wp-image-1563 size-thumbnail\" src=\"http:\/\/bursa3radom.pl\/wp-content\/uploads\/2016\/07\/1516_21_1-150x150.jpg\" alt=\"Wiecz\u00f3r Mi\u0142o\u015bnik\u00f3w Ksi\u0105\u017cek\" width=\"150\" height=\"150\" \/><\/a><p id=\"caption-attachment-1563\" class=\"wp-caption-text\">Wiecz\u00f3r Mi\u0142o\u015bnik\u00f3w Ksi\u0105\u017cek<\/p><\/div>\n<p>&nbsp;<\/p>\n<p>&nbsp;<\/p>\n<p>&nbsp;<\/p>\n<p>&nbsp;<\/p>\n<p>&nbsp;<\/p>\n<p>&nbsp;<\/p>\n<p>&nbsp;<\/p>\n<div id=\"attachment_1572\" style=\"width: 160px\" class=\"wp-caption alignleft\"><a href=\"http:\/\/bursa3radom.pl\/?page_id=1571\"><img loading=\"lazy\" decoding=\"async\" aria-describedby=\"caption-attachment-1572\" class=\"wp-image-1572 size-thumbnail\" src=\"http:\/\/bursa3radom.pl\/wp-content\/uploads\/2016\/07\/1516_22_1-150x150.jpg\" alt=\"Wieczornica z okazji 225 rocznicy uchwalenia Konstytucji 3 Maja\" width=\"150\" height=\"150\" \/><\/a><p id=\"caption-attachment-1572\" class=\"wp-caption-text\">Wieczornica z okazji 225 rocznicy uchwalenia Konstytucji 3 Maja<\/p><\/div>\n<div id=\"attachment_1582\" style=\"width: 160px\" class=\"wp-caption alignleft\"><a href=\"http:\/\/bursa3radom.pl\/?page_id=1580\"><img loading=\"lazy\" decoding=\"async\" aria-describedby=\"caption-attachment-1582\" class=\"wp-image-1582 size-thumbnail\" src=\"http:\/\/bursa3radom.pl\/wp-content\/uploads\/2016\/07\/1516_23_2-150x150.jpg\" alt=\"Wycieczka rowerowa nad zalew Siczki\" width=\"150\" height=\"150\" \/><\/a><p id=\"caption-attachment-1582\" class=\"wp-caption-text\">Wycieczka rowerowa nad zalew Siczki<\/p><\/div>\n<div id=\"attachment_1593\" style=\"width: 160px\" class=\"wp-caption alignleft\"><a href=\"http:\/\/bursa3radom.pl\/?page_id=1592\"><img loading=\"lazy\" decoding=\"async\" aria-describedby=\"caption-attachment-1593\" class=\"wp-image-1593 size-thumbnail\" src=\"http:\/\/bursa3radom.pl\/wp-content\/uploads\/2016\/07\/1516_24_01-150x150.jpg\" alt=\"Festyn z okazji Dnia Dziecka, Dnia Sportu i Zako\u0144czenia Roku Szkolnego\" width=\"150\" height=\"150\" \/><\/a><p id=\"caption-attachment-1593\" class=\"wp-caption-text\">Festyn z okazji Dnia Dziecka, Dnia Sportu i Zako\u0144czenia Roku Szkolnego<\/p><\/div>\n<p>&nbsp;<\/p>\n<p>&nbsp;<\/p>\n<p>&nbsp;<\/p>\n<p>&nbsp;<\/p>\n<p>&nbsp;<\/p>\n<p>&nbsp;<\/p>\n<p>&nbsp;<\/p>\n<p>&nbsp;<\/p>\n<div id=\"attachment_1621\" style=\"width: 160px\" class=\"wp-caption alignleft\"><a href=\"http:\/\/bursa3radom.pl\/?page_id=1619\"><img loading=\"lazy\" decoding=\"async\" aria-describedby=\"caption-attachment-1621\" class=\"wp-image-1621 size-thumbnail\" src=\"http:\/\/bursa3radom.pl\/wp-content\/uploads\/2016\/07\/1516_25_2-150x150.jpg\" alt=\"Zbi\u00f3rka karmy dla zwierz\u0105t\" width=\"150\" height=\"150\" \/><\/a><p id=\"caption-attachment-1621\" class=\"wp-caption-text\">Zbi\u00f3rka karmy dla zwierz\u0105t<\/p><\/div>\n<p>&nbsp;<\/p>\n","protected":false},"excerpt":{"rendered":"<p>&nbsp; &nbsp; &nbsp; &nbsp; &nbsp; &nbsp; &nbsp; &nbsp; &nbsp; &nbsp; &nbsp; &nbsp; &nbsp; &nbsp; &nbsp; &nbsp; &nbsp; &nbsp; &nbsp; &nbsp; &nbsp; &nbsp; &nbsp; &nbsp; &nbsp; &nbsp; &nbsp; &nbsp; &nbsp; &nbsp; &nbsp; &nbsp; &nbsp; &nbsp; &nbsp; &nbsp; &nbsp; &nbsp; &nbsp; &nbsp; &nbsp; &nbsp; &nbsp; &nbsp; &nbsp; &nbsp; &nbsp; &nbsp; &nbsp; &nbsp; &nbsp; &nbsp; &nbsp; &nbsp; &nbsp; &nbsp; &nbsp; &nbsp; &nbsp;<\/p>\n","protected":false},"author":1,"featured_media":0,"parent":0,"menu_order":0,"comment_status":"closed","ping_status":"open","template":"","meta":{"footnotes":""},"class_list":["post-1149","page","type-page","status-publish","hentry"],"_links":{"self":[{"href":"https:\/\/bursa3radom.pl\/index.php?rest_route=\/wp\/v2\/pages\/1149","targetHints":{"allow":["GET"]}}],"collection":[{"href":"https:\/\/bursa3radom.pl\/index.php?rest_route=\/wp\/v2\/pages"}],"about":[{"href":"https:\/\/bursa3radom.pl\/index.php?rest_route=\/wp\/v2\/types\/page"}],"author":[{"embeddable":true,"href":"https:\/\/bursa3radom.pl\/index.php?rest_route=\/wp\/v2\/users\/1"}],"replies":[{"embeddable":true,"href":"https:\/\/bursa3radom.pl\/index.php?rest_route=%2Fwp%2Fv2%2Fcomments&post=1149"}],"version-history":[{"count":37,"href":"https:\/\/bursa3radom.pl\/index.php?rest_route=\/wp\/v2\/pages\/1149\/revisions"}],"predecessor-version":[{"id":1624,"href":"https:\/\/bursa3radom.pl\/index.php?rest_route=\/wp\/v2\/pages\/1149\/revisions\/1624"}],"wp:attachment":[{"href":"https:\/\/bursa3radom.pl\/index.php?rest_route=%2Fwp%2Fv2%2Fmedia&parent=1149"}],"curies":[{"name":"wp","href":"https:\/\/api.w.org\/{rel}","templated":true}]}}