{"id":11,"date":"2014-01-20T16:35:47","date_gmt":"2014-01-20T16:35:47","guid":{"rendered":"http:\/\/bursa3radom.pl\/?page_id=11"},"modified":"2015-01-20T20:19:29","modified_gmt":"2015-01-20T20:19:29","slug":"galeria","status":"publish","type":"page","link":"https:\/\/bursa3radom.pl\/?page_id=11","title":{"rendered":"rok szkolny 2013\/2014"},"content":{"rendered":"<p>&nbsp;<\/p>\n<div id=\"attachment_533\" style=\"width: 160px\" class=\"wp-caption alignleft\"><a href=\"http:\/\/bursa3radom.pl\/?page_id=550\"><img loading=\"lazy\" decoding=\"async\" aria-describedby=\"caption-attachment-533\" class=\"wp-image-533 size-thumbnail\" src=\"http:\/\/bursa3radom.pl\/wp-content\/uploads\/2014\/01\/P1040694-150x150.jpg\" alt=\"Otrz\u0119siny\" width=\"150\" height=\"150\" \/><\/a><p id=\"caption-attachment-533\" class=\"wp-caption-text\">Otrz\u0119siny<\/p><\/div>\n<div id=\"attachment_559\" style=\"width: 160px\" class=\"wp-caption alignleft\"><a href=\"http:\/\/bursa3radom.pl\/?page_id=554\"><img loading=\"lazy\" decoding=\"async\" aria-describedby=\"caption-attachment-559\" class=\"wp-image-559 size-thumbnail\" src=\"http:\/\/bursa3radom.pl\/wp-content\/uploads\/2014\/07\/P1040893-150x150.jpg\" alt=\"Dzie\u0144 Edukacji Narodowej\" width=\"150\" height=\"150\" \/><\/a><p id=\"caption-attachment-559\" class=\"wp-caption-text\">Dzie\u0144 Edukacji Narodowej<\/p><\/div>\n<div id=\"attachment_577\" style=\"width: 160px\" class=\"wp-caption alignleft\"><a href=\"http:\/\/bursa3radom.pl\/?page_id=566\"><img loading=\"lazy\" decoding=\"async\" aria-describedby=\"caption-attachment-577\" class=\"wp-image-577 size-thumbnail\" src=\"http:\/\/bursa3radom.pl\/wp-content\/uploads\/2014\/07\/P1040890-150x150.jpg\" alt=\"Konkurs na interpretacje wierszy Tuwima\" width=\"150\" height=\"150\" \/><\/a><p id=\"caption-attachment-577\" class=\"wp-caption-text\">Konkurs na interpretacje wierszy Tuwima<\/p><\/div>\n<p>&nbsp;<\/p>\n<p>&nbsp;<\/p>\n<p>&nbsp;<\/p>\n<p>&nbsp;<\/p>\n<p>&nbsp;<\/p>\n<p>&nbsp;<\/p>\n<p>&nbsp;<\/p>\n<p>&nbsp;<\/p>\n<div id=\"attachment_584\" style=\"width: 160px\" class=\"wp-caption alignleft\"><a href=\"http:\/\/bursa3radom.pl\/?page_id=582\"><img loading=\"lazy\" decoding=\"async\" aria-describedby=\"caption-attachment-584\" class=\"wp-image-584 size-thumbnail\" src=\"http:\/\/bursa3radom.pl\/wp-content\/uploads\/2014\/07\/P1040917-150x150.jpg\" alt=\"Wybory MRB\" width=\"150\" height=\"150\" \/><\/a><p id=\"caption-attachment-584\" class=\"wp-caption-text\">Wybory MRB<\/p><\/div>\n<div id=\"attachment_595\" style=\"width: 160px\" class=\"wp-caption alignleft\"><a href=\"http:\/\/bursa3radom.pl\/?page_id=594\"><img loading=\"lazy\" decoding=\"async\" aria-describedby=\"caption-attachment-595\" class=\"wp-image-595 size-thumbnail\" src=\"http:\/\/bursa3radom.pl\/wp-content\/uploads\/2014\/07\/IMG_3437-150x150.jpg\" alt=\"Zaj\u0119cia filmowe z Rafa\u0142em Sadowskim\" width=\"150\" height=\"150\" \/><\/a><p id=\"caption-attachment-595\" class=\"wp-caption-text\">Zaj\u0119cia filmowe z Rafa\u0142em Sadowskim<\/p><\/div>\n<div id=\"attachment_604\" style=\"width: 160px\" class=\"wp-caption alignleft\"><a href=\"http:\/\/bursa3radom.pl\/?page_id=601\"><img loading=\"lazy\" decoding=\"async\" aria-describedby=\"caption-attachment-604\" class=\"wp-image-604 size-thumbnail\" src=\"http:\/\/bursa3radom.pl\/wp-content\/uploads\/2014\/07\/P1050026-150x150.jpg\" alt=\"Narodowe \u015awi\u0119to Niepodleg\u0142o\u015bci\" width=\"150\" height=\"150\" \/><\/a><p id=\"caption-attachment-604\" class=\"wp-caption-text\">Narodowe \u015awi\u0119to Niepodleg\u0142o\u015bci<\/p><\/div>\n<p>&nbsp;<\/p>\n<p>&nbsp;<\/p>\n<p>&nbsp;<\/p>\n<p>&nbsp;<\/p>\n<p>&nbsp;<\/p>\n<p>&nbsp;<\/p>\n<p>&nbsp;<\/p>\n<div id=\"attachment_613\" style=\"width: 160px\" class=\"wp-caption alignleft\"><a href=\"http:\/\/bursa3radom.pl\/?page_id=611\"><img loading=\"lazy\" decoding=\"async\" aria-describedby=\"caption-attachment-613\" class=\"wp-image-613 size-thumbnail\" src=\"http:\/\/bursa3radom.pl\/wp-content\/uploads\/2014\/07\/DSCN2301-150x150.jpg\" alt=\"Bal wolontariusza\" width=\"150\" height=\"150\" \/><\/a><p id=\"caption-attachment-613\" class=\"wp-caption-text\">Bal wolontariusza<\/p><\/div>\n<div id=\"attachment_621\" style=\"width: 160px\" class=\"wp-caption alignleft\"><a href=\"http:\/\/bursa3radom.pl\/?page_id=620\"><img loading=\"lazy\" decoding=\"async\" aria-describedby=\"caption-attachment-621\" class=\"wp-image-621 size-thumbnail\" src=\"http:\/\/bursa3radom.pl\/wp-content\/uploads\/2014\/07\/IMG_5528-150x150.jpg\" alt=\"Andrzejki\" width=\"150\" height=\"150\" \/><\/a><p id=\"caption-attachment-621\" class=\"wp-caption-text\">Andrzejki<\/p><\/div>\n<div id=\"attachment_632\" style=\"width: 160px\" class=\"wp-caption alignleft\"><a href=\"http:\/\/bursa3radom.pl\/?page_id=629\"><img loading=\"lazy\" decoding=\"async\" aria-describedby=\"caption-attachment-632\" class=\"wp-image-632 size-thumbnail\" src=\"http:\/\/bursa3radom.pl\/wp-content\/uploads\/2014\/07\/P1040907-150x150.jpg\" alt=\"I pomoc przedmedyczna\" width=\"150\" height=\"150\" \/><\/a><p id=\"caption-attachment-632\" class=\"wp-caption-text\">I pomoc przedmedyczna<\/p><\/div>\n<p>&nbsp;<\/p>\n<p>&nbsp;<\/p>\n<p>&nbsp;<\/p>\n<p>&nbsp;<\/p>\n<p>&nbsp;<\/p>\n<p>&nbsp;<\/p>\n<p>&nbsp;<\/p>\n<div id=\"attachment_640\" style=\"width: 160px\" class=\"wp-caption alignleft\"><a href=\"http:\/\/bursa3radom.pl\/?page_id=635\"><img loading=\"lazy\" decoding=\"async\" aria-describedby=\"caption-attachment-640\" class=\"wp-image-640 size-thumbnail\" src=\"http:\/\/bursa3radom.pl\/wp-content\/uploads\/2014\/07\/P1050149-150x150.jpg\" alt=\"Wigilia\" width=\"150\" height=\"150\" \/><\/a><p id=\"caption-attachment-640\" class=\"wp-caption-text\">Wigilia<\/p><\/div>\n<div id=\"attachment_649\" style=\"width: 160px\" class=\"wp-caption alignleft\"><a href=\"http:\/\/bursa3radom.pl\/?page_id=648\"><img loading=\"lazy\" decoding=\"async\" aria-describedby=\"caption-attachment-649\" class=\"wp-image-649 size-thumbnail\" src=\"http:\/\/bursa3radom.pl\/wp-content\/uploads\/2014\/07\/P1050736-150x150.jpg\" alt=\"Walentynki i karnawa\u0142\" width=\"150\" height=\"150\" \/><\/a><p id=\"caption-attachment-649\" class=\"wp-caption-text\">Walentynki i karnawa\u0142<\/p><\/div>\n<div id=\"attachment_665\" style=\"width: 160px\" class=\"wp-caption alignleft\"><a href=\"http:\/\/bursa3radom.pl\/?page_id=664\"><img loading=\"lazy\" decoding=\"async\" aria-describedby=\"caption-attachment-665\" class=\"wp-image-665 size-thumbnail\" src=\"http:\/\/bursa3radom.pl\/wp-content\/uploads\/2014\/07\/P1040912-150x150.jpg\" alt=\"Zdj\u0119cia grup\" width=\"150\" height=\"150\" \/><\/a><p id=\"caption-attachment-665\" class=\"wp-caption-text\">Zdj\u0119cia grup<\/p><\/div>\n<p>&nbsp;<\/p>\n<p>&nbsp;<\/p>\n<p>&nbsp;<\/p>\n<p>&nbsp;<\/p>\n<p>&nbsp;<\/p>\n<p>&nbsp;<\/p>\n<p>&nbsp;<\/p>\n<div id=\"attachment_675\" style=\"width: 160px\" class=\"wp-caption alignleft\"><a href=\"http:\/\/bursa3radom.pl\/?page_id=672\"><img loading=\"lazy\" decoding=\"async\" aria-describedby=\"caption-attachment-675\" class=\"wp-image-675 size-thumbnail\" src=\"http:\/\/bursa3radom.pl\/wp-content\/uploads\/2014\/07\/P1050910-150x150.jpg\" alt=\"Dzie\u0144 Kobiet\" width=\"150\" height=\"150\" \/><\/a><p id=\"caption-attachment-675\" class=\"wp-caption-text\">Dzie\u0144 Kobiet<\/p><\/div>\n<div id=\"attachment_702\" style=\"width: 160px\" class=\"wp-caption alignleft\"><a href=\"http:\/\/bursa3radom.pl\/?page_id=694\"><img loading=\"lazy\" decoding=\"async\" aria-describedby=\"caption-attachment-702\" class=\"wp-image-702 size-thumbnail\" src=\"http:\/\/bursa3radom.pl\/wp-content\/uploads\/2014\/07\/P1060129-150x150.jpg\" alt=\"Wielkanoc\" width=\"150\" height=\"150\" \/><\/a><p id=\"caption-attachment-702\" class=\"wp-caption-text\">Wielkanoc<\/p><\/div>\n<div id=\"attachment_683\" style=\"width: 160px\" class=\"wp-caption alignleft\"><a href=\"http:\/\/bursa3radom.pl\/?page_id=682\"><img loading=\"lazy\" decoding=\"async\" aria-describedby=\"caption-attachment-683\" class=\"wp-image-683 size-thumbnail\" src=\"http:\/\/bursa3radom.pl\/wp-content\/uploads\/2014\/07\/P1050964-150x150.jpg\" alt=\"Po\u017cegnanie absolwent\u00f3w\" width=\"150\" height=\"150\" \/><\/a><p id=\"caption-attachment-683\" class=\"wp-caption-text\">Po\u017cegnanie absolwent\u00f3w<\/p><\/div>\n<p>&nbsp;<\/p>\n<p>&nbsp;<\/p>\n<p>&nbsp;<\/p>\n<p>&nbsp;<\/p>\n<p>&nbsp;<\/p>\n<p>&nbsp;<\/p>\n<p>&nbsp;<\/p>\n<p>&nbsp;<\/p>\n<p>&nbsp;<\/p>\n<p>&nbsp;<\/p>\n","protected":false},"excerpt":{"rendered":"<p>&nbsp; &nbsp; &nbsp; &nbsp; &nbsp; &nbsp; &nbsp; &nbsp; &nbsp; &nbsp; &nbsp; &nbsp; &nbsp; &nbsp; &nbsp; &nbsp; &nbsp; &nbsp; &nbsp; &nbsp; &nbsp; &nbsp; &nbsp; &nbsp; &nbsp; &nbsp; &nbsp; &nbsp; &nbsp; &nbsp; &nbsp; &nbsp; &nbsp; &nbsp; &nbsp; &nbsp; &nbsp; &nbsp; &nbsp; &nbsp;<\/p>\n","protected":false},"author":1,"featured_media":0,"parent":0,"menu_order":3,"comment_status":"open","ping_status":"closed","template":"","meta":{"footnotes":""},"class_list":["post-11","page","type-page","status-publish","hentry"],"_links":{"self":[{"href":"https:\/\/bursa3radom.pl\/index.php?rest_route=\/wp\/v2\/pages\/11","targetHints":{"allow":["GET"]}}],"collection":[{"href":"https:\/\/bursa3radom.pl\/index.php?rest_route=\/wp\/v2\/pages"}],"about":[{"href":"https:\/\/bursa3radom.pl\/index.php?rest_route=\/wp\/v2\/types\/page"}],"author":[{"embeddable":true,"href":"https:\/\/bursa3radom.pl\/index.php?rest_route=\/wp\/v2\/users\/1"}],"replies":[{"embeddable":true,"href":"https:\/\/bursa3radom.pl\/index.php?rest_route=%2Fwp%2Fv2%2Fcomments&post=11"}],"version-history":[{"count":39,"href":"https:\/\/bursa3radom.pl\/index.php?rest_route=\/wp\/v2\/pages\/11\/revisions"}],"predecessor-version":[{"id":770,"href":"https:\/\/bursa3radom.pl\/index.php?rest_route=\/wp\/v2\/pages\/11\/revisions\/770"}],"wp:attachment":[{"href":"https:\/\/bursa3radom.pl\/index.php?rest_route=%2Fwp%2Fv2%2Fmedia&parent=11"}],"curies":[{"name":"wp","href":"https:\/\/api.w.org\/{rel}","templated":true}]}}